{"id":715028,"date":"2025-08-27T17:25:20","date_gmt":"2025-08-27T14:25:20","guid":{"rendered":"https:\/\/roveyayinevi.com.tr\/index.php\/urun\/liman\/"},"modified":"2026-04-16T02:23:19","modified_gmt":"2026-04-15T23:23:19","slug":"liman","status":"publish","type":"product","link":"https:\/\/roveyayinevi.com.tr\/index.php\/urun\/liman\/","title":{"rendered":"Liman"},"content":{"rendered":"<p>Kavafis\u2019in \u00f6l\u00fcms\u00fcz \u015fiiri \u201cBarbarlar\u0131 Beklerken\u201d b\u00f6yle ba\u015flar ve o, gelmeyen barbarlar\u0131n gerilimi ku\u015fat\u0131r eseri. Heykel sanat\u00e7\u0131s\u0131, \u00e7evirmen, yay\u0131nc\u0131 ve T\u00fcrkiye\u2019deki sol siyasetin \u00f6nemli fig\u00fcrlerinden Tekta\u015f A\u011fao\u011flu, \u00f6lmeden \u00f6nce bitirdi\u011fi ve ilk kez okurla bulu\u015fan roman\u0131 Liman\u2019da o barbarlar\u0131n gelip b\u00fct\u00fcn atmosferi de\u011fi\u015ftirdi\u011fi bir antik \u00e7a\u011f \u015fehrini anlat\u0131yor. K\u00e2hinler, haberciler, k\u0131smet\u00e7iler, falc\u0131lar, deliler, aylaklar\u0131n sokaklarda kulaktan kula\u011fa yayd\u0131\u011f\u0131 s\u00f6ylentilerin ve f\u0131rt\u0131nalar\u0131n alt\u00fcst etti\u011fi \u015fehirde ya\u015fananlar bug\u00fcn\u00fcn birer izd\u00fc\u015f\u00fcm\u00fc oluyor. A\u011fao\u011flu, felsefi arka plan\u0131 ve bilin\u00e7ak\u0131\u015f\u0131yla \u00e7at\u0131\u015fan dinlere, k\u00f6leli\u011fe ve \u00e7ocukluk hat\u0131ralar\u0131n\u0131n puslu y\u00fczeyinden insan\u0131n \u00f6z\u00fcne u\u011fruyor. Zengin dili ve gerilimi d\u00fc\u015fmeyen temposuyla Liman, antik \u00e7a\u011f s\u00f6ylencelerinin \u00e7a\u011fda\u015f bir \u00f6rne\u011fi! <\/p>\n","protected":false},"excerpt":{"rendered":"<p>Kavafis\u2019in \u00f6l\u00fcms\u00fcz \u015fiiri \u201cBarbarlar\u0131 Beklerken\u201d b\u00f6yle ba\u015flar ve o, gelmeyen barbarlar\u0131n gerilimi ku\u015fat\u0131r eseri. Heykel sanat\u00e7\u0131s\u0131, \u00e7evirmen, yay\u0131nc\u0131 ve T\u00fcrkiye\u2019deki sol siyasetin \u00f6nemli fig\u00fcrlerinden Tekta\u015f A\u011fao\u011flu,<span class=\"excerpt-hellip\"> [\u2026]<\/span><\/p>\n","protected":false},"featured_media":0,"template":"","meta":{"_monsterinsights_skip_tracking":false,"_monsterinsights_sitenote_active":false,"_monsterinsights_sitenote_note":"","_monsterinsights_sitenote_category":0},"product_brand":[],"product_cat":[12291,12711],"product_tag":[],"class_list":{"0":"post-715028","1":"product","2":"type-product","3":"status-publish","5":"product_cat-edebiyat","6":"product_cat-roman-oyku","7":"pa_cilt-ciltsiz","8":"pa_tur-kitap","9":"pa_yayinevi-kirmizi-kedi-yayinevi","10":"pa_yazar-tektas-agaoglu","12":"first","13":"instock","14":"sale","15":"shipping-taxable","16":"purchasable","17":"product-type-simple"},"_links":{"self":[{"href":"https:\/\/roveyayinevi.com.tr\/index.php\/wp-json\/wp\/v2\/product\/715028","targetHints":{"allow":["GET"]}}],"collection":[{"href":"https:\/\/roveyayinevi.com.tr\/index.php\/wp-json\/wp\/v2\/product"}],"about":[{"href":"https:\/\/roveyayinevi.com.tr\/index.php\/wp-json\/wp\/v2\/types\/product"}],"wp:attachment":[{"href":"https:\/\/roveyayinevi.com.tr\/index.php\/wp-json\/wp\/v2\/media?parent=715028"}],"wp:term":[{"taxonomy":"product_brand","embeddable":true,"href":"https:\/\/roveyayinevi.com.tr\/index.php\/wp-json\/wp\/v2\/product_brand?post=715028"},{"taxonomy":"product_cat","embeddable":true,"href":"https:\/\/roveyayinevi.com.tr\/index.php\/wp-json\/wp\/v2\/product_cat?post=715028"},{"taxonomy":"product_tag","embeddable":true,"href":"https:\/\/roveyayinevi.com.tr\/index.php\/wp-json\/wp\/v2\/product_tag?post=715028"}],"curies":[{"name":"wp","href":"https:\/\/api.w.org\/{rel}","templated":true}]}}