{"id":715027,"date":"2025-08-27T17:25:19","date_gmt":"2025-08-27T14:25:19","guid":{"rendered":"https:\/\/roveyayinevi.com.tr\/index.php\/urun\/su-baslarini-devler-tutmus\/"},"modified":"2026-01-26T02:38:33","modified_gmt":"2026-01-25T23:38:33","slug":"su-baslarini-devler-tutmus","status":"publish","type":"product","link":"https:\/\/roveyayinevi.com.tr\/index.php\/urun\/su-baslarini-devler-tutmus\/","title":{"rendered":"Su Ba\u015flar\u0131n\u0131 Devler Tutmu\u015f"},"content":{"rendered":"<p>1977 y\u0131l\u0131nda yitirdi\u011fimiz Prof. Seha L. Meray T\u00fcrkiye\u2019nin yeti\u015ftirdi\u011fi en de\u011ferli hukuk\u00e7u ve akademisyenlerdendi. UNESCO T\u00fcrkiye Milli Komisyonu ve K\u0131z\u0131lay \u00fcyeli\u011fi, ODT\u00dc rekt\u00f6rl\u00fc\u011f\u00fc ve uzun y\u0131llar T\u00fcrk Dil Kurumu ba\u015fkanl\u0131\u011f\u0131 yapan, bilhassa devletler hukuku konusunda \u00f6nemli \u00e7al\u0131\u015fmalara imza atan bir isimdi. Kendisinin, \u201cLozan\u2019\u0131n ne oldu\u011funun ve \u00f6neminin\u201d do\u011fru \u015fekilde anla\u015f\u0131lmas\u0131 i\u00e7in yapt\u0131\u011f\u0131 sekiz ciltlik Lozan Tutanaklar\u0131 \u00e7evirisi, konuyla ilgili temel ba\u015fvuru kaynaklar\u0131ndand\u0131r. D\u00f6nemin Cumhuriyet ve Milliyet gazetelerinde yaz\u0131lar\u0131 da yay\u0131mlanan Seha L. Meray\u2019\u0131n Su Ba\u015flar\u0131n\u0131 Devler Tutmu\u015f kitab\u0131nda, T\u00fcrkiye\u2019nin kanayan yaras\u0131 haline gelmi\u015f problemlere y\u00f6nelik, derin bir i\u00e7g\u00f6r\u00fc ve \u00e7\u00f6z\u00fcmleme bulacaks\u0131n\u0131z. \u201cHayatta hoca ve ayd\u0131n diye tan\u0131d\u0131klar\u0131m\u0131n ba\u015f\u0131nda gelir ama bu m\u00fchim de\u011fil. 1965 y\u0131l\u0131 ile 77 aras\u0131nda, ne yaz\u0131k ki sadece 12 y\u0131l, bir insan portresini yak\u0131ndan g\u00f6rd\u00fcm. Bir b\u00fcy\u00fck adam portresini yak\u0131ndan g\u00f6rd\u00fcm.\u201d <\/p>\n","protected":false},"excerpt":{"rendered":"<p>1977 y\u0131l\u0131nda yitirdi\u011fimiz Prof. Seha L. Meray T\u00fcrkiye\u2019nin yeti\u015ftirdi\u011fi en de\u011ferli hukuk\u00e7u ve akademisyenlerdendi. UNESCO T\u00fcrkiye Milli Komisyonu ve K\u0131z\u0131lay \u00fcyeli\u011fi, ODT\u00dc rekt\u00f6rl\u00fc\u011f\u00fc ve uzun y\u0131llar<span class=\"excerpt-hellip\"> [\u2026]<\/span><\/p>\n","protected":false},"featured_media":0,"template":"","meta":{"_monsterinsights_skip_tracking":false,"_monsterinsights_sitenote_active":false,"_monsterinsights_sitenote_note":"","_monsterinsights_sitenote_category":0},"product_brand":[],"product_cat":[12337],"product_tag":[],"class_list":{"0":"post-715027","1":"product","2":"type-product","3":"status-publish","5":"product_cat-politika-siyaset","6":"pa_cilt-ciltsiz","7":"pa_tur-kitap","8":"pa_yayinevi-kirmizi-kedi-yayinevi","9":"pa_yazar-seha-l-meray","11":"first","12":"instock","13":"sale","14":"shipping-taxable","15":"purchasable","16":"product-type-simple"},"_links":{"self":[{"href":"https:\/\/roveyayinevi.com.tr\/index.php\/wp-json\/wp\/v2\/product\/715027","targetHints":{"allow":["GET"]}}],"collection":[{"href":"https:\/\/roveyayinevi.com.tr\/index.php\/wp-json\/wp\/v2\/product"}],"about":[{"href":"https:\/\/roveyayinevi.com.tr\/index.php\/wp-json\/wp\/v2\/types\/product"}],"wp:attachment":[{"href":"https:\/\/roveyayinevi.com.tr\/index.php\/wp-json\/wp\/v2\/media?parent=715027"}],"wp:term":[{"taxonomy":"product_brand","embeddable":true,"href":"https:\/\/roveyayinevi.com.tr\/index.php\/wp-json\/wp\/v2\/product_brand?post=715027"},{"taxonomy":"product_cat","embeddable":true,"href":"https:\/\/roveyayinevi.com.tr\/index.php\/wp-json\/wp\/v2\/product_cat?post=715027"},{"taxonomy":"product_tag","embeddable":true,"href":"https:\/\/roveyayinevi.com.tr\/index.php\/wp-json\/wp\/v2\/product_tag?post=715027"}],"curies":[{"name":"wp","href":"https:\/\/api.w.org\/{rel}","templated":true}]}}