{"id":715026,"date":"2025-08-27T17:25:19","date_gmt":"2025-08-27T14:25:19","guid":{"rendered":"https:\/\/roveyayinevi.com.tr\/index.php\/urun\/nasil-yasiyoruz-ve-nasil-yasayabiliriz\/"},"modified":"2026-04-16T02:23:19","modified_gmt":"2026-04-15T23:23:19","slug":"nasil-yasiyoruz-ve-nasil-yasayabiliriz","status":"publish","type":"product","link":"https:\/\/roveyayinevi.com.tr\/index.php\/urun\/nasil-yasiyoruz-ve-nasil-yasayabiliriz\/","title":{"rendered":"Nas\u0131l Ya\u015f\u0131yoruz ve Nas\u0131l Ya\u015fayabiliriz"},"content":{"rendered":"<p>Herkes i\u00e7in \u00f6zg\u00fcr, adil, e\u015fitlik\u00e7i bir d\u00fcnya m\u00fcmk\u00fcn! Delidolu&#8217;nun &#8220;Ne Yapmal\u0131?&#8221; adl\u0131 kurmaca d\u0131\u015f\u0131 kitaplar dizisinin yeni kitab\u0131Nas\u0131l Ya\u015f\u0131yoruz ve Nas\u0131l Ya\u015fayabiliriz?, g\u00f6rsel sanatlar ve tasar\u0131m tarihinin en etkili isimlerinden biri olan William Morris\u2019in daha iyi bir d\u00fcnya hayalini okurlarla bulu\u015fturan antikapitalist bir manifesto.Asl\u0131nda bir konu\u015fma metni olan ve ilk kez 1887 y\u0131l\u0131nda yaz\u0131ya d\u00f6k\u00fclen Nas\u0131l Ya\u015f\u0131yoruz ve Nas\u0131l Ya\u015fayabiliriz?, sanat, toplum, ekonomi \u00fczerine analizler ve g\u00fcndelik ya\u015famdan \u00f6rneklerle kapsaml\u0131 bir kapitalizm ele\u015ftirisi sunuyor.Uluslararas\u0131 \u00e7al\u0131\u015fmalar\u0131yla ad\u0131ndan \u00f6vg\u00fcyle bahsettiren ill\u00fcstrat\u00f6r ve akademisyen Korkut \u00d6ztekin\u2019in farkl\u0131 teknikleri bir araya getirerek resimledi\u011fi Nas\u0131l Ya\u015f\u0131yoruz ve Nas\u0131l Ya\u015fayabiliriz?, g\u00fcn\u00fcm\u00fcz\u00fcn t\u00fcketim ve rekabet odakl\u0131 kapitalist d\u00fczenini alt etmenin tek yolu olarak s\u0131n\u0131f devrimine i\u015faret ediyor.\u00c7al\u0131\u015fma hayat\u0131n\u0131z\u0131 bo\u015f zaman\u0131n\u0131zdan ayr\u0131 d\u00fc\u015f\u00fcnebilir misiniz? Ya \u00fcretim bi\u00e7iminizi? Neleri kim i\u00e7in \u00fcretti\u011finizi, \u00fcrettiklerinizin ve eme\u011finizin ne kadar\u0131na sahip olabildi\u011finizi? G\u00fczel oldu\u011funu varsayd\u0131\u011f\u0131n\u0131z bir \u00e7evrede, do\u011fayla tehlikeli bir egemenlik ili\u015fkisi kurmadan, teknoloji ve makinelerin esiri olmadan, e\u015fit, adil, sava\u015fs\u0131z ve \u00f6zg\u00fcr bir toplumda ya\u015famak; yaln\u0131zca t\u00fcketerek veya ba\u015fkalar\u0131 i\u00e7in \u00fcreterek de\u011fil, istedi\u011finiz \u015feyleri keyifle, kendiniz i\u00e7in \u00fcreterek, insanca bir \u00f6m\u00fcr s\u00fcrmek m\u00fcmk\u00fcn m\u00fc? William Morris\u2019in bu sorulara bir yan\u0131t\u0131 ve herkese bir daveti var: s\u0131n\u0131f m\u00fccadelesi.Nas\u0131l Ya\u015f\u0131yoruz ve Nas\u0131l Ya\u015fayabiliriz?, i\u00e7inde ya\u015fad\u0131\u011f\u0131 topluma kar\u015f\u0131 sorumluluk hisseden herkes i\u00e7in zihin a\u00e7\u0131c\u0131, cesur bir k\u0131lavuz.<\/p>\n","protected":false},"excerpt":{"rendered":"<p>Herkes i\u00e7in \u00f6zg\u00fcr, adil, e\u015fitlik\u00e7i bir d\u00fcnya m\u00fcmk\u00fcn! Delidolu&#8217;nun &#8220;Ne Yapmal\u0131?&#8221; adl\u0131 kurmaca d\u0131\u015f\u0131 kitaplar dizisinin yeni kitab\u0131Nas\u0131l Ya\u015f\u0131yoruz ve Nas\u0131l Ya\u015fayabiliriz?, g\u00f6rsel sanatlar ve tasar\u0131m<span class=\"excerpt-hellip\"> [\u2026]<\/span><\/p>\n","protected":false},"featured_media":0,"template":"","meta":{"_monsterinsights_skip_tracking":false,"_monsterinsights_sitenote_active":false,"_monsterinsights_sitenote_note":"","_monsterinsights_sitenote_category":0},"product_brand":[],"product_cat":[12338,12337],"product_tag":[],"class_list":{"0":"post-715026","1":"product","2":"type-product","3":"status-publish","5":"product_cat-dunya-siyaseti-ve-politikasi","6":"product_cat-politika-siyaset","7":"pa_cilt-ciltsiz","8":"pa_tur-kitap","9":"pa_yayinevi-delidolu","10":"pa_yazar-william-morris","12":"first","13":"instock","14":"sale","15":"shipping-taxable","16":"purchasable","17":"product-type-simple"},"_links":{"self":[{"href":"https:\/\/roveyayinevi.com.tr\/index.php\/wp-json\/wp\/v2\/product\/715026","targetHints":{"allow":["GET"]}}],"collection":[{"href":"https:\/\/roveyayinevi.com.tr\/index.php\/wp-json\/wp\/v2\/product"}],"about":[{"href":"https:\/\/roveyayinevi.com.tr\/index.php\/wp-json\/wp\/v2\/types\/product"}],"wp:attachment":[{"href":"https:\/\/roveyayinevi.com.tr\/index.php\/wp-json\/wp\/v2\/media?parent=715026"}],"wp:term":[{"taxonomy":"product_brand","embeddable":true,"href":"https:\/\/roveyayinevi.com.tr\/index.php\/wp-json\/wp\/v2\/product_brand?post=715026"},{"taxonomy":"product_cat","embeddable":true,"href":"https:\/\/roveyayinevi.com.tr\/index.php\/wp-json\/wp\/v2\/product_cat?post=715026"},{"taxonomy":"product_tag","embeddable":true,"href":"https:\/\/roveyayinevi.com.tr\/index.php\/wp-json\/wp\/v2\/product_tag?post=715026"}],"curies":[{"name":"wp","href":"https:\/\/api.w.org\/{rel}","templated":true}]}}