{"id":715023,"date":"2025-08-27T17:25:17","date_gmt":"2025-08-27T14:25:17","guid":{"rendered":"https:\/\/roveyayinevi.com.tr\/index.php\/urun\/e-hizmet-ticaretinde-kdv-sorunlari-ve-cozum-onerileri\/"},"modified":"2026-04-16T02:23:19","modified_gmt":"2026-04-15T23:23:19","slug":"e-hizmet-ticaretinde-kdv-sorunlari-ve-cozum-onerileri","status":"publish","type":"product","link":"https:\/\/roveyayinevi.com.tr\/index.php\/urun\/e-hizmet-ticaretinde-kdv-sorunlari-ve-cozum-onerileri\/","title":{"rendered":"E-Hizmet Ticaretinde KDV Sorunlar\u0131 ve \u00c7\u00f6z\u00fcm \u00d6nerileri"},"content":{"rendered":"<p>\u0130\u00e7indekiler   1- Elektronik Ticaret ve Vergilendirme 2-E-Ticaret \u0130\u015flemlerinde KDV Uygulamas\u0131 3-E-Hizmet Ticaretine Y\u00f6nelik KDV Uygulamas\u0131nda Sorunlar ve \u00c7\u00f6z\u00fcm \u00d6nerileri <\/p>\n","protected":false},"excerpt":{"rendered":"<p>\u0130\u00e7indekiler 1- Elektronik Ticaret ve Vergilendirme 2-E-Ticaret \u0130\u015flemlerinde KDV Uygulamas\u0131 3-E-Hizmet Ticaretine Y\u00f6nelik KDV Uygulamas\u0131nda Sorunlar ve \u00c7\u00f6z\u00fcm \u00d6nerileri<\/p>\n","protected":false},"featured_media":0,"template":"","meta":{"_monsterinsights_skip_tracking":false,"_monsterinsights_sitenote_active":false,"_monsterinsights_sitenote_note":"","_monsterinsights_sitenote_category":0},"product_brand":[],"product_cat":[17969,13043],"product_tag":[],"class_list":{"0":"post-715023","1":"product","2":"type-product","3":"status-publish","5":"product_cat-e-ticaret","6":"product_cat-ekonomi","7":"pa_cilt-ciltsiz","8":"pa_tur-kitap","9":"pa_yayinevi-gazi-kitabevi","10":"pa_yazar-birol-ubay","12":"first","13":"instock","14":"sale","15":"shipping-taxable","16":"purchasable","17":"product-type-simple"},"_links":{"self":[{"href":"https:\/\/roveyayinevi.com.tr\/index.php\/wp-json\/wp\/v2\/product\/715023","targetHints":{"allow":["GET"]}}],"collection":[{"href":"https:\/\/roveyayinevi.com.tr\/index.php\/wp-json\/wp\/v2\/product"}],"about":[{"href":"https:\/\/roveyayinevi.com.tr\/index.php\/wp-json\/wp\/v2\/types\/product"}],"wp:attachment":[{"href":"https:\/\/roveyayinevi.com.tr\/index.php\/wp-json\/wp\/v2\/media?parent=715023"}],"wp:term":[{"taxonomy":"product_brand","embeddable":true,"href":"https:\/\/roveyayinevi.com.tr\/index.php\/wp-json\/wp\/v2\/product_brand?post=715023"},{"taxonomy":"product_cat","embeddable":true,"href":"https:\/\/roveyayinevi.com.tr\/index.php\/wp-json\/wp\/v2\/product_cat?post=715023"},{"taxonomy":"product_tag","embeddable":true,"href":"https:\/\/roveyayinevi.com.tr\/index.php\/wp-json\/wp\/v2\/product_tag?post=715023"}],"curies":[{"name":"wp","href":"https:\/\/api.w.org\/{rel}","templated":true}]}}