{"id":715022,"date":"2025-08-27T17:25:16","date_gmt":"2025-08-27T14:25:16","guid":{"rendered":"https:\/\/roveyayinevi.com.tr\/index.php\/urun\/levent-ilk-okuma-kitaplarim-10-kitap-set\/"},"modified":"2026-04-16T02:23:19","modified_gmt":"2026-04-15T23:23:19","slug":"levent-ilk-okuma-kitaplarim-10-kitap-set","status":"publish","type":"product","link":"https:\/\/roveyayinevi.com.tr\/index.php\/urun\/levent-ilk-okuma-kitaplarim-10-kitap-set\/","title":{"rendered":"Levent &#8211; \u0130lk Okuma Kitaplar\u0131m &#8211; 10 Kitap Set"},"content":{"rendered":"<p>Mustafa Orak\u00e7\u0131&#8217;n\u0131n usta kaleminden e\u011flenceli hik\u00e2yeler; Derya I\u015f\u0131k \u00d6zbay&#8217;\u0131n s\u0131cac\u0131k \u00e7izimleriyle okumay\u0131 yeni \u00f6\u011frenen \u00e7ocuklarla bulu\u015fuyor. Her biri 16 sayfa, renkli, 10 kitaptan olu\u015fan bu set \u00e7ocuklara kitap okumay\u0131 sevdirecek&#8230;\u0130lk Okuma Kitaplar\u0131m &#8211; LeventOkul\u00f6ncesi ve 1. s\u0131n\u0131flara,Birlikte okumalar yaparak,E\u011flenceli \u00f6yk\u00fclerle,\u00d6zenle se\u00e7ilmi\u015f c\u00fcmle yap\u0131lar\u0131yla,S\u00fcr\u00fckleyici bir kurguyla,Sade ve ak\u0131c\u0131 anlat\u0131m\u0131,S\u0131cac\u0131k resimleriyle \u00e7ocuklara okuma al\u0131\u015fkanl\u0131\u011f\u0131 kazand\u0131racak&#8230;<\/p>\n","protected":false},"excerpt":{"rendered":"<p>Mustafa Orak\u00e7\u0131&#8217;n\u0131n usta kaleminden e\u011flenceli hik\u00e2yeler; Derya I\u015f\u0131k \u00d6zbay&#8217;\u0131n s\u0131cac\u0131k \u00e7izimleriyle okumay\u0131 yeni \u00f6\u011frenen \u00e7ocuklarla bulu\u015fuyor. Her biri 16 sayfa, renkli, 10 kitaptan olu\u015fan bu set<span class=\"excerpt-hellip\"> [\u2026]<\/span><\/p>\n","protected":false},"featured_media":0,"template":"","meta":{"_monsterinsights_skip_tracking":false,"_monsterinsights_sitenote_active":false,"_monsterinsights_sitenote_note":"","_monsterinsights_sitenote_category":0},"product_brand":[],"product_cat":[12275,12274],"product_tag":[],"class_list":{"0":"post-715022","1":"product","2":"type-product","3":"status-publish","5":"product_cat-6-12-yas-kitaplari","6":"product_cat-cocuk-ve-genclik-kitaplari","7":"pa_cilt-set","8":"pa_tur-kitap","9":"pa_yayinevi-timas-cocuk","10":"pa_yazar-mustafa-orakci","12":"first","13":"instock","14":"sale","15":"shipping-taxable","16":"purchasable","17":"product-type-simple"},"_links":{"self":[{"href":"https:\/\/roveyayinevi.com.tr\/index.php\/wp-json\/wp\/v2\/product\/715022","targetHints":{"allow":["GET"]}}],"collection":[{"href":"https:\/\/roveyayinevi.com.tr\/index.php\/wp-json\/wp\/v2\/product"}],"about":[{"href":"https:\/\/roveyayinevi.com.tr\/index.php\/wp-json\/wp\/v2\/types\/product"}],"wp:attachment":[{"href":"https:\/\/roveyayinevi.com.tr\/index.php\/wp-json\/wp\/v2\/media?parent=715022"}],"wp:term":[{"taxonomy":"product_brand","embeddable":true,"href":"https:\/\/roveyayinevi.com.tr\/index.php\/wp-json\/wp\/v2\/product_brand?post=715022"},{"taxonomy":"product_cat","embeddable":true,"href":"https:\/\/roveyayinevi.com.tr\/index.php\/wp-json\/wp\/v2\/product_cat?post=715022"},{"taxonomy":"product_tag","embeddable":true,"href":"https:\/\/roveyayinevi.com.tr\/index.php\/wp-json\/wp\/v2\/product_tag?post=715022"}],"curies":[{"name":"wp","href":"https:\/\/api.w.org\/{rel}","templated":true}]}}