{"id":715021,"date":"2025-08-27T17:25:16","date_gmt":"2025-08-27T14:25:16","guid":{"rendered":"https:\/\/roveyayinevi.com.tr\/index.php\/urun\/donusum-20\/"},"modified":"2026-04-12T02:28:36","modified_gmt":"2026-04-11T23:28:36","slug":"donusum-20","status":"publish","type":"product","link":"https:\/\/roveyayinevi.com.tr\/index.php\/urun\/donusum-20\/","title":{"rendered":"D\u00f6n\u00fc\u015f\u00fcm"},"content":{"rendered":"<p>Kendimden ba\u015fka hi\u00e7bir eksi\u011fim yok,\u201d diyerek asl\u0131nda b\u00fct\u00fcn hayat\u0131n\u0131 \u00f6zetliyordu Franz Kafka. Yirminci y\u00fczy\u0131l d\u00fcnya edebiyat\u0131n\u0131n en \u00f6nemli yazarlar\u0131ndan biridir. T\u00fcm ya\u015fam\u0131 boyunca kendini hem toplumdan,  hem i\u015f ya\u015fam\u0131ndan, en \u00f6nemlisi de ailesinden eksik hissetmi\u015ftir hep. Onun eserlerini derinlemesine anlayabilmek i\u00e7in, k\u0131saca hayat\u0131na g\u00f6z at\u0131p onun ya\u015fam\u0131 hakk\u0131nda bilgi sahibi olmak gerekir. Bu durum onu okurken daha iyi anlamaya ve yazd\u0131klar\u0131n\u0131 iliklerinize kadar hissetmenize yard\u0131mc\u0131 olacakt\u0131r. D\u00f6n\u00fc\u015f\u00fcm, Franz Kafka\u2019n\u0131n en \u00f6nemli ve en \u00e7ok okunan eserlerinden biridir.Bir sabah uyand\u0131\u011f\u0131nda bir gariplik hisseder Gregor Samsa. \u0130\u00e7ini s\u0131kan bir \u015feyler vard\u0131r. Yataktan kalkmak ister, ba\u015faramaz. Sa\u011f\u0131na d\u00f6nmek ister, d\u00f6nemez. Zira Samsa, bir b\u00f6ce\u011fe d\u00f6n\u00fc\u015fm\u00fc\u015ft\u00fcr! Pazarlamac\u0131 olan Gregor, babas\u0131n\u0131n iflas etmesiyle ailenin b\u00fct\u00fcn y\u00fck\u00fcn\u00fc \u00fczerine alm\u0131\u015ft\u0131r. Onun iyi niyeti kar\u015f\u0131s\u0131nda bir s\u0131navd\u0131r belki de ya\u015fad\u0131klar\u0131\u2026  Ailesinin bu \u201cb\u00f6ce\u011fe\u201d kar\u015f\u0131 tutumu, biraz da Kafka\u2019n\u0131n i\u00e7 d\u00fcnyas\u0131nda ya\u015fad\u0131klar\u0131n\u0131n kaleme al\u0131nm\u0131\u015f.<\/p>\n","protected":false},"excerpt":{"rendered":"<p>Kendimden ba\u015fka hi\u00e7bir eksi\u011fim yok,\u201d diyerek asl\u0131nda b\u00fct\u00fcn hayat\u0131n\u0131 \u00f6zetliyordu Franz Kafka. Yirminci y\u00fczy\u0131l d\u00fcnya edebiyat\u0131n\u0131n en \u00f6nemli yazarlar\u0131ndan biridir. T\u00fcm ya\u015fam\u0131 boyunca kendini hem toplumdan,<span class=\"excerpt-hellip\"> [\u2026]<\/span><\/p>\n","protected":false},"featured_media":0,"template":"","meta":{"_monsterinsights_skip_tracking":false,"_monsterinsights_sitenote_active":false,"_monsterinsights_sitenote_note":"","_monsterinsights_sitenote_category":0},"product_brand":[],"product_cat":[12291,12711],"product_tag":[],"class_list":{"0":"post-715021","1":"product","2":"type-product","3":"status-publish","5":"product_cat-edebiyat","6":"product_cat-roman-oyku","7":"pa_cilt-ciltsiz","8":"pa_tur-kitap","9":"pa_yayinevi-dokuz-yayinlari","10":"pa_yazar-franz-kafka","12":"first","13":"instock","14":"sale","15":"shipping-taxable","16":"purchasable","17":"product-type-simple"},"_links":{"self":[{"href":"https:\/\/roveyayinevi.com.tr\/index.php\/wp-json\/wp\/v2\/product\/715021","targetHints":{"allow":["GET"]}}],"collection":[{"href":"https:\/\/roveyayinevi.com.tr\/index.php\/wp-json\/wp\/v2\/product"}],"about":[{"href":"https:\/\/roveyayinevi.com.tr\/index.php\/wp-json\/wp\/v2\/types\/product"}],"wp:attachment":[{"href":"https:\/\/roveyayinevi.com.tr\/index.php\/wp-json\/wp\/v2\/media?parent=715021"}],"wp:term":[{"taxonomy":"product_brand","embeddable":true,"href":"https:\/\/roveyayinevi.com.tr\/index.php\/wp-json\/wp\/v2\/product_brand?post=715021"},{"taxonomy":"product_cat","embeddable":true,"href":"https:\/\/roveyayinevi.com.tr\/index.php\/wp-json\/wp\/v2\/product_cat?post=715021"},{"taxonomy":"product_tag","embeddable":true,"href":"https:\/\/roveyayinevi.com.tr\/index.php\/wp-json\/wp\/v2\/product_tag?post=715021"}],"curies":[{"name":"wp","href":"https:\/\/api.w.org\/{rel}","templated":true}]}}