{"id":715020,"date":"2025-08-27T17:25:15","date_gmt":"2025-08-27T14:25:15","guid":{"rendered":"https:\/\/roveyayinevi.com.tr\/index.php\/urun\/dava-9\/"},"modified":"2026-04-07T02:30:37","modified_gmt":"2026-04-06T23:30:37","slug":"dava-9","status":"publish","type":"product","link":"https:\/\/roveyayinevi.com.tr\/index.php\/urun\/dava-9\/","title":{"rendered":"Dava"},"content":{"rendered":"<p>\u201cAncak otuz y\u0131ld\u0131r bu d\u00fcnyada benim gibi tek ba\u015f\u0131na m\u00fccadele ediyorsan\u0131z e\u011fer zorluklara al\u0131\u015f\u0131yorsunuz, \u00e7ok \u015fa\u015f\u0131rm\u0131yorsunuz k\u00f6t\u00fc s\u00fcrprizlere.\u201d    Dava, Franz Kafka\u2019n\u0131n en \u00f6nemli ve en \u00e7ok okunan eserlerinden biridir. O g\u00fcnk\u00fc yarg\u0131 anlay\u0131\u015f\u0131na ele\u015ftirel bir bak\u0131\u015f a\u00e7\u0131s\u0131yla yaz\u0131lm\u0131\u015f bu kitap, onun hayat\u0131n\u0131 okuyan biri i\u00e7in sadece bundan ibaret de\u011fildir. Dava\u2019n\u0131n b\u00fct\u00fcn yarg\u0131 g\u00f6revlilerine bakt\u0131\u011f\u0131n\u0131zda, kar\u015f\u0131n\u0131zda despot babas\u0131ndan izler bulman\u0131z hi\u00e7 de \u015fa\u015f\u0131rt\u0131c\u0131 olmayacakt\u0131r. Bu kitapta okuyaca\u011f\u0131n\u0131z \u00f6yk\u00fc, su\u00e7suz oldu\u011funu bilen ve bu yarg\u0131lamay\u0131 kendi i\u00e7inde yap\u0131p bir sonuca eri\u015ftirmeye \u00e7al\u0131\u015fan bir insan\u0131n \u00f6yk\u00fcs\u00fcd\u00fcr.   \u201cKendimden ba\u015fka hi\u00e7bir eksi\u011fim yok,\u201d diyerek asl\u0131nda b\u00fct\u00fcn hayat\u0131n\u0131 \u00f6zetliyordu Franz Kafka. Yirminci y\u00fczy\u0131l d\u00fcnya edebiyat\u0131n\u0131n en \u00f6nemli yazarlar\u0131ndan biridir. T\u00fcm ya\u015fam\u0131 boyunca kendini hem toplumdan, hem i\u015f ya\u015fam\u0131ndan, en \u00f6nemlisi de ailesinden eksik hissetmi\u015ftir hep.   Onun eserlerini derinlemesine anlayabilmek i\u00e7in, k\u0131saca hayat\u0131na g\u00f6z at\u0131p onun ya\u015fam\u0131 hakk\u0131nda bilgi sahibi olmak gerekir. Bu durum onu okurken daha iyi anlamaya ve yazd\u0131klar\u0131n\u0131 iliklerinize kadar hissetmenize yard\u0131mc\u0131 olacakt\u0131r.<\/p>\n","protected":false},"excerpt":{"rendered":"<p>\u201cAncak otuz y\u0131ld\u0131r bu d\u00fcnyada benim gibi tek ba\u015f\u0131na m\u00fccadele ediyorsan\u0131z e\u011fer zorluklara al\u0131\u015f\u0131yorsunuz, \u00e7ok \u015fa\u015f\u0131rm\u0131yorsunuz k\u00f6t\u00fc s\u00fcrprizlere.\u201d Dava, Franz Kafka\u2019n\u0131n en \u00f6nemli ve en \u00e7ok<span class=\"excerpt-hellip\"> [\u2026]<\/span><\/p>\n","protected":false},"featured_media":0,"template":"","meta":{"_monsterinsights_skip_tracking":false,"_monsterinsights_sitenote_active":false,"_monsterinsights_sitenote_note":"","_monsterinsights_sitenote_category":0},"product_brand":[],"product_cat":[12291,12711],"product_tag":[],"class_list":{"0":"post-715020","1":"product","2":"type-product","3":"status-publish","5":"product_cat-edebiyat","6":"product_cat-roman-oyku","7":"pa_cilt-ciltsiz","8":"pa_tur-kitap","9":"pa_yayinevi-dokuz-yayinlari","10":"pa_yazar-franz-kafka","12":"first","13":"instock","14":"sale","15":"shipping-taxable","16":"purchasable","17":"product-type-simple"},"_links":{"self":[{"href":"https:\/\/roveyayinevi.com.tr\/index.php\/wp-json\/wp\/v2\/product\/715020","targetHints":{"allow":["GET"]}}],"collection":[{"href":"https:\/\/roveyayinevi.com.tr\/index.php\/wp-json\/wp\/v2\/product"}],"about":[{"href":"https:\/\/roveyayinevi.com.tr\/index.php\/wp-json\/wp\/v2\/types\/product"}],"wp:attachment":[{"href":"https:\/\/roveyayinevi.com.tr\/index.php\/wp-json\/wp\/v2\/media?parent=715020"}],"wp:term":[{"taxonomy":"product_brand","embeddable":true,"href":"https:\/\/roveyayinevi.com.tr\/index.php\/wp-json\/wp\/v2\/product_brand?post=715020"},{"taxonomy":"product_cat","embeddable":true,"href":"https:\/\/roveyayinevi.com.tr\/index.php\/wp-json\/wp\/v2\/product_cat?post=715020"},{"taxonomy":"product_tag","embeddable":true,"href":"https:\/\/roveyayinevi.com.tr\/index.php\/wp-json\/wp\/v2\/product_tag?post=715020"}],"curies":[{"name":"wp","href":"https:\/\/api.w.org\/{rel}","templated":true}]}}