{"id":715019,"date":"2025-08-27T17:25:14","date_gmt":"2025-08-27T14:25:14","guid":{"rendered":"https:\/\/roveyayinevi.com.tr\/index.php\/urun\/pluk-ve-kirmizi-cekicisi\/"},"modified":"2026-04-16T02:23:19","modified_gmt":"2026-04-15T23:23:19","slug":"pluk-ve-kirmizi-cekicisi","status":"publish","type":"product","link":"https:\/\/roveyayinevi.com.tr\/index.php\/urun\/pluk-ve-kirmizi-cekicisi\/","title":{"rendered":"Pluk ve K\u0131rm\u0131z\u0131 \u00c7ekicisi"},"content":{"rendered":"<p>Pluk\u2019un k\u0131rm\u0131z\u0131 bir \u00e7ekicisi vard\u0131r. Onunla kentin her k\u00f6\u015fesini dola\u015f\u0131p kendine kalacak bir yer arar. Sonra, g\u00fcvercin Dollie\u2019nin yard\u0131m\u0131yla Kuleli Bina\u2019ya yerle\u015fir, burada Bay Pen\u2019le ve hamamb\u00f6ce\u011fi Zaza\u2019yla tan\u0131\u015f\u0131r.   Pluk bir s\u00fcr\u00fc yeni arkada\u015f edinir ve onlar\u0131n her t\u00fcrl\u00fc sorununu \u00e7\u00f6zer. Fakat \u015fimdi \u00e7ok daha b\u00fcy\u00fck bir sorun vard\u0131r. Eskiden b\u00fcy\u00fck, yemye\u015fil bir yer olan \u00dcveyik Bah\u00e7esi\u2019ndeki g\u00fczel a\u011fa\u00e7lar ve burada ya\u015fayan hayvanlar tehlikededir. Bakal\u0131m Pluk ve arkada\u015flar\u0131 \u00dcveyik Bah\u00e7esi\u2019ni kurtarmay\u0131 ba\u015farabilecekler midir? <\/p>\n","protected":false},"excerpt":{"rendered":"<p>Pluk\u2019un k\u0131rm\u0131z\u0131 bir \u00e7ekicisi vard\u0131r. Onunla kentin her k\u00f6\u015fesini dola\u015f\u0131p kendine kalacak bir yer arar. Sonra, g\u00fcvercin Dollie\u2019nin yard\u0131m\u0131yla Kuleli Bina\u2019ya yerle\u015fir, burada Bay Pen\u2019le ve<span class=\"excerpt-hellip\"> [\u2026]<\/span><\/p>\n","protected":false},"featured_media":0,"template":"","meta":{"_monsterinsights_skip_tracking":false,"_monsterinsights_sitenote_active":false,"_monsterinsights_sitenote_note":"","_monsterinsights_sitenote_category":0},"product_brand":[],"product_cat":[12275,12274],"product_tag":[],"class_list":{"0":"post-715019","1":"product","2":"type-product","3":"status-publish","5":"product_cat-6-12-yas-kitaplari","6":"product_cat-cocuk-ve-genclik-kitaplari","7":"pa_cilt-ciltsiz","8":"pa_tur-kitap","9":"pa_yayinevi-can-cocuk-yayinlari","10":"pa_yazar-annie-m-g-schmidt-fiep-wenstendorp","12":"first","13":"instock","14":"sale","15":"shipping-taxable","16":"purchasable","17":"product-type-simple"},"_links":{"self":[{"href":"https:\/\/roveyayinevi.com.tr\/index.php\/wp-json\/wp\/v2\/product\/715019","targetHints":{"allow":["GET"]}}],"collection":[{"href":"https:\/\/roveyayinevi.com.tr\/index.php\/wp-json\/wp\/v2\/product"}],"about":[{"href":"https:\/\/roveyayinevi.com.tr\/index.php\/wp-json\/wp\/v2\/types\/product"}],"wp:attachment":[{"href":"https:\/\/roveyayinevi.com.tr\/index.php\/wp-json\/wp\/v2\/media?parent=715019"}],"wp:term":[{"taxonomy":"product_brand","embeddable":true,"href":"https:\/\/roveyayinevi.com.tr\/index.php\/wp-json\/wp\/v2\/product_brand?post=715019"},{"taxonomy":"product_cat","embeddable":true,"href":"https:\/\/roveyayinevi.com.tr\/index.php\/wp-json\/wp\/v2\/product_cat?post=715019"},{"taxonomy":"product_tag","embeddable":true,"href":"https:\/\/roveyayinevi.com.tr\/index.php\/wp-json\/wp\/v2\/product_tag?post=715019"}],"curies":[{"name":"wp","href":"https:\/\/api.w.org\/{rel}","templated":true}]}}