{"id":715017,"date":"2025-08-27T17:25:13","date_gmt":"2025-08-27T14:25:13","guid":{"rendered":"https:\/\/roveyayinevi.com.tr\/index.php\/urun\/gozyaslarimiz\/"},"modified":"2026-04-16T02:23:19","modified_gmt":"2026-04-15T23:23:19","slug":"gozyaslarimiz","status":"publish","type":"product","link":"https:\/\/roveyayinevi.com.tr\/index.php\/urun\/gozyaslarimiz\/","title":{"rendered":"G\u00f6zya\u015flar\u0131m\u0131z"},"content":{"rendered":"<p>\u201cZaman herkese g\u00f6re farkl\u0131 ge\u00e7er. Kimilerine g\u00fcnler hi\u00e7 ge\u00e7mez hele ki kavu\u015fmak istedi\u011fin biri varsa ya da olmas\u0131n\u0131 bekledi\u011fin bir olay\u2026 O zaman sanki yerinde \u00e7ak\u0131l\u0131 kal\u0131r. Benim i\u00e7in de \u00f6yleydi. Kavu\u015fmak istedi\u011fim iki ki\u015fi vard\u0131 hayat\u0131mda: Biri benim y\u00fcz\u00fcmden topra\u011f\u0131n alt\u0131nda yat\u0131yordu. Ona kavu\u015fmam i\u00e7in \u00f6lmem gerekiyordu. Di\u011feri de her gece hasretiyle k\u00fc\u00e7\u00fcc\u00fck giysilerine sar\u0131ld\u0131\u011f\u0131m o\u011flum Haluk\u2019tu. Onun i\u00e7in hayatta kalmam gerekiyordu. Bense Araf\u2019ta kalm\u0131\u015ft\u0131m. Ne \u00f6lebiliyordum ne de ya\u015fayabiliyordum. Sonsuz bir d\u00f6ng\u00fcn\u00fcn ortas\u0131nda ve zaman\u0131n dura\u011fanl\u0131\u011f\u0131nda as\u0131l\u0131 kalm\u0131\u015f gibiydim. G\u00fcnd\u00fczleri g\u00fc\u00e7l\u00fc kad\u0131n\u0131 oynarken geceleri bir zavall\u0131yd\u0131m. Ge\u00e7mek bilmeyen g\u00fcnleri bir pranga gibi pe\u015fimde s\u00fcr\u00fckl\u00fcyordum.\u201d <\/p>\n","protected":false},"excerpt":{"rendered":"<p>\u201cZaman herkese g\u00f6re farkl\u0131 ge\u00e7er. Kimilerine g\u00fcnler hi\u00e7 ge\u00e7mez hele ki kavu\u015fmak istedi\u011fin biri varsa ya da olmas\u0131n\u0131 bekledi\u011fin bir olay\u2026 O zaman sanki yerinde \u00e7ak\u0131l\u0131<span class=\"excerpt-hellip\"> [\u2026]<\/span><\/p>\n","protected":false},"featured_media":0,"template":"","meta":{"_monsterinsights_skip_tracking":false,"_monsterinsights_sitenote_active":false,"_monsterinsights_sitenote_note":"","_monsterinsights_sitenote_category":0},"product_brand":[],"product_cat":[14643,12291],"product_tag":[],"class_list":{"0":"post-715017","1":"product","2":"type-product","3":"status-publish","5":"product_cat-ask","6":"product_cat-edebiyat","7":"pa_cilt-ciltsiz","8":"pa_tur-kitap","9":"pa_yayinevi-muptela-yayinevi","10":"pa_yazar-aysegul-cicekoglu","12":"first","13":"instock","14":"sale","15":"shipping-taxable","16":"purchasable","17":"product-type-simple"},"_links":{"self":[{"href":"https:\/\/roveyayinevi.com.tr\/index.php\/wp-json\/wp\/v2\/product\/715017","targetHints":{"allow":["GET"]}}],"collection":[{"href":"https:\/\/roveyayinevi.com.tr\/index.php\/wp-json\/wp\/v2\/product"}],"about":[{"href":"https:\/\/roveyayinevi.com.tr\/index.php\/wp-json\/wp\/v2\/types\/product"}],"wp:attachment":[{"href":"https:\/\/roveyayinevi.com.tr\/index.php\/wp-json\/wp\/v2\/media?parent=715017"}],"wp:term":[{"taxonomy":"product_brand","embeddable":true,"href":"https:\/\/roveyayinevi.com.tr\/index.php\/wp-json\/wp\/v2\/product_brand?post=715017"},{"taxonomy":"product_cat","embeddable":true,"href":"https:\/\/roveyayinevi.com.tr\/index.php\/wp-json\/wp\/v2\/product_cat?post=715017"},{"taxonomy":"product_tag","embeddable":true,"href":"https:\/\/roveyayinevi.com.tr\/index.php\/wp-json\/wp\/v2\/product_tag?post=715017"}],"curies":[{"name":"wp","href":"https:\/\/api.w.org\/{rel}","templated":true}]}}