{"id":715016,"date":"2025-08-27T17:25:13","date_gmt":"2025-08-27T14:25:13","guid":{"rendered":"https:\/\/roveyayinevi.com.tr\/index.php\/urun\/radyo-benjamin\/"},"modified":"2026-04-16T02:23:18","modified_gmt":"2026-04-15T23:23:18","slug":"radyo-benjamin","status":"publish","type":"product","link":"https:\/\/roveyayinevi.com.tr\/index.php\/urun\/radyo-benjamin\/","title":{"rendered":"Radyo Benjamin"},"content":{"rendered":"<p>\u015eu laf\u0131 s\u0131k s\u0131k duymu\u015fsunuzdur: \u201cTanr\u0131m! Bizim gen\u00e7li\u011fimizde bu kadar iyi imk\u00e2nlar yoktu. Biz o zamanlar derslerden ka\u00e7 alaca\u011f\u0131z diye korkard\u0131k; sahilde yal\u0131n ayak y\u00fcr\u00fcmemize izin verilmezdi.\u201d Peki \u015funu duydunuz mu hi\u00e7: Tanr\u0131m! Ben \u00e7ocukken bu kadar g\u00fczel oynamazd\u0131k. Veya: Ben k\u00fc\u00e7\u00fckken b\u00f6yle g\u00fczel hik\u00e2ye kitaplar\u0131 yoktu. Hay\u0131r. \u0130nsan \u00e7ocukken ne okur veya ne oynarsa, onu hem en g\u00fczel ve en iyisi olarak, hem de, \u00e7o\u011fu zaman, hatal\u0131 da olsa, e\u015fsiz bir \u015fey olarak hat\u0131rlaWalter Benjamin gibi bir d\u00fc\u015f\u00fcn\u00fcr\u00fcn kar\u015f\u0131s\u0131na radyoda program yapma, \u00e7ocuklara, gen\u00e7lere ve yeti\u015fkinlere ula\u015fma imk\u00e2n\u0131 \u00e7\u0131ksayd\u0131 ne t\u00fcr programlar yapard\u0131? B\u00f6yle bir dinleyici kitlesine nelerden s\u00f6z ederdi? Ve belki daha da \u00f6nemlisi, s\u00f6yleyeceklerini nas\u0131l s\u00f6ylerdi? Benjamin, 1929-1933 aras\u0131nda Frankfurt ve Berlin radyolar\u0131nda 80\u2019i a\u015fk\u0131n yay\u0131n yapt\u0131. Bu programlarda sundu\u011fu metinlerin \u00f6nemli bir k\u0131sm\u0131n\u0131n yer ald\u0131\u011f\u0131 derlemede, e\u015fitlik\u00e7i bir pedagoji anlay\u0131\u015f\u0131yla kaleme al\u0131nm\u0131\u015f \u00e7ok say\u0131da deneme, \u00f6yk\u00fc ve radyo oyununun yan\u0131 s\u0131ra d\u00fc\u015f\u00fcn\u00fcr\u00fcn yeti\u015fkinler i\u00e7in yapt\u0131\u011f\u0131 programlarda sundu\u011fu \u00e7e\u015fitli edebiyat ele\u015ftirisi metinleri ve radyo hakk\u0131nda yazd\u0131\u011f\u0131 kimi yaz\u0131lar da yer al\u0131yor.   Benjamin okurlar\u0131n\u0131n yan\u0131 s\u0131ra e\u011fitim, \u00e7ocukluk, medya \u00e7al\u0131\u015fmalar\u0131 ve tiyatro gibi temalarla ilgilenenlerin de severek okuyaca\u011f\u0131na inan\u0131yoruz. <\/p>\n","protected":false},"excerpt":{"rendered":"<p>\u015eu laf\u0131 s\u0131k s\u0131k duymu\u015fsunuzdur: \u201cTanr\u0131m! Bizim gen\u00e7li\u011fimizde bu kadar iyi imk\u00e2nlar yoktu. Biz o zamanlar derslerden ka\u00e7 alaca\u011f\u0131z diye korkard\u0131k; sahilde yal\u0131n ayak y\u00fcr\u00fcmemize izin<span class=\"excerpt-hellip\"> [\u2026]<\/span><\/p>\n","protected":false},"featured_media":0,"template":"","meta":{"_monsterinsights_skip_tracking":false,"_monsterinsights_sitenote_active":false,"_monsterinsights_sitenote_note":"","_monsterinsights_sitenote_category":0},"product_brand":[],"product_cat":[12325,12324],"product_tag":[],"class_list":{"0":"post-715016","1":"product","2":"type-product","3":"status-publish","5":"product_cat-diger-sosyoloji","6":"product_cat-sosyoloji","7":"pa_cilt-ciltsiz","8":"pa_tur-kitap","9":"pa_yayinevi-metis-yayinlari","10":"pa_yazar-walter-benjamin","12":"first","13":"instock","14":"sale","15":"shipping-taxable","16":"purchasable","17":"product-type-simple"},"_links":{"self":[{"href":"https:\/\/roveyayinevi.com.tr\/index.php\/wp-json\/wp\/v2\/product\/715016","targetHints":{"allow":["GET"]}}],"collection":[{"href":"https:\/\/roveyayinevi.com.tr\/index.php\/wp-json\/wp\/v2\/product"}],"about":[{"href":"https:\/\/roveyayinevi.com.tr\/index.php\/wp-json\/wp\/v2\/types\/product"}],"wp:attachment":[{"href":"https:\/\/roveyayinevi.com.tr\/index.php\/wp-json\/wp\/v2\/media?parent=715016"}],"wp:term":[{"taxonomy":"product_brand","embeddable":true,"href":"https:\/\/roveyayinevi.com.tr\/index.php\/wp-json\/wp\/v2\/product_brand?post=715016"},{"taxonomy":"product_cat","embeddable":true,"href":"https:\/\/roveyayinevi.com.tr\/index.php\/wp-json\/wp\/v2\/product_cat?post=715016"},{"taxonomy":"product_tag","embeddable":true,"href":"https:\/\/roveyayinevi.com.tr\/index.php\/wp-json\/wp\/v2\/product_tag?post=715016"}],"curies":[{"name":"wp","href":"https:\/\/api.w.org\/{rel}","templated":true}]}}