{"id":715015,"date":"2025-08-27T17:25:12","date_gmt":"2025-08-27T14:25:12","guid":{"rendered":"https:\/\/roveyayinevi.com.tr\/index.php\/urun\/doctor-who-buz-carki\/"},"modified":"2026-04-06T02:35:16","modified_gmt":"2026-04-05T23:35:16","slug":"doctor-who-buz-carki","status":"publish","type":"product","link":"https:\/\/roveyayinevi.com.tr\/index.php\/urun\/doctor-who-buz-carki\/","title":{"rendered":"Doctor Who &#8211; Buz \u00c7ark\u0131"},"content":{"rendered":"<p>\u00c7ark. Sat\u00fcrn\u2019\u00fcn bir uydusu etraf\u0131nda d\u00f6n\u00fcp kaynaklara muhta\u00e7 D\u00fcnya i\u00e7in bir maden kolonisine ev sahipli\u011fi yapan, buzdan ve metalden bir halka\u2026 Problemlerinin ard\u0131 arkas\u0131 kesilmeyen bir koloni. Giderek artan ekipman ar\u0131zalar\u0131 ve h\u0131rs\u0131zl\u0131klar. \u00c7ark\u2019ta g\u00f6r\u00fclmeye ba\u015flanan gizemli yarat\u0131klar\u0131n hik\u00e2yelerini anlatan \u00e7ocuklar. Harap haldeki madenlere inmeyi reddeden baz\u0131 gen\u00e7 madenciler\u2026 Bu gen\u00e7lerden biri Sat\u00fcrn\u2019\u00fcn halkalar\u0131nda gezerken gizemli, mavi bir kul\u00fcbeyi yok olmaktan kurtaraca\u011f\u0131ndan habersiz. \u00c7ark\u2019a ula\u015ft\u0131klar\u0131nda ise Doktor ile yol arkada\u015flar\u0131 Jamie ve Zoe s\u00fcregelen sabotaj\u0131n \u015f\u00fcphelilerinden biri haline gelince b\u00fcy\u00fck zorluklarla y\u00fczle\u015fmeye ba\u015flarlar. \u00c7ok ge\u00e7meden kendilerini, mazisi G\u00fcne\u015f Sistemi\u2019nin yarat\u0131l\u0131\u015f\u0131na kadar uzanan bir gizemin i\u00e7inde bulurlar. Ve bu gizem, \u00c7ark\u2019\u0131 yok etmek \u00fczeredir\u2026 \u00c7a\u011f\u0131m\u0131z\u0131n en b\u00fcy\u00fck bilimkurgu yazarlar\u0131ndan biri olan Stephen Baxter\u2019dan soluk solu\u011fa ve benzersiz bir Doctor Who maceras\u0131. <\/p>\n","protected":false},"excerpt":{"rendered":"<p>\u00c7ark. Sat\u00fcrn\u2019\u00fcn bir uydusu etraf\u0131nda d\u00f6n\u00fcp kaynaklara muhta\u00e7 D\u00fcnya i\u00e7in bir maden kolonisine ev sahipli\u011fi yapan, buzdan ve metalden bir halka\u2026 Problemlerinin ard\u0131 arkas\u0131 kesilmeyen bir<span class=\"excerpt-hellip\"> [\u2026]<\/span><\/p>\n","protected":false},"featured_media":0,"template":"","meta":{"_monsterinsights_skip_tracking":false,"_monsterinsights_sitenote_active":false,"_monsterinsights_sitenote_note":"","_monsterinsights_sitenote_category":0},"product_brand":[],"product_cat":[12540,12291],"product_tag":[],"class_list":{"0":"post-715015","1":"product","2":"type-product","3":"status-publish","5":"product_cat-bilim-kurgu","6":"product_cat-edebiyat","7":"pa_cilt-ciltsiz","8":"pa_tur-kitap","9":"pa_yayinevi-ithaki-yayinlari","10":"pa_yazar-stephen-baxter","12":"first","13":"instock","14":"sale","15":"shipping-taxable","16":"purchasable","17":"product-type-simple"},"_links":{"self":[{"href":"https:\/\/roveyayinevi.com.tr\/index.php\/wp-json\/wp\/v2\/product\/715015","targetHints":{"allow":["GET"]}}],"collection":[{"href":"https:\/\/roveyayinevi.com.tr\/index.php\/wp-json\/wp\/v2\/product"}],"about":[{"href":"https:\/\/roveyayinevi.com.tr\/index.php\/wp-json\/wp\/v2\/types\/product"}],"wp:attachment":[{"href":"https:\/\/roveyayinevi.com.tr\/index.php\/wp-json\/wp\/v2\/media?parent=715015"}],"wp:term":[{"taxonomy":"product_brand","embeddable":true,"href":"https:\/\/roveyayinevi.com.tr\/index.php\/wp-json\/wp\/v2\/product_brand?post=715015"},{"taxonomy":"product_cat","embeddable":true,"href":"https:\/\/roveyayinevi.com.tr\/index.php\/wp-json\/wp\/v2\/product_cat?post=715015"},{"taxonomy":"product_tag","embeddable":true,"href":"https:\/\/roveyayinevi.com.tr\/index.php\/wp-json\/wp\/v2\/product_tag?post=715015"}],"curies":[{"name":"wp","href":"https:\/\/api.w.org\/{rel}","templated":true}]}}