{"id":715013,"date":"2025-08-27T17:25:11","date_gmt":"2025-08-27T14:25:11","guid":{"rendered":"https:\/\/roveyayinevi.com.tr\/index.php\/urun\/bizim-sokakta-senlik-var\/"},"modified":"2026-04-03T02:29:33","modified_gmt":"2026-04-02T23:29:33","slug":"bizim-sokakta-senlik-var","status":"publish","type":"product","link":"https:\/\/roveyayinevi.com.tr\/index.php\/urun\/bizim-sokakta-senlik-var\/","title":{"rendered":"Bizim Sokakta \u015eenlik Var"},"content":{"rendered":"<p>Sokakta al\u0131\u015f\u0131lm\u0131\u015f\u0131n d\u0131\u015f\u0131nda bir hareketlilik vard\u0131r. Seslerin ard\u0131 arkas\u0131 kesilmez. Kahraman\u0131m\u0131z uykusundan g\u00fcr\u00fclt\u00fcyle uyan\u0131nca balkondan ya\u015fananlar\u0131 izler. Ne oldu\u011funu anlamak i\u00e7in sordu\u011fu sorular da bitmek bilmez. Usta yazar Bilgin Adal\u0131\u2019dan g\u00fcr\u00fclt\u00fc kirlili\u011fi \u00fczerine k\u0131sa ama etkili bir \u00f6yk\u00fc&#8230; B\u00fc\u015fra \u00c7akmak\u2019\u0131n resimledi\u011fi kitap 6 ya\u015f \u00fcst\u00fc \u00e7ocuklara hitap ediyor.<\/p>\n","protected":false},"excerpt":{"rendered":"<p>Sokakta al\u0131\u015f\u0131lm\u0131\u015f\u0131n d\u0131\u015f\u0131nda bir hareketlilik vard\u0131r. Seslerin ard\u0131 arkas\u0131 kesilmez. Kahraman\u0131m\u0131z uykusundan g\u00fcr\u00fclt\u00fcyle uyan\u0131nca balkondan ya\u015fananlar\u0131 izler. Ne oldu\u011funu anlamak i\u00e7in sordu\u011fu sorular da bitmek bilmez.<span class=\"excerpt-hellip\"> [\u2026]<\/span><\/p>\n","protected":false},"featured_media":0,"template":"","meta":{"_monsterinsights_skip_tracking":false,"_monsterinsights_sitenote_active":false,"_monsterinsights_sitenote_note":"","_monsterinsights_sitenote_category":0},"product_brand":[],"product_cat":[12275,12274],"product_tag":[],"class_list":{"0":"post-715013","1":"product","2":"type-product","3":"status-publish","5":"product_cat-6-12-yas-kitaplari","6":"product_cat-cocuk-ve-genclik-kitaplari","7":"pa_cilt-ciltsiz","8":"pa_tur-kitap","9":"pa_yayinevi-hep-kitap","10":"pa_yazar-bilgin-adali","12":"first","13":"instock","14":"sale","15":"shipping-taxable","16":"purchasable","17":"product-type-simple"},"_links":{"self":[{"href":"https:\/\/roveyayinevi.com.tr\/index.php\/wp-json\/wp\/v2\/product\/715013","targetHints":{"allow":["GET"]}}],"collection":[{"href":"https:\/\/roveyayinevi.com.tr\/index.php\/wp-json\/wp\/v2\/product"}],"about":[{"href":"https:\/\/roveyayinevi.com.tr\/index.php\/wp-json\/wp\/v2\/types\/product"}],"wp:attachment":[{"href":"https:\/\/roveyayinevi.com.tr\/index.php\/wp-json\/wp\/v2\/media?parent=715013"}],"wp:term":[{"taxonomy":"product_brand","embeddable":true,"href":"https:\/\/roveyayinevi.com.tr\/index.php\/wp-json\/wp\/v2\/product_brand?post=715013"},{"taxonomy":"product_cat","embeddable":true,"href":"https:\/\/roveyayinevi.com.tr\/index.php\/wp-json\/wp\/v2\/product_cat?post=715013"},{"taxonomy":"product_tag","embeddable":true,"href":"https:\/\/roveyayinevi.com.tr\/index.php\/wp-json\/wp\/v2\/product_tag?post=715013"}],"curies":[{"name":"wp","href":"https:\/\/api.w.org\/{rel}","templated":true}]}}