{"id":715012,"date":"2025-08-27T17:25:10","date_gmt":"2025-08-27T14:25:10","guid":{"rendered":"https:\/\/roveyayinevi.com.tr\/index.php\/urun\/labirent-2\/"},"modified":"2026-02-03T02:37:41","modified_gmt":"2026-02-02T23:37:41","slug":"labirent-2","status":"publish","type":"product","link":"https:\/\/roveyayinevi.com.tr\/index.php\/urun\/labirent-2\/","title":{"rendered":"Labirent"},"content":{"rendered":"<p>Evet. Gen\u00e7 bir adam ormanda kaybolmu\u015f. Gu\u0308nler sonra ya\u015fl\u0131 birine rastlam\u0131\u015f. Ya\u015fl\u0131 adam da uzun zamand\u0131r ormanda kay\u0131pm\u0131\u015f ve gen\u00e7 adama \u00e7\u0131k\u0131\u015f yolunu birlikte aramay\u0131 \u00f6nermi\u015f. Olmaz, demi\u015f gen\u00e7 adam, seninle zaman yitiremem, \u00e7\u0131k\u0131\u015f yolunu bilseydin \u015fimdiye kadar bulurdun. Ama, demi\u015f ya\u015fl\u0131 adam, ben \u00e7\u0131kmayan yollar\u0131 \u00f6\u011frendim. Hik\u00e2ye b\u00f6yleydi, de\u011fil mi?\u201d \u0130ntihar etmek isteyen gen\u00e7 bir m\u00fczisyen, g\u00f6z\u00fcn\u00fc hastanede a\u00e7ar. Hi\u00e7bir \u015fey an\u0131msamaz, \u015fark\u0131lar\u0131n\u0131 bile. Toplumsal bellek ile ki\u015fisel belle\u011fin birbirine kar\u0131\u015ft\u0131\u011f\u0131, her \u015feyin \u00f6l\u00fc bir tarihin par\u00e7as\u0131 haline geldi\u011fi yerde, ku\u015fku duymad\u0131\u011f\u0131 tek ger\u00e7ek vard\u0131r: Kaburgas\u0131 k\u0131r\u0131k bedeni. Kendisine benzeyen bir kentte, unutman\u0131n lanet mi yoksa l\u00fctuf mu oldu\u011funu bilmeden, \u00e7\u0131k\u0131\u015f arar.Saatler, aynalar, deniz fenerleri. Labirent, y\u00fczeyde h\u00fcz\u00fcnle akan, derinde keskin ak\u0131nt\u0131lara kap\u0131lan bir yeni \u00e7a\u011f roman\u0131. <\/p>\n","protected":false},"excerpt":{"rendered":"<p>Evet. Gen\u00e7 bir adam ormanda kaybolmu\u015f. Gu\u0308nler sonra ya\u015fl\u0131 birine rastlam\u0131\u015f. Ya\u015fl\u0131 adam da uzun zamand\u0131r ormanda kay\u0131pm\u0131\u015f ve gen\u00e7 adama \u00e7\u0131k\u0131\u015f yolunu birlikte aramay\u0131 \u00f6nermi\u015f.<span class=\"excerpt-hellip\"> [\u2026]<\/span><\/p>\n","protected":false},"featured_media":0,"template":"","meta":{"_monsterinsights_skip_tracking":false,"_monsterinsights_sitenote_active":false,"_monsterinsights_sitenote_note":"","_monsterinsights_sitenote_category":0},"product_brand":[],"product_cat":[12291,12711],"product_tag":[],"class_list":{"0":"post-715012","1":"product","2":"type-product","3":"status-publish","5":"product_cat-edebiyat","6":"product_cat-roman-oyku","7":"pa_cilt-ciltsiz","8":"pa_tur-kitap","9":"pa_yayinevi-iletisim-yayinlari","10":"pa_yazar-burhan-sonmez","12":"first","13":"instock","14":"sale","15":"shipping-taxable","16":"purchasable","17":"product-type-simple"},"_links":{"self":[{"href":"https:\/\/roveyayinevi.com.tr\/index.php\/wp-json\/wp\/v2\/product\/715012","targetHints":{"allow":["GET"]}}],"collection":[{"href":"https:\/\/roveyayinevi.com.tr\/index.php\/wp-json\/wp\/v2\/product"}],"about":[{"href":"https:\/\/roveyayinevi.com.tr\/index.php\/wp-json\/wp\/v2\/types\/product"}],"wp:attachment":[{"href":"https:\/\/roveyayinevi.com.tr\/index.php\/wp-json\/wp\/v2\/media?parent=715012"}],"wp:term":[{"taxonomy":"product_brand","embeddable":true,"href":"https:\/\/roveyayinevi.com.tr\/index.php\/wp-json\/wp\/v2\/product_brand?post=715012"},{"taxonomy":"product_cat","embeddable":true,"href":"https:\/\/roveyayinevi.com.tr\/index.php\/wp-json\/wp\/v2\/product_cat?post=715012"},{"taxonomy":"product_tag","embeddable":true,"href":"https:\/\/roveyayinevi.com.tr\/index.php\/wp-json\/wp\/v2\/product_tag?post=715012"}],"curies":[{"name":"wp","href":"https:\/\/api.w.org\/{rel}","templated":true}]}}