{"id":715011,"date":"2025-08-27T17:25:10","date_gmt":"2025-08-27T14:25:10","guid":{"rendered":"https:\/\/roveyayinevi.com.tr\/index.php\/urun\/fotografin-kisa-oykusu\/"},"modified":"2026-04-16T02:23:18","modified_gmt":"2026-04-15T23:23:18","slug":"fotografin-kisa-oykusu","status":"publish","type":"product","link":"https:\/\/roveyayinevi.com.tr\/index.php\/urun\/fotografin-kisa-oykusu\/","title":{"rendered":"Foto\u011fraf\u0131n K\u0131sa \u00d6yk\u00fcs\u00fc"},"content":{"rendered":"<p>\u00d6zenle derlenmi\u015f bilgiler, ola\u011fan\u00fcst\u00fc g\u00f6rseller, faydal\u0131 eser analizleri, sanat\u0131n belli ba\u015fl\u0131 dallar\u0131nda kullan\u0131lan temalar, teknikler. \u00d6nemli t\u00fcrlere, ak\u0131mlara, eserlere, temalara ve tekniklere y\u00f6nelik cep k\u0131lavuzlar\u0131\u2026 hep kitap\u2019tan sanatseverlerin elinden d\u00fc\u015f\u00fcrmeyece\u011fi yepyeni bir sanata giri\u015f serisi! Serinin ilk kitaplar\u0131 Sanat\u0131n K\u0131sa \u00d6yk\u00fcs\u00fc ile Foto\u011fraf\u0131n K\u0131sa \u00d6yk\u00fcs\u00fc\u2026Foto\u011frafa yeni merak sald\u0131ysan\u0131z ve hakk\u0131ndaki her \u015feyi bir \u00e7\u0131rp\u0131da \u00f6\u011frenmek istiyorsan\u0131z ya da foto\u011fraf \u00e7ekmekle ilgilenmeseniz bile yine de o b\u00fcy\u00fcl\u00fc aletin yaratt\u0131klar\u0131na dair bir \u015feyler \u00f6\u011frenmek istiyorsan\u0131z Foto\u011fraf\u0131n K\u0131sa \u00d6yk\u00fcs\u00fc tam arad\u0131\u011f\u0131n\u0131z rehber!\u00dcnl\u00fc film ele\u015ftirmeni Ian Haydn Smith bu defa keskin g\u00f6zlerini foto\u011fraflara \u00e7eviriyor ve janrlardan, eserlere, temalardan tekniklere foto\u011fraf sanat\u0131n\u0131n derinliklerine dalmak i\u00e7in ihtiyac\u0131n\u0131z olan b\u00fct\u00fcn bilgileri \u00f6n\u00fcn\u00fcze koyuyor. \u00dcstelik birbirinden g\u00fczel foto\u011fraflarla bezeli, ola\u011fan\u00fcst\u00fc tasar\u0131m\u0131 sayesinde rahatl\u0131kla okuyabilece\u011finiz bir kitapla yap\u0131yor bunu. Sizi kendi ad\u0131mlar\u0131n\u0131zla, kendi h\u0131z\u0131n\u0131z\u0131 belirleyerek ilerleyebilece\u011finiz k\u0131sa bir foto\u011fraf turuna \u00e7\u0131kar\u0131yor!<\/p>\n","protected":false},"excerpt":{"rendered":"<p>\u00d6zenle derlenmi\u015f bilgiler, ola\u011fan\u00fcst\u00fc g\u00f6rseller, faydal\u0131 eser analizleri, sanat\u0131n belli ba\u015fl\u0131 dallar\u0131nda kullan\u0131lan temalar, teknikler. \u00d6nemli t\u00fcrlere, ak\u0131mlara, eserlere, temalara ve tekniklere y\u00f6nelik cep k\u0131lavuzlar\u0131\u2026 hep<span class=\"excerpt-hellip\"> [\u2026]<\/span><\/p>\n","protected":false},"featured_media":0,"template":"","meta":{"_monsterinsights_skip_tracking":false,"_monsterinsights_sitenote_active":false,"_monsterinsights_sitenote_note":"","_monsterinsights_sitenote_category":0},"product_brand":[],"product_cat":[12409,12408],"product_tag":[],"class_list":{"0":"post-715011","1":"product","2":"type-product","3":"status-publish","5":"product_cat-fotograf-sinema-tiyatro","6":"product_cat-sanat","7":"pa_cilt-ciltsiz","8":"pa_tur-kitap","9":"pa_yayinevi-hep-kitap","10":"pa_yazar-ian-haydn-smith","12":"first","13":"instock","14":"sale","15":"shipping-taxable","16":"purchasable","17":"product-type-simple"},"_links":{"self":[{"href":"https:\/\/roveyayinevi.com.tr\/index.php\/wp-json\/wp\/v2\/product\/715011","targetHints":{"allow":["GET"]}}],"collection":[{"href":"https:\/\/roveyayinevi.com.tr\/index.php\/wp-json\/wp\/v2\/product"}],"about":[{"href":"https:\/\/roveyayinevi.com.tr\/index.php\/wp-json\/wp\/v2\/types\/product"}],"wp:attachment":[{"href":"https:\/\/roveyayinevi.com.tr\/index.php\/wp-json\/wp\/v2\/media?parent=715011"}],"wp:term":[{"taxonomy":"product_brand","embeddable":true,"href":"https:\/\/roveyayinevi.com.tr\/index.php\/wp-json\/wp\/v2\/product_brand?post=715011"},{"taxonomy":"product_cat","embeddable":true,"href":"https:\/\/roveyayinevi.com.tr\/index.php\/wp-json\/wp\/v2\/product_cat?post=715011"},{"taxonomy":"product_tag","embeddable":true,"href":"https:\/\/roveyayinevi.com.tr\/index.php\/wp-json\/wp\/v2\/product_tag?post=715011"}],"curies":[{"name":"wp","href":"https:\/\/api.w.org\/{rel}","templated":true}]}}