{"id":715010,"date":"2025-08-27T17:25:09","date_gmt":"2025-08-27T14:25:09","guid":{"rendered":"https:\/\/roveyayinevi.com.tr\/index.php\/urun\/ormandan-cikis\/"},"modified":"2026-04-16T02:23:18","modified_gmt":"2026-04-15T23:23:18","slug":"ormandan-cikis","status":"publish","type":"product","link":"https:\/\/roveyayinevi.com.tr\/index.php\/urun\/ormandan-cikis\/","title":{"rendered":"Ormandan \u00c7\u0131k\u0131\u015f"},"content":{"rendered":"<p>ORMANDAN \u00c7IKI\u015eBRENT WILLIAMS &#8211; KORKUT \u00d6ZTEK\u0130N     Depresyon ve kayg\u0131yla m\u00fccadele edenlerin yolunu ayd\u0131nlatacak kitap!Yazar, avukat ve hak savunucusu Brent Williams ile d\u00fcnyaca \u00fcnl\u00fc \u00e7izer Korkut \u00d6ztekin\u2019in imzas\u0131n\u0131 ta\u015f\u0131yan Ormandan \u00c7\u0131k\u0131\u015f, modern \u00e7a\u011f\u0131n en \u00f6nemli sorunlar\u0131ndan biri olan\u0131 depresyon \u00fczerine cesaret ve \u00fcmit dolu bir grafik roman.Ormandan \u00c7\u0131k\u0131\u015f, Brent Williams\u2019\u0131n bizzat deneyimledi\u011fi depresyon ve kayg\u0131 bozuklu\u011fu s\u00fcrecinde ya\u015fad\u0131klar\u0131n\u0131 ve \u00f6\u011frendiklerini konu edinen sars\u0131c\u0131 bir \u00f6yk\u00fc anlat\u0131yor. RoboCop \u00e7izgi roman serisinin ba\u015f\u00e7izeri Korkut \u00d6ztekin ise depresyonun insanda yaratt\u0131\u011f\u0131 \u201c\u00e7\u0131k\u0131\u015f yok\u201d hissiyat\u0131n\u0131 usta i\u015fi g\u00f6rsellere yans\u0131t\u0131yor.Ge\u00e7ti\u011fimiz nisan ay\u0131nda Kendine Yard\u0131m Dal\u0131nda IBPA Benjamin Franklin \u00d6d\u00fcl\u00fc G\u00fcm\u00fc\u015f Madalya ile onurland\u0131r\u0131lan Ormandan \u00c7\u0131k\u0131\u015f, depresyondan mustarip ki\u015filere ve onlar\u0131n yak\u0131nlar\u0131na rehberlik eden bilimsel i\u00e7eri\u011fiyle de farkl\u0131la\u015f\u0131yor.Brent Williams, depresyonun karanl\u0131k orman\u0131nda yolunu kaybetti\u011finde, ya\u015fam\u0131na, canl\u0131l\u0131\u011f\u0131na ve g\u00fcc\u00fcne dair her \u015feyin sonuna geldi\u011fini d\u00fc\u015f\u00fcn\u00fcr. Williams\u2019\u0131n durumunu ink\u00e2r edi\u015fi ve kabulleni\u015fi, ne\u015feyle derin melankolinin, \u00e7abayla yenilginin kol kola y\u00fcr\u00fcd\u00fc\u011f\u00fc ini\u015fli \u00e7\u0131k\u0131\u015fl\u0131 bir i\u00e7sel m\u00fccadeleye d\u00f6n\u00fc\u015f\u00fcr. Brent Williams\u2019\u0131n, ya\u015fam yolunun tam ortas\u0131nda kar\u015f\u0131s\u0131na \u00e7\u0131kan bu b\u00fcy\u00fck engeli a\u015fabilmesi i\u00e7in \u00f6ncelikle hayata yeniden tutunmay\u0131 \u00f6\u011frenmesi gerekmektedir&#8230;Ormandan \u00c7\u0131k\u0131\u015f, depresyonun n\u00f6rolojik ve bili\u015fsel k\u00f6kenlerine dair ara\u015ft\u0131rmalar\u0131n yan\u0131 s\u0131ra toplumsal \u00f6nyarg\u0131lara da at\u0131fta bulunarak \u00e7a\u011f\u0131m\u0131z\u0131n en yayg\u0131n sorununu anlamaya ve anlatmaya y\u00f6neliyor. Etkileyici \u00e7izimleriyle depresyonun karanl\u0131k orman\u0131n\u0131 okur i\u00e7in g\u00f6r\u00fcn\u00fcr k\u0131lan Korkut \u00d6ztekin ise hik\u00e2yenin ger\u00e7ek\u00e7ili\u011fini ve dinamikli\u011fini art\u0131r\u0131yor.Grafik roman merakl\u0131lar\u0131n\u0131n yan\u0131 s\u0131ra sosyoloji ve psikoloji alan\u0131nda \u00e7al\u0131\u015fmalar yapan akademisyenler, uzmanlar ve hekimler taraf\u0131ndan b\u00fcy\u00fck \u00f6vg\u00fcyle kar\u015f\u0131lananOrmandan \u00c7\u0131k\u0131\u015f, zaman\u0131n \u00f6tesine ta\u015fan \u00f6yk\u00fcs\u00fc ve hayat\u0131n i\u00e7inden kahramanlar\u0131yla ruhunu orman\u0131n karanl\u0131klar\u0131nda yitirdi\u011fini d\u00fc\u015f\u00fcnenlere yeni yollar, yeni \u00e7\u0131k\u0131\u015flar.<\/p>\n","protected":false},"excerpt":{"rendered":"<p>ORMANDAN \u00c7IKI\u015eBRENT WILLIAMS &#8211; KORKUT \u00d6ZTEK\u0130N Depresyon ve kayg\u0131yla m\u00fccadele edenlerin yolunu ayd\u0131nlatacak kitap!Yazar, avukat ve hak savunucusu Brent Williams ile d\u00fcnyaca \u00fcnl\u00fc \u00e7izer Korkut \u00d6ztekin\u2019in<span class=\"excerpt-hellip\"> [\u2026]<\/span><\/p>\n","protected":false},"featured_media":0,"template":"","meta":{"_monsterinsights_skip_tracking":false,"_monsterinsights_sitenote_active":false,"_monsterinsights_sitenote_note":"","_monsterinsights_sitenote_category":0},"product_brand":[],"product_cat":[12755,12357],"product_tag":[],"class_list":{"0":"post-715010","1":"product","2":"type-product","3":"status-publish","5":"product_cat-gelisim-psikolojisi","6":"product_cat-psikoloji","7":"pa_cilt-ciltsiz","8":"pa_tur-kitap","9":"pa_yayinevi-desen-yayinlari","10":"pa_yazar-brent-williams","12":"first","13":"instock","14":"sale","15":"shipping-taxable","16":"purchasable","17":"product-type-simple"},"_links":{"self":[{"href":"https:\/\/roveyayinevi.com.tr\/index.php\/wp-json\/wp\/v2\/product\/715010","targetHints":{"allow":["GET"]}}],"collection":[{"href":"https:\/\/roveyayinevi.com.tr\/index.php\/wp-json\/wp\/v2\/product"}],"about":[{"href":"https:\/\/roveyayinevi.com.tr\/index.php\/wp-json\/wp\/v2\/types\/product"}],"wp:attachment":[{"href":"https:\/\/roveyayinevi.com.tr\/index.php\/wp-json\/wp\/v2\/media?parent=715010"}],"wp:term":[{"taxonomy":"product_brand","embeddable":true,"href":"https:\/\/roveyayinevi.com.tr\/index.php\/wp-json\/wp\/v2\/product_brand?post=715010"},{"taxonomy":"product_cat","embeddable":true,"href":"https:\/\/roveyayinevi.com.tr\/index.php\/wp-json\/wp\/v2\/product_cat?post=715010"},{"taxonomy":"product_tag","embeddable":true,"href":"https:\/\/roveyayinevi.com.tr\/index.php\/wp-json\/wp\/v2\/product_tag?post=715010"}],"curies":[{"name":"wp","href":"https:\/\/api.w.org\/{rel}","templated":true}]}}