{"id":715008,"date":"2025-08-27T17:25:08","date_gmt":"2025-08-27T14:25:08","guid":{"rendered":"https:\/\/roveyayinevi.com.tr\/index.php\/urun\/sanatin-kisa-oykusu\/"},"modified":"2026-04-16T02:23:18","modified_gmt":"2026-04-15T23:23:18","slug":"sanatin-kisa-oykusu","status":"publish","type":"product","link":"https:\/\/roveyayinevi.com.tr\/index.php\/urun\/sanatin-kisa-oykusu\/","title":{"rendered":"Sanat\u0131n K\u0131sa \u00d6yk\u00fcs\u00fc"},"content":{"rendered":"<p>\u00d6zenle derlenmi\u015f bilgiler, ola\u011fan\u00fcst\u00fc g\u00f6rseller, faydal\u0131 eser analizleri, sanat\u0131n belli ba\u015fl\u0131 dallar\u0131nda kullan\u0131lan temalar, teknikler. \u00d6nemli t\u00fcrlere, ak\u0131mlara, eserlere, temalara ve tekniklere y\u00f6nelik cep k\u0131lavuzlar\u0131\u2026 hep kitap\u2019tan sanatseverlerin elinden d\u00fc\u015f\u00fcrmeyece\u011fi yepyeni bir sanata giri\u015f serisi! Serinin ilk kitaplar\u0131 Sanat\u0131n K\u0131sa \u00d6yk\u00fcs\u00fc ile Foto\u011fraf\u0131n K\u0131sa \u00d6yk\u00fcs\u00fc\u2026Sanat tarihindeki \u00f6nemli ak\u0131mlar, eserler, temalar ve teknikler. Sanat neden, nas\u0131l ve ne zaman de\u011fi\u015fti? Kim \u00f6nc\u00fcl\u00fck etti? Sanata y\u00f6n veren eserler nerede ve nas\u0131l \u00fcretildi, hangi temalar bask\u0131nd\u0131? Susie Hodge, Sanat\u0131n K\u0131sa \u00d6yk\u00fcs\u00fc isimli kitab\u0131nda, sanat tarihindeki \u00f6nemli kavramlar\u0131 a\u00e7\u0131kl\u0131yor, birbirleriyle ili\u015fkilerini inceliyor, elli \u00f6nemli sanat eserinin analizini sunuyor, hangi tema ve tekniklerin kullan\u0131ld\u0131\u011f\u0131n\u0131 irdeliyor. Verdi\u011fi k\u0131sa ve faydal\u0131 bilgiler sayesinde sanat tarihinin karma\u015f\u0131k g\u00f6r\u00fcnen labirentlerinde ilerlemeniz i\u00e7in elinize bir fener tutu\u015fturuyor.Sanatsal jargonun \u00f6n\u00fcndeki engelleri de kald\u0131ran bu kitap sayesinde b\u00fcy\u00fcl\u00fc sanat d\u00fcnyas\u0131ndan hi\u00e7 ayr\u0131lmak istemeyeceksiniz!<\/p>\n","protected":false},"excerpt":{"rendered":"<p>\u00d6zenle derlenmi\u015f bilgiler, ola\u011fan\u00fcst\u00fc g\u00f6rseller, faydal\u0131 eser analizleri, sanat\u0131n belli ba\u015fl\u0131 dallar\u0131nda kullan\u0131lan temalar, teknikler. \u00d6nemli t\u00fcrlere, ak\u0131mlara, eserlere, temalara ve tekniklere y\u00f6nelik cep k\u0131lavuzlar\u0131\u2026 hep<span class=\"excerpt-hellip\"> [\u2026]<\/span><\/p>\n","protected":false},"featured_media":0,"template":"","meta":{"_monsterinsights_skip_tracking":false,"_monsterinsights_sitenote_active":false,"_monsterinsights_sitenote_note":"","_monsterinsights_sitenote_category":0},"product_brand":[],"product_cat":[12408,14197],"product_tag":[],"class_list":{"0":"post-715008","1":"product","2":"type-product","3":"status-publish","5":"product_cat-sanat","6":"product_cat-sanat-tarihi","7":"pa_cilt-ciltsiz","8":"pa_tur-kitap","9":"pa_yayinevi-hep-kitap","10":"pa_yazar-susie-hodge","12":"first","13":"instock","14":"sale","15":"shipping-taxable","16":"purchasable","17":"product-type-simple"},"_links":{"self":[{"href":"https:\/\/roveyayinevi.com.tr\/index.php\/wp-json\/wp\/v2\/product\/715008","targetHints":{"allow":["GET"]}}],"collection":[{"href":"https:\/\/roveyayinevi.com.tr\/index.php\/wp-json\/wp\/v2\/product"}],"about":[{"href":"https:\/\/roveyayinevi.com.tr\/index.php\/wp-json\/wp\/v2\/types\/product"}],"wp:attachment":[{"href":"https:\/\/roveyayinevi.com.tr\/index.php\/wp-json\/wp\/v2\/media?parent=715008"}],"wp:term":[{"taxonomy":"product_brand","embeddable":true,"href":"https:\/\/roveyayinevi.com.tr\/index.php\/wp-json\/wp\/v2\/product_brand?post=715008"},{"taxonomy":"product_cat","embeddable":true,"href":"https:\/\/roveyayinevi.com.tr\/index.php\/wp-json\/wp\/v2\/product_cat?post=715008"},{"taxonomy":"product_tag","embeddable":true,"href":"https:\/\/roveyayinevi.com.tr\/index.php\/wp-json\/wp\/v2\/product_tag?post=715008"}],"curies":[{"name":"wp","href":"https:\/\/api.w.org\/{rel}","templated":true}]}}