{"id":715007,"date":"2025-08-27T17:25:08","date_gmt":"2025-08-27T14:25:08","guid":{"rendered":"https:\/\/roveyayinevi.com.tr\/index.php\/urun\/atambayevin-golgesi-altinda-kirgizistan\/"},"modified":"2026-04-16T02:23:18","modified_gmt":"2026-04-15T23:23:18","slug":"atambayevin-golgesi-altinda-kirgizistan","status":"publish","type":"product","link":"https:\/\/roveyayinevi.com.tr\/index.php\/urun\/atambayevin-golgesi-altinda-kirgizistan\/","title":{"rendered":"Atambayev&#8217;in G\u00f6lgesi Alt\u0131nda K\u0131rg\u0131zistan"},"content":{"rendered":"<p>Orta Asya\u2019n\u0131n en demokratik \u00fclkesi olarak g\u00f6sterilen K\u0131rg\u0131zistan\u2019da son d\u00f6nemlerde \u00e7eli\u015fkili geli\u015fmeler ya\u015fand\u0131\u011f\u0131 g\u00f6r\u00fclmektedir. Bu durum \u00f6zellikle Cumhurba\u015fkan\u0131 Almazbek Atambayev d\u00f6neminde ortaya \u00e7\u0131kt\u0131. T\u00fcrkiye Cumhurba\u015fkan\u0131 Recep Tayyip Erdo\u011fan&#8217;a \u201cTayyip Abi\u201d diye hitap etmesiyle sempati toplayan Atambayev&#8217;in T\u00fcrkiye\u2019deki 15 Temmuz kalk\u0131\u015fmas\u0131ndan sonra farkl\u0131 bir y\u00fcz sergileyerek T\u00fcrkiye aleyhtar\u0131 bir durum sergilemesine kimse bir anlam verememi\u015fti.T\u00fcrkiye\u2019nin FET\u00d6&#8217;n\u00fcn K\u0131rg\u0131zistan&#8217;da darbe yapabilece\u011fi y\u00f6n\u00fcndeki dost\u00e7a uyar\u0131lar\u0131na Atambayev k\u00fcstah\u00e7a cevap vererek bu uyar\u0131y\u0131 \u201cabs\u00fcrt\u201d olarak nitelendirmi\u015fti. Bu, belki, K\u0131rg\u0131zistan\u2019\u0131n FET\u00d6&#8217;n\u00fcn Orta Asya&#8217;daki \u00fcss\u00fc oldu\u011fu ger\u00e7e\u011finin veya Atambayev\u2019in tutars\u0131z davran\u0131\u015flar\u0131n\u0131n bir yans\u0131mas\u0131yd\u0131. Sebep ne olursa olsun, T\u00fcrkiye-K\u0131rg\u0131zistan ili\u015fkileri bundan b\u00fcy\u00fck bir zarar g\u00f6rm\u00fc\u015ft\u00fc.Ekim 2017\u2019de se\u00e7imleri kazanarak Atambayev\u2019in yerine iktidara gelen Cumhurba\u015fkan\u0131 Sooronbay Jeenbekov ilk yurt d\u0131\u015f\u0131 ziyaretlerinden birini T\u00fcrkiye\u2019ye yaparak ili\u015fkileri d\u00fczeltme \u00e7abas\u0131na girdi. Ancak, Atambayev\u2019in cumhurba\u015fkanl\u0131\u011f\u0131 g\u00f6revinde bulundu\u011fu 2011-2017 y\u0131llar\u0131nda \u00fclkeye verdi\u011fi zarar, sadece T\u00fcrk-K\u0131rg\u0131z ili\u015fkileri ile s\u0131n\u0131rl\u0131 de\u011fildi. O K\u0131rg\u0131zistan\u2019\u0131n d\u0131\u015f politikas\u0131na ve ekonomisine tahmin edilenden b\u00fcy\u00fck zararlar vermi\u015ftir. Jeenbekov ve daha sonraki y\u00f6netime gelecek cumhurba\u015fkanlar\u0131n\u0131n Atambayev\u2019in verdi\u011fi zararlar\u0131 telafi etmekte zorlanacaklar\u0131 muhakkakt\u0131r.<\/p>\n","protected":false},"excerpt":{"rendered":"<p>Orta Asya\u2019n\u0131n en demokratik \u00fclkesi olarak g\u00f6sterilen K\u0131rg\u0131zistan\u2019da son d\u00f6nemlerde \u00e7eli\u015fkili geli\u015fmeler ya\u015fand\u0131\u011f\u0131 g\u00f6r\u00fclmektedir. Bu durum \u00f6zellikle Cumhurba\u015fkan\u0131 Almazbek Atambayev d\u00f6neminde ortaya \u00e7\u0131kt\u0131. T\u00fcrkiye Cumhurba\u015fkan\u0131 Recep<span class=\"excerpt-hellip\"> [\u2026]<\/span><\/p>\n","protected":false},"featured_media":0,"template":"","meta":{"_monsterinsights_skip_tracking":false,"_monsterinsights_sitenote_active":false,"_monsterinsights_sitenote_note":"","_monsterinsights_sitenote_category":0},"product_brand":[],"product_cat":[13590,12337],"product_tag":[],"class_list":{"0":"post-715007","1":"product","2":"type-product","3":"status-publish","5":"product_cat-arastirma-inceleme-politika-siyaset","6":"product_cat-politika-siyaset","7":"pa_cilt-ciltsiz","8":"pa_tur-kitap","9":"pa_yayinevi-bilge-kultur-sanat","10":"pa_yazar-d-n-verkhoturov","12":"first","13":"instock","14":"sale","15":"shipping-taxable","16":"purchasable","17":"product-type-simple"},"_links":{"self":[{"href":"https:\/\/roveyayinevi.com.tr\/index.php\/wp-json\/wp\/v2\/product\/715007","targetHints":{"allow":["GET"]}}],"collection":[{"href":"https:\/\/roveyayinevi.com.tr\/index.php\/wp-json\/wp\/v2\/product"}],"about":[{"href":"https:\/\/roveyayinevi.com.tr\/index.php\/wp-json\/wp\/v2\/types\/product"}],"wp:attachment":[{"href":"https:\/\/roveyayinevi.com.tr\/index.php\/wp-json\/wp\/v2\/media?parent=715007"}],"wp:term":[{"taxonomy":"product_brand","embeddable":true,"href":"https:\/\/roveyayinevi.com.tr\/index.php\/wp-json\/wp\/v2\/product_brand?post=715007"},{"taxonomy":"product_cat","embeddable":true,"href":"https:\/\/roveyayinevi.com.tr\/index.php\/wp-json\/wp\/v2\/product_cat?post=715007"},{"taxonomy":"product_tag","embeddable":true,"href":"https:\/\/roveyayinevi.com.tr\/index.php\/wp-json\/wp\/v2\/product_tag?post=715007"}],"curies":[{"name":"wp","href":"https:\/\/api.w.org\/{rel}","templated":true}]}}