{"id":715006,"date":"2025-08-27T17:25:07","date_gmt":"2025-08-27T14:25:07","guid":{"rendered":"https:\/\/roveyayinevi.com.tr\/index.php\/urun\/merveler-ve-insanlar\/"},"modified":"2026-04-16T02:23:18","modified_gmt":"2026-04-15T23:23:18","slug":"merveler-ve-insanlar","status":"publish","type":"product","link":"https:\/\/roveyayinevi.com.tr\/index.php\/urun\/merveler-ve-insanlar\/","title":{"rendered":"Merveler ve \u0130nsanlar"},"content":{"rendered":"<p>Hayas\u0131zca partileyen Merveler, orada olmayan bestek\u00e2r Tulu\u011f Bey, \u0131ss\u0131z bir koyda unutulmu\u015f d\u00fc\u015fler, yakamozdaki k\u0131z, bir t\u00fcrl\u00fc akla gelmeyen o rast \u015fark\u0131, maymunun r\u00fcyas\u0131, yel de\u011firmenleri, Simurg, sanal yaln\u0131zl\u0131klar, inkar, \u00f6fke, pazarl\u0131k, depresyon ve kabullenme. Bu kitap olmasa asla bir araya gelmeyecek, s\u0131n\u0131fland\u0131r\u0131lmaktan ho\u015flanmayan, incelikle i\u015flenmi\u015f, sayfada 6 kare h\u0131zla akan \u00e7izgili hikayeler. <\/p>\n","protected":false},"excerpt":{"rendered":"<p>Hayas\u0131zca partileyen Merveler, orada olmayan bestek\u00e2r Tulu\u011f Bey, \u0131ss\u0131z bir koyda unutulmu\u015f d\u00fc\u015fler, yakamozdaki k\u0131z, bir t\u00fcrl\u00fc akla gelmeyen o rast \u015fark\u0131, maymunun r\u00fcyas\u0131, yel de\u011firmenleri,<span class=\"excerpt-hellip\"> [\u2026]<\/span><\/p>\n","protected":false},"featured_media":0,"template":"","meta":{"_monsterinsights_skip_tracking":false,"_monsterinsights_sitenote_active":false,"_monsterinsights_sitenote_note":"","_monsterinsights_sitenote_category":0},"product_brand":[],"product_cat":[12291,12711],"product_tag":[],"class_list":{"0":"post-715006","1":"product","2":"type-product","3":"status-publish","5":"product_cat-edebiyat","6":"product_cat-roman-oyku","7":"pa_cilt-ciltsiz","8":"pa_tur-kitap","9":"pa_yayinevi-kara-karga-yayinlari","10":"pa_yazar-tolga-hirsova","12":"first","13":"instock","14":"sale","15":"shipping-taxable","16":"purchasable","17":"product-type-simple"},"_links":{"self":[{"href":"https:\/\/roveyayinevi.com.tr\/index.php\/wp-json\/wp\/v2\/product\/715006","targetHints":{"allow":["GET"]}}],"collection":[{"href":"https:\/\/roveyayinevi.com.tr\/index.php\/wp-json\/wp\/v2\/product"}],"about":[{"href":"https:\/\/roveyayinevi.com.tr\/index.php\/wp-json\/wp\/v2\/types\/product"}],"wp:attachment":[{"href":"https:\/\/roveyayinevi.com.tr\/index.php\/wp-json\/wp\/v2\/media?parent=715006"}],"wp:term":[{"taxonomy":"product_brand","embeddable":true,"href":"https:\/\/roveyayinevi.com.tr\/index.php\/wp-json\/wp\/v2\/product_brand?post=715006"},{"taxonomy":"product_cat","embeddable":true,"href":"https:\/\/roveyayinevi.com.tr\/index.php\/wp-json\/wp\/v2\/product_cat?post=715006"},{"taxonomy":"product_tag","embeddable":true,"href":"https:\/\/roveyayinevi.com.tr\/index.php\/wp-json\/wp\/v2\/product_tag?post=715006"}],"curies":[{"name":"wp","href":"https:\/\/api.w.org\/{rel}","templated":true}]}}