{"id":715005,"date":"2025-08-27T17:25:06","date_gmt":"2025-08-27T14:25:06","guid":{"rendered":"https:\/\/roveyayinevi.com.tr\/index.php\/urun\/eskisi-gibi\/"},"modified":"2026-04-16T02:23:18","modified_gmt":"2026-04-15T23:23:18","slug":"eskisi-gibi","status":"publish","type":"product","link":"https:\/\/roveyayinevi.com.tr\/index.php\/urun\/eskisi-gibi\/","title":{"rendered":"Eskisi Gibi"},"content":{"rendered":"<p>&#8211; Angoul\u00eame Uluslararas\u0131 \u00c7izgi Roman Festivali \/ En \u0130yi \u00c7izgi Roman Alb\u00fcm\u00fc \u00d6d\u00fcl\u00fc (2014) &#8211;   Fabio ve Giovanni karde\u015fler, bir Fiat 500&#8217;\u00fcn direksiyonunda derin bir yolculu\u011fa ba\u015flar. Giovanni, Fabio&#8217;yu \u00f6len babas\u0131n\u0131n an\u0131s\u0131n\u0131 onurland\u0131rmak i\u00e7in eve, \u0130talya&#8217;ya d\u00f6nmeye ikna eder. Uzun y\u0131llar birbirini g\u00f6rmeyen karde\u015flerin hesapla\u015fmas\u0131 her kilometrede biraz daha g\u00fcn y\u00fcz\u00fcne \u00e7\u0131kar. Usta \u00e7izer Alfred&#8217;in bu e\u015fsiz \u00e7izgi roman\u0131nda Fransa&#8217;daki g\u00fcnbat\u0131m\u0131yla \u0130talya&#8217;daki g\u00fcnbat\u0131m\u0131n\u0131n hissettirdikleri birbirinden \u00e7ok farkl\u0131. Yollar\u0131n \u0131ss\u0131zl\u0131\u011f\u0131n\u0131, yaz s\u0131ca\u011f\u0131n\u0131, tatl\u0131 esintileri \u00e7izgi ve renklerle hissedecek; g\u00f6rmedi\u011finiz \u0130talyan kasaba ve k\u0131rlar\u0131n\u0131 bizzat g\u00f6receksiniz. <\/p>\n","protected":false},"excerpt":{"rendered":"<p>&#8211; Angoul\u00eame Uluslararas\u0131 \u00c7izgi Roman Festivali \/ En \u0130yi \u00c7izgi Roman Alb\u00fcm\u00fc \u00d6d\u00fcl\u00fc (2014) &#8211; Fabio ve Giovanni karde\u015fler, bir Fiat 500&#8217;\u00fcn direksiyonunda derin bir yolculu\u011fa<span class=\"excerpt-hellip\"> [\u2026]<\/span><\/p>\n","protected":false},"featured_media":0,"template":"","meta":{"_monsterinsights_skip_tracking":false,"_monsterinsights_sitenote_active":false,"_monsterinsights_sitenote_note":"","_monsterinsights_sitenote_category":0},"product_brand":[],"product_cat":[12416,12291],"product_tag":[],"class_list":{"0":"post-715005","1":"product","2":"type-product","3":"status-publish","5":"product_cat-cizgi-roman","6":"product_cat-edebiyat","7":"pa_cilt-ciltsiz","8":"pa_tur-kitap","9":"pa_yayinevi-kara-karga-yayinlari","10":"pa_yazar-alfred","12":"first","13":"instock","14":"sale","15":"shipping-taxable","16":"purchasable","17":"product-type-simple"},"_links":{"self":[{"href":"https:\/\/roveyayinevi.com.tr\/index.php\/wp-json\/wp\/v2\/product\/715005","targetHints":{"allow":["GET"]}}],"collection":[{"href":"https:\/\/roveyayinevi.com.tr\/index.php\/wp-json\/wp\/v2\/product"}],"about":[{"href":"https:\/\/roveyayinevi.com.tr\/index.php\/wp-json\/wp\/v2\/types\/product"}],"wp:attachment":[{"href":"https:\/\/roveyayinevi.com.tr\/index.php\/wp-json\/wp\/v2\/media?parent=715005"}],"wp:term":[{"taxonomy":"product_brand","embeddable":true,"href":"https:\/\/roveyayinevi.com.tr\/index.php\/wp-json\/wp\/v2\/product_brand?post=715005"},{"taxonomy":"product_cat","embeddable":true,"href":"https:\/\/roveyayinevi.com.tr\/index.php\/wp-json\/wp\/v2\/product_cat?post=715005"},{"taxonomy":"product_tag","embeddable":true,"href":"https:\/\/roveyayinevi.com.tr\/index.php\/wp-json\/wp\/v2\/product_tag?post=715005"}],"curies":[{"name":"wp","href":"https:\/\/api.w.org\/{rel}","templated":true}]}}