{"id":715004,"date":"2025-08-27T17:25:06","date_gmt":"2025-08-27T14:25:06","guid":{"rendered":"https:\/\/roveyayinevi.com.tr\/index.php\/urun\/dc-rebirth-all-star-batman-sayi-3\/"},"modified":"2025-08-31T15:36:29","modified_gmt":"2025-08-31T12:36:29","slug":"dc-rebirth-all-star-batman-sayi-3","status":"publish","type":"product","link":"https:\/\/roveyayinevi.com.tr\/index.php\/urun\/dc-rebirth-all-star-batman-sayi-3\/","title":{"rendered":"DC Rebirth-All Star Batman Say\u0131 3"},"content":{"rendered":"<p>All-Star 3 Batman, bu yolculuk boyunca kar\u015f\u0131la\u015ft\u0131\u011f\u0131 belki de en b\u00fcy\u00fck tehditle y\u00fczle\u015fiyordu. \u00dcstelik Two-Face de bu yeni tehditten pay\u0131n\u0131 alm\u0131\u015ft\u0131. Bir zamanlar d\u00fcnyay\u0131 istedikleri gibi g\u00f6rmenin hayallerini kuran bu iki eski dost ve iki eski d\u00fc\u015fman, Pelerinli S\u00fcvarinin -yeni ve eskilerde kalm\u0131\u015f- dostlar\u0131n\u0131n yard\u0131m\u0131na ihtiya\u00e7 duyacaklard\u0131. Fakat yollar\u0131na \u00e7\u0131kmaya niyetli olanlar sadece Bruce\u2019un dostlar\u0131 ve d\u00fc\u015fmanlar\u0131 de\u011fildi. A\u011f giderek daral\u0131yor ve Batman\u2019in \u00f6n\u00fcndeki yolu g\u00f6rmesi giderek zorla\u015f\u0131yordu. Batman, bu yolculuk boyunca kar\u015f\u0131la\u015ft\u0131\u011f\u0131 belki de en b\u00fcy\u00fck tehditle y\u00fczle\u015fiyordu. \u00dcstelik Two-Face de bu yeni tehditten pay\u0131n\u0131 alm\u0131\u015ft\u0131. Bir zamanlar d\u00fcnyay\u0131 istedikleri gibi g\u00f6rmenin hayallerini kuran bu iki eski dost ve iki eski d\u00fc\u015fman, Pelerinli S\u00fcvarinin -yeni ve eskilerde kalm\u0131\u015f- dostlar\u0131n\u0131n yard\u0131m\u0131na ihtiya\u00e7 duyacaklard\u0131. Fakat yollar\u0131na \u00e7\u0131kmaya niyetli olanlar sadece Bruce\u2019un dostlar\u0131 ve d\u00fc\u015fmanlar\u0131 de\u011fildi. A\u011f giderek daral\u0131yor ve Batman\u2019in \u00f6n\u00fcndeki yolu g\u00f6rmesi giderek zorla\u015f\u0131yordu.Lanetli \u00c7ark 3 Lanetli \u00c7ark d\u00f6nmeye devam ediyordu ve Duke\u2019un do\u011fru sorular\u0131 sormay\u0131, do\u011fru sonu\u00e7lara varmay\u0131 \u00f6\u011frenebilmek i\u00e7in ke\u015ffetmesi gereken bir \u015fey daha vard\u0131. D\u00fcnya, bizim olmas\u0131n\u0131 istedi\u011fimiz, insanlara ve olaylara verdi\u011fimiz isimlerden dolay\u0131 oldu\u011funu d\u00fc\u015f\u00fcnd\u00fc\u011f\u00fcm\u00fcz yer olmayabilirdi. Ge\u00e7mi\u015finden gelen bir ses Duke\u2019a g\u00f6rd\u00fc\u011f\u00fc resmin arkas\u0131ndakileri sorgulamay\u0131 \u00f6\u011fretebilecek miydi?<\/p>\n","protected":false},"excerpt":{"rendered":"<p>All-Star 3 Batman, bu yolculuk boyunca kar\u015f\u0131la\u015ft\u0131\u011f\u0131 belki de en b\u00fcy\u00fck tehditle y\u00fczle\u015fiyordu. \u00dcstelik Two-Face de bu yeni tehditten pay\u0131n\u0131 alm\u0131\u015ft\u0131. Bir zamanlar d\u00fcnyay\u0131 istedikleri gibi<span class=\"excerpt-hellip\"> [\u2026]<\/span><\/p>\n","protected":false},"featured_media":0,"template":"","meta":{"_monsterinsights_skip_tracking":false,"_monsterinsights_sitenote_active":false,"_monsterinsights_sitenote_note":"","_monsterinsights_sitenote_category":0},"product_brand":[],"product_cat":[12689,12274],"product_tag":[],"class_list":{"0":"post-715004","1":"product","2":"type-product","3":"status-publish","5":"product_cat-cizgi-roman-cocuk-ve-genclik-kitaplari","6":"product_cat-cocuk-ve-genclik-kitaplari","7":"pa_cilt-ciltsiz","8":"pa_tur-kitap","9":"pa_yayinevi-jbc-yayincilik","10":"pa_yazar-scott-snyder","12":"first","13":"instock","14":"sale","15":"shipping-taxable","16":"purchasable","17":"product-type-simple"},"_links":{"self":[{"href":"https:\/\/roveyayinevi.com.tr\/index.php\/wp-json\/wp\/v2\/product\/715004","targetHints":{"allow":["GET"]}}],"collection":[{"href":"https:\/\/roveyayinevi.com.tr\/index.php\/wp-json\/wp\/v2\/product"}],"about":[{"href":"https:\/\/roveyayinevi.com.tr\/index.php\/wp-json\/wp\/v2\/types\/product"}],"wp:attachment":[{"href":"https:\/\/roveyayinevi.com.tr\/index.php\/wp-json\/wp\/v2\/media?parent=715004"}],"wp:term":[{"taxonomy":"product_brand","embeddable":true,"href":"https:\/\/roveyayinevi.com.tr\/index.php\/wp-json\/wp\/v2\/product_brand?post=715004"},{"taxonomy":"product_cat","embeddable":true,"href":"https:\/\/roveyayinevi.com.tr\/index.php\/wp-json\/wp\/v2\/product_cat?post=715004"},{"taxonomy":"product_tag","embeddable":true,"href":"https:\/\/roveyayinevi.com.tr\/index.php\/wp-json\/wp\/v2\/product_tag?post=715004"}],"curies":[{"name":"wp","href":"https:\/\/api.w.org\/{rel}","templated":true}]}}