{"id":715000,"date":"2025-08-27T17:25:03","date_gmt":"2025-08-27T14:25:03","guid":{"rendered":"https:\/\/roveyayinevi.com.tr\/index.php\/urun\/dogumun-bilgeligi\/"},"modified":"2026-04-16T02:23:18","modified_gmt":"2026-04-15T23:23:18","slug":"dogumun-bilgeligi","status":"publish","type":"product","link":"https:\/\/roveyayinevi.com.tr\/index.php\/urun\/dogumun-bilgeligi\/","title":{"rendered":"Do\u011fumun Bilgeli\u011fi"},"content":{"rendered":"<p>Sevgili anne adaylar\u0131 ve taze anneler, Sizin i\u00e7in g\u00fcvenilir bir kaynak, bir ba\u015fucu kitab\u0131 haz\u0131rlamay\u0131 ama\u00e7lad\u0131k. Okurken i\u00e7inizdeki annelik g\u00fcc\u00fcn\u00fc ke\u015ffetmenizi umuyor, buldu\u011funuz g\u00fcce pratik bilgiler ekleyerek do\u011fumunuza ve bebe\u011finize \u00e7ok daha iyi haz\u0131rlanaca\u011f\u0131n\u0131za inan\u0131yoruz.   Anneler Ne Diyor? Do\u011fumun Bilgeli\u011fi kad\u0131n\u0131 g\u00fc\u00e7lendiren bir tecr\u00fcbe olarak do\u011fumu \u00e7ok g\u00fczel anlat\u0131yor. Sevgili Ba\u015fak kendi do\u011fumlar\u0131n\u0131n e\u015fsiz tecr\u00fcbeleri ile zenginle\u015ftirerek do\u011fum ve sonras\u0131 i\u00e7in harika bir rehber yaratm\u0131\u015f. Hem do\u011furacak b\u00fct\u00fcn kad\u0131nlara, hem de ebelere, doulalara, doktorlara, e\u015flere, do\u011fumla ilgili herkese \u00f6neriyorum. Dr. G\u00fclnihal B\u00fclb\u00fcl, kad\u0131n-do\u011fum uzman\u0131, anne   Bu yolculukta \u00f6n\u00fcn\u00fcze \u00e7\u0131kabilecek hemen her \u015feye haz\u0131rl\u0131yor, \u00e7\u00f6z\u00fcm \u00f6nerileri sunuyor. Hem bilim hem de deneyimlerle yo\u011frulmu\u015f harika bir kaynak. Sadece annelerin de\u011fil, do\u011fum \u00e7al\u0131\u015fanlar\u0131n\u0131n da ba\u015fucunda bulunmal\u0131. Ay\u00e7a Demir, ebe, anne   \u00dc\u00e7\u00fcnc\u00fc \u00e7ocu\u011fuma hamile kalsam okuyaca\u011f\u0131m ilk kitap olurdu. \u0130htiya\u00e7 duyulabilecek t\u00fcm bilgiye tek bir kaynaktan ula\u015fabilmek b\u00fcy\u00fck kolayl\u0131k. Kad\u0131n\u0131n i\u00e7indeki g\u00fcc\u00fc farketmesi i\u00e7in e\u015fsiz bir destek sa\u011fl\u0131yor. Yal\u0131n ve samimi diline bay\u0131ld\u0131m. Sima \u0130brahimiye \u00d6l\u00e7er, doula, anne   Baz\u0131 kitaplar yolda\u015ft\u0131r. Bu kitap da onlardan biri. Samimi bir dil ile kan\u0131ta dayal\u0131 bilgileri payla\u015f\u0131rken hamilelik ser\u00fcveninin ruhsal boyutunu unutmuyor. Charlotte Codron, emzirme dan\u0131\u015fman\u0131, anne<\/p>\n","protected":false},"excerpt":{"rendered":"<p>Sevgili anne adaylar\u0131 ve taze anneler, Sizin i\u00e7in g\u00fcvenilir bir kaynak, bir ba\u015fucu kitab\u0131 haz\u0131rlamay\u0131 ama\u00e7lad\u0131k. Okurken i\u00e7inizdeki annelik g\u00fcc\u00fcn\u00fc ke\u015ffetmenizi umuyor, buldu\u011funuz g\u00fcce pratik bilgiler<span class=\"excerpt-hellip\"> [\u2026]<\/span><\/p>\n","protected":false},"featured_media":0,"template":"","meta":{"_monsterinsights_skip_tracking":false,"_monsterinsights_sitenote_active":false,"_monsterinsights_sitenote_note":"","_monsterinsights_sitenote_category":0},"product_brand":[],"product_cat":[14902,13365],"product_tag":[],"class_list":{"0":"post-715000","1":"product","2":"type-product","3":"status-publish","5":"product_cat-annelik-ve-cocuk-bakimi","6":"product_cat-saglik","7":"pa_cilt-ciltsiz","8":"pa_tur-kitap","9":"pa_yayinevi-kuraldisi-yayinevi","10":"pa_yazar-basak-kutlu-atay","12":"first","13":"instock","14":"sale","15":"shipping-taxable","16":"purchasable","17":"product-type-simple"},"_links":{"self":[{"href":"https:\/\/roveyayinevi.com.tr\/index.php\/wp-json\/wp\/v2\/product\/715000","targetHints":{"allow":["GET"]}}],"collection":[{"href":"https:\/\/roveyayinevi.com.tr\/index.php\/wp-json\/wp\/v2\/product"}],"about":[{"href":"https:\/\/roveyayinevi.com.tr\/index.php\/wp-json\/wp\/v2\/types\/product"}],"wp:attachment":[{"href":"https:\/\/roveyayinevi.com.tr\/index.php\/wp-json\/wp\/v2\/media?parent=715000"}],"wp:term":[{"taxonomy":"product_brand","embeddable":true,"href":"https:\/\/roveyayinevi.com.tr\/index.php\/wp-json\/wp\/v2\/product_brand?post=715000"},{"taxonomy":"product_cat","embeddable":true,"href":"https:\/\/roveyayinevi.com.tr\/index.php\/wp-json\/wp\/v2\/product_cat?post=715000"},{"taxonomy":"product_tag","embeddable":true,"href":"https:\/\/roveyayinevi.com.tr\/index.php\/wp-json\/wp\/v2\/product_tag?post=715000"}],"curies":[{"name":"wp","href":"https:\/\/api.w.org\/{rel}","templated":true}]}}