{"id":714998,"date":"2025-08-27T17:25:02","date_gmt":"2025-08-27T14:25:02","guid":{"rendered":"https:\/\/roveyayinevi.com.tr\/index.php\/urun\/dortlerin-imzasi-sherlock-holmes\/"},"modified":"2026-04-16T02:23:18","modified_gmt":"2026-04-15T23:23:18","slug":"dortlerin-imzasi-sherlock-holmes","status":"publish","type":"product","link":"https:\/\/roveyayinevi.com.tr\/index.php\/urun\/dortlerin-imzasi-sherlock-holmes\/","title":{"rendered":"D\u00f6rtlerin \u0130mzas\u0131 &#8211; Sherlock Holmes"},"content":{"rendered":"<p>\u201cO da ne demek, Tanr\u0131 A\u015fk\u0131na?\u201d \u201cCinayet demek\u2026\u201d    Yard\u0131m istemek i\u00e7in Baker Street 221B adresine gelen Mary Morstan\u2019\u0131n\u201cfazlas\u0131yla muammal\u0131\u201d meselesi Dr. Watson\u2019\u0131 heyecanland\u0131rmaya, SherlockHolmes\u2019u ise derin uyu\u015fuklu\u011fundan silkelemeye yetiyor. Sonu\u00e7ta Londra\u2019n\u0131n tek gayriresmi dan\u0131\u015fman dedektifinden ba\u015fka kim, s\u0131rra kadem basm\u0131\u015f \u0130ngiliz subay\u0131n\u0131n, tek bacakl\u0131 adam\u0131n, onun \u00e7\u0131plak ayakl\u0131 yard\u0131mc\u0131s\u0131n\u0131n, kay\u0131p define sand\u0131\u011f\u0131n\u0131n ve \u201cd\u00f6rtlerin imzas\u0131\u201dn\u0131n esrar\u0131n\u0131 ayd\u0131nlatabilir ki?    \u0130ngiltere\u2019nin \u00e7izgi roman d\u00fcnyas\u0131ndaki \u00f6nemli temsilcilerinden IanEdginton ve I.N.J. Culbardtaraf\u0131ndan uyarlanan bu d\u00f6rt Arthur ConanDoyle klasi\u011finden ikincisi D\u00f6rtlerin \u0130mzas\u0131\u2019n\u0131Kutlukhan Kutlu \u00e7evirisiyle be\u011feninize sunmaktan mutluluk duyuyoruz.    \u201cHolmes\u2019un ikinci roman\u0131n\u0131n bu versiyonu ola\u011fan\u00fcst\u00fc. Her y\u00f6n\u00fcyle tam bir \u015f\u00f6len.\u201d  \u2013 PublishersWeekly  <\/p>\n","protected":false},"excerpt":{"rendered":"<p>\u201cO da ne demek, Tanr\u0131 A\u015fk\u0131na?\u201d \u201cCinayet demek\u2026\u201d Yard\u0131m istemek i\u00e7in Baker Street 221B adresine gelen Mary Morstan\u2019\u0131n\u201cfazlas\u0131yla muammal\u0131\u201d meselesi Dr. Watson\u2019\u0131 heyecanland\u0131rmaya, SherlockHolmes\u2019u ise derin<span class=\"excerpt-hellip\"> [\u2026]<\/span><\/p>\n","protected":false},"featured_media":0,"template":"","meta":{"_monsterinsights_skip_tracking":false,"_monsterinsights_sitenote_active":false,"_monsterinsights_sitenote_note":"","_monsterinsights_sitenote_category":0},"product_brand":[],"product_cat":[12689,12274],"product_tag":[],"class_list":{"0":"post-714998","1":"product","2":"type-product","3":"status-publish","5":"product_cat-cizgi-roman-cocuk-ve-genclik-kitaplari","6":"product_cat-cocuk-ve-genclik-kitaplari","7":"pa_cilt-ciltsiz","8":"pa_tur-kitap","9":"pa_yayinevi-domingo-yayinevi","10":"pa_yazar-sir-arthur-conan-doyle-ian-edginton-i-n-j-culbard","12":"first","13":"instock","14":"sale","15":"shipping-taxable","16":"purchasable","17":"product-type-simple"},"_links":{"self":[{"href":"https:\/\/roveyayinevi.com.tr\/index.php\/wp-json\/wp\/v2\/product\/714998","targetHints":{"allow":["GET"]}}],"collection":[{"href":"https:\/\/roveyayinevi.com.tr\/index.php\/wp-json\/wp\/v2\/product"}],"about":[{"href":"https:\/\/roveyayinevi.com.tr\/index.php\/wp-json\/wp\/v2\/types\/product"}],"wp:attachment":[{"href":"https:\/\/roveyayinevi.com.tr\/index.php\/wp-json\/wp\/v2\/media?parent=714998"}],"wp:term":[{"taxonomy":"product_brand","embeddable":true,"href":"https:\/\/roveyayinevi.com.tr\/index.php\/wp-json\/wp\/v2\/product_brand?post=714998"},{"taxonomy":"product_cat","embeddable":true,"href":"https:\/\/roveyayinevi.com.tr\/index.php\/wp-json\/wp\/v2\/product_cat?post=714998"},{"taxonomy":"product_tag","embeddable":true,"href":"https:\/\/roveyayinevi.com.tr\/index.php\/wp-json\/wp\/v2\/product_tag?post=714998"}],"curies":[{"name":"wp","href":"https:\/\/api.w.org\/{rel}","templated":true}]}}