{"id":714997,"date":"2025-08-27T17:25:02","date_gmt":"2025-08-27T14:25:02","guid":{"rendered":"https:\/\/roveyayinevi.com.tr\/index.php\/urun\/dogu-asya-alternatif-bir-gezi-rehberi\/"},"modified":"2026-04-16T02:23:18","modified_gmt":"2026-04-15T23:23:18","slug":"dogu-asya-alternatif-bir-gezi-rehberi","status":"publish","type":"product","link":"https:\/\/roveyayinevi.com.tr\/index.php\/urun\/dogu-asya-alternatif-bir-gezi-rehberi\/","title":{"rendered":"Do\u011fu Asya &#8211; Alternatif Bir Gezi Rehberi"},"content":{"rendered":"<p>Bilindik gezi kavram\u0131n\u0131 bir ad\u0131m \u00f6teye ta\u015f\u0131yarak gitti\u011fi her yerde yabanc\u0131 de\u011fil misafir olmak isteyen bir gezginden, al\u0131\u015f\u0131lm\u0131\u015f\u0131n d\u0131\u015f\u0131nda bir gezi rehberi.Uzak diyarlar\u0131 yak\u0131na getiren gezgin Okan Okumu\u015f, s\u0131rt \u00e7antas\u0131nda ta\u015f\u0131d\u0131\u011f\u0131 an\u0131lar\u0131yla Latin Amerika\u2019dan sonra bu kez Do\u011fu Asya\u2019ya g\u00f6t\u00fcr\u00fcyor bizi. Japonya\u2019n\u0131n modern sokaklar\u0131nda y\u00fcr\u00fcy\u00fcp Vietnam\u2019\u0131n konuksever sofralar\u0131na konuk olacak, Kambo\u00e7ya\u2019n\u0131n tap\u0131naklar\u0131ndan ge\u00e7erek Tayland\u2019\u0131n y\u00fczen pazarlar\u0131na ve Laos\u2019un huzurlu da\u011f k\u00f6ylerine varacaks\u0131n\u0131z. Myanmar\u2019da beklenmedik d\u00fc\u011f\u00fcnlerden \u00c7in\u2019in antik kentlerine; efsanevi Trans Sibirya tren yolculu\u011fuyla Mo\u011folistan steplerinden ge\u00e7erek Sibirya\u2019ya uzanan bir yolculu\u011fa haz\u0131r olun.S\u0131n\u0131rlar\u0131 Kald\u0131rd\u0131m serisinin ikinci kitab\u0131 Do\u011fu Asya \u2013 Alternatif bir Gezi Rehberi, yeni bir maceraya at\u0131l\u0131rken gerekli her t\u00fcrl\u00fc teknik bilginin yan\u0131nda, alternatif rotalar, gizli lezzetler, k\u00fclt\u00fcr, tarih ve en \u00f6nemlisi insanlara dair kesitlerle dolu zengin bir Do\u011fu Asya sergisi sunuyor.S\u0131rt \u00e7antan\u0131z\u0131 al\u0131p yollara d\u00fc\u015fme vakti!<\/p>\n","protected":false},"excerpt":{"rendered":"<p>Bilindik gezi kavram\u0131n\u0131 bir ad\u0131m \u00f6teye ta\u015f\u0131yarak gitti\u011fi her yerde yabanc\u0131 de\u011fil misafir olmak isteyen bir gezginden, al\u0131\u015f\u0131lm\u0131\u015f\u0131n d\u0131\u015f\u0131nda bir gezi rehberi.Uzak diyarlar\u0131 yak\u0131na getiren gezgin<span class=\"excerpt-hellip\"> [\u2026]<\/span><\/p>\n","protected":false},"featured_media":0,"template":"","meta":{"_monsterinsights_skip_tracking":false,"_monsterinsights_sitenote_active":false,"_monsterinsights_sitenote_note":"","_monsterinsights_sitenote_category":0},"product_brand":[],"product_cat":[13055,13054],"product_tag":[],"class_list":{"0":"post-714997","1":"product","2":"type-product","3":"status-publish","5":"product_cat-gezi-rehberi","6":"product_cat-gezi-ve-rehber-kitaplari","7":"pa_cilt-ciltsiz","8":"pa_tur-kitap","9":"pa_yayinevi-kolektif-kitap","10":"pa_yazar-okan-okumus","12":"first","13":"instock","14":"sale","15":"shipping-taxable","16":"purchasable","17":"product-type-simple"},"_links":{"self":[{"href":"https:\/\/roveyayinevi.com.tr\/index.php\/wp-json\/wp\/v2\/product\/714997","targetHints":{"allow":["GET"]}}],"collection":[{"href":"https:\/\/roveyayinevi.com.tr\/index.php\/wp-json\/wp\/v2\/product"}],"about":[{"href":"https:\/\/roveyayinevi.com.tr\/index.php\/wp-json\/wp\/v2\/types\/product"}],"wp:attachment":[{"href":"https:\/\/roveyayinevi.com.tr\/index.php\/wp-json\/wp\/v2\/media?parent=714997"}],"wp:term":[{"taxonomy":"product_brand","embeddable":true,"href":"https:\/\/roveyayinevi.com.tr\/index.php\/wp-json\/wp\/v2\/product_brand?post=714997"},{"taxonomy":"product_cat","embeddable":true,"href":"https:\/\/roveyayinevi.com.tr\/index.php\/wp-json\/wp\/v2\/product_cat?post=714997"},{"taxonomy":"product_tag","embeddable":true,"href":"https:\/\/roveyayinevi.com.tr\/index.php\/wp-json\/wp\/v2\/product_tag?post=714997"}],"curies":[{"name":"wp","href":"https:\/\/api.w.org\/{rel}","templated":true}]}}