{"id":714995,"date":"2025-08-27T17:25:01","date_gmt":"2025-08-27T14:25:01","guid":{"rendered":"https:\/\/roveyayinevi.com.tr\/index.php\/urun\/avrasyada-samanlar\/"},"modified":"2026-04-16T02:23:18","modified_gmt":"2026-04-15T23:23:18","slug":"avrasyada-samanlar","status":"publish","type":"product","link":"https:\/\/roveyayinevi.com.tr\/index.php\/urun\/avrasyada-samanlar\/","title":{"rendered":"Avrasya&#8217;da \u015eamanlar"},"content":{"rendered":"<p>70li y\u0131llar\u0131n ortalar\u0131nda ilk kez Sibirya&#8217;da bulunurken bunun hayat boyu s\u00fcrecek bir seyehat oldu\u011funu anlad\u0131m. \u015eaman\u0131n t\u00f6ren s\u0131ras\u0131nda &#8220;ba\u015fka d\u00fcnyalara&#8221; yapt\u0131\u011f\u0131 seyahat gibi, gen\u00e7 etnolog i\u00e7in yabanc\u0131 milletlerin ara\u015ft\u0131r\u0131lmas\u0131 yeni s\u0131rlar\u0131n \u00e7\u00f6z\u00fclmesi anlam\u0131na geliyordu.Bu ayn\u0131 zamanda bilgi edinmenin biricik y\u00f6ntemidir. Ancak 90&#8217;l\u0131 y\u0131llarda faaliyetlerini hala s\u00fcrd\u00fcren \u015faman ve \u015faman kad\u0131rlarla tan\u0131\u015fabilecek kadar \u015fansl\u0131 olabilece\u011fimi d\u00fc\u015f\u00fcnmemi\u015ftim.Elinizdeki kitap bu seyahatlerin ve bulu\u015fmalar\u0131n bir \u00fcr\u00fcn\u00fcd\u00fcr, dolay\u0131s\u0131yla eser yapt\u0131\u011f\u0131m seyahatlerle birlikte birbirine uzak &#8220;d\u00fcnyalardan&#8221;, Avrasyal\u0131 \u015famanlar\u0131n d\u00fcnyas\u0131ndan bizim d\u00fcnyam\u0131za, elde edilen bilgilerin aktar\u0131lmas\u0131 a\u00e7\u0131s\u0131ndan da gene \u015famanlar\u0131n i\u015flerine benzerlik g\u00f6stermektedir. Bu sat\u0131rlar\u0131 yazarken ben de usta bir \u015faman gibi farkl\u0131 k\u00fclt\u00fcrler aras\u0131nda bilgi al\u0131\u015fveri\u015fi sa\u011flayan bir arac\u0131y\u0131m. Mihaly Hoppal, d\u00fcnyan\u0131n bir\u00e7ok diline \u00e7evrilen bu kitab\u0131yla dini ve siyasi bask\u0131lara direnen renkli bir d\u00fcnyan\u0131n gizlerini payla\u015f\u0131yor. \u00c7ok uzun bir zamandan beri Bat\u0131l\u0131 ara\u015ft\u0131rmac\u0131lar taraf\u0131ndan didik didik edilen \u015eamanizm \u00fczerine s\u00f6ylenecek yeni \u015feylerin varl\u0131\u011f\u0131 bu kitapla da ortaya konulmu\u015f oluyor. K\u0131rk y\u0131l boyunca \u015famanlar, \u015famanl\u0131k, \u015faman inan\u00e7 ve uygulamalar\u0131 \u00fczerine \u00e7al\u0131\u015fan bilgin, Avrasya&#8217;da \u015eamanlar konusunu \u00e7ok geni\u015f bir co\u011frafyada ve \u00e7ok farkl\u0131 toplumlarda ya\u015fanm\u0131\u015f, ya\u015famakta olan bir inan\u00e7 \u00f6zg\u00fcrl\u00fc\u011f\u00fc, bir var olu\u015f ve k\u00fclt\u00fcr aktarma m\u00fccadelesi olarak da yans\u0131t\u0131yor. Avrasya&#8217;da \u015eamanlar, T\u00fcrk k\u00fclt\u00fcr\u00fc ve inan\u00e7 tarihi a\u00e7\u0131s\u0131ndan bir i\u00e7 ve derin bak\u0131\u015flar sisteminin anahtar\u0131 ayn\u0131 zamanda&#8230;<\/p>\n","protected":false},"excerpt":{"rendered":"<p>70li y\u0131llar\u0131n ortalar\u0131nda ilk kez Sibirya&#8217;da bulunurken bunun hayat boyu s\u00fcrecek bir seyehat oldu\u011funu anlad\u0131m. \u015eaman\u0131n t\u00f6ren s\u0131ras\u0131nda &#8220;ba\u015fka d\u00fcnyalara&#8221; yapt\u0131\u011f\u0131 seyahat gibi, gen\u00e7 etnolog i\u00e7in<span class=\"excerpt-hellip\"> [\u2026]<\/span><\/p>\n","protected":false},"featured_media":0,"template":"","meta":{"_monsterinsights_skip_tracking":false,"_monsterinsights_sitenote_active":false,"_monsterinsights_sitenote_note":"","_monsterinsights_sitenote_category":0},"product_brand":[],"product_cat":[12408,14197],"product_tag":[],"class_list":{"0":"post-714995","1":"product","2":"type-product","3":"status-publish","5":"product_cat-sanat","6":"product_cat-sanat-tarihi","7":"pa_cilt-ciltsiz","8":"pa_tur-kitap","9":"pa_yayinevi-yapi-kredi-yayinlari","10":"pa_yazar-mihaly-hoppal","12":"first","13":"instock","14":"sale","15":"shipping-taxable","16":"purchasable","17":"product-type-simple"},"_links":{"self":[{"href":"https:\/\/roveyayinevi.com.tr\/index.php\/wp-json\/wp\/v2\/product\/714995","targetHints":{"allow":["GET"]}}],"collection":[{"href":"https:\/\/roveyayinevi.com.tr\/index.php\/wp-json\/wp\/v2\/product"}],"about":[{"href":"https:\/\/roveyayinevi.com.tr\/index.php\/wp-json\/wp\/v2\/types\/product"}],"wp:attachment":[{"href":"https:\/\/roveyayinevi.com.tr\/index.php\/wp-json\/wp\/v2\/media?parent=714995"}],"wp:term":[{"taxonomy":"product_brand","embeddable":true,"href":"https:\/\/roveyayinevi.com.tr\/index.php\/wp-json\/wp\/v2\/product_brand?post=714995"},{"taxonomy":"product_cat","embeddable":true,"href":"https:\/\/roveyayinevi.com.tr\/index.php\/wp-json\/wp\/v2\/product_cat?post=714995"},{"taxonomy":"product_tag","embeddable":true,"href":"https:\/\/roveyayinevi.com.tr\/index.php\/wp-json\/wp\/v2\/product_tag?post=714995"}],"curies":[{"name":"wp","href":"https:\/\/api.w.org\/{rel}","templated":true}]}}