{"id":714993,"date":"2025-08-27T17:25:00","date_gmt":"2025-08-27T14:25:00","guid":{"rendered":"https:\/\/roveyayinevi.com.tr\/index.php\/urun\/erken-cocukluk-doneminde-oz-duzenleme\/"},"modified":"2026-04-16T02:23:18","modified_gmt":"2026-04-15T23:23:18","slug":"erken-cocukluk-doneminde-oz-duzenleme","status":"publish","type":"product","link":"https:\/\/roveyayinevi.com.tr\/index.php\/urun\/erken-cocukluk-doneminde-oz-duzenleme\/","title":{"rendered":"Erken \u00c7ocukluk D\u00f6neminde \u00d6z D\u00fczenleme"},"content":{"rendered":"<p>Erken d\u00f6nemde d\u00fc\u015f\u00fcncelerini, davran\u0131\u015flar\u0131n\u0131 ve duygular\u0131n\u0131 organize etmeyi, yani \u00f6z\u00fcn\u00fc d\u00fczenlemeyi \u00f6\u011frenen \u00e7ocuklar, gelecekte duygular\u0131n\u0131n fark\u0131nda olan; olaylar kar\u015f\u0131s\u0131nda davran\u0131\u015f ve d\u00fc\u015f\u00fcncelerini planlayabilen, d\u00fcrt\u00fclerini kontrol edebilen, \u00e7evresiyle uyumlu, hedeflerine ula\u015fmak i\u00e7in planlama ve organizasyon becerilerini kullanabilen ki\u015filer olabilirler. Ayr\u0131ca kendini d\u00fczenleyebilen \u00e7ocuklar, okula daha kolay uyum g\u00f6sterip ba\u015far\u0131ya ula\u015fabilirler.   Erken \u00c7ocukluk D\u00f6neminde \u00d6z D\u00fczenleme: \u0130zleme, De\u011ferlendirme ve Destekleme Y\u00f6ntemleri isimli bu kitap, anne babalar\u0131n ve \u00f6\u011fretmenlerin \u00f6z d\u00fczenlemenin geli\u015fimini \u00f6\u011frenmeleri ve \u00e7ocuklarla olan t\u00fcm etkile\u015fimlerinde bu geli\u015fim s\u00fcre\u00e7lerinin desteklenmesi ile ilgili stratejileri kullanmalar\u0131 i\u00e7in rehber olmay\u0131 ama\u00e7lamaktad\u0131r. Bu do\u011frultuda, kitab\u0131n ilk b\u00f6l\u00fcm\u00fcnde \u00f6z d\u00fczenlemenin tan\u0131m\u0131 ve kapsam\u0131; ikinci b\u00f6l\u00fcm\u00fcnde ise erken \u00e7ocukluk d\u00f6neminde \u00f6z d\u00fczenlemenin geli\u015fimi a\u00e7\u0131klanmaktad\u0131r.<\/p>\n","protected":false},"excerpt":{"rendered":"<p>Erken d\u00f6nemde d\u00fc\u015f\u00fcncelerini, davran\u0131\u015flar\u0131n\u0131 ve duygular\u0131n\u0131 organize etmeyi, yani \u00f6z\u00fcn\u00fc d\u00fczenlemeyi \u00f6\u011frenen \u00e7ocuklar, gelecekte duygular\u0131n\u0131n fark\u0131nda olan; olaylar kar\u015f\u0131s\u0131nda davran\u0131\u015f ve d\u00fc\u015f\u00fcncelerini planlayabilen, d\u00fcrt\u00fclerini kontrol edebilen,<span class=\"excerpt-hellip\"> [\u2026]<\/span><\/p>\n","protected":false},"featured_media":0,"template":"","meta":{"_monsterinsights_skip_tracking":false,"_monsterinsights_sitenote_active":false,"_monsterinsights_sitenote_note":"","_monsterinsights_sitenote_category":0},"product_brand":[],"product_cat":[12573,12566],"product_tag":[],"class_list":{"0":"post-714993","1":"product","2":"type-product","3":"status-publish","5":"product_cat-akademik-kitaplar","6":"product_cat-egitim","7":"pa_cilt-ciltsiz","8":"pa_tur-kitap","9":"pa_yayinevi-ani-yayincilik","10":"pa_yazar-h-gozde-erturk-kara-tulin-guler-yildiz-ezgi-findik","12":"first","13":"instock","14":"sale","15":"shipping-taxable","16":"purchasable","17":"product-type-simple"},"_links":{"self":[{"href":"https:\/\/roveyayinevi.com.tr\/index.php\/wp-json\/wp\/v2\/product\/714993","targetHints":{"allow":["GET"]}}],"collection":[{"href":"https:\/\/roveyayinevi.com.tr\/index.php\/wp-json\/wp\/v2\/product"}],"about":[{"href":"https:\/\/roveyayinevi.com.tr\/index.php\/wp-json\/wp\/v2\/types\/product"}],"wp:attachment":[{"href":"https:\/\/roveyayinevi.com.tr\/index.php\/wp-json\/wp\/v2\/media?parent=714993"}],"wp:term":[{"taxonomy":"product_brand","embeddable":true,"href":"https:\/\/roveyayinevi.com.tr\/index.php\/wp-json\/wp\/v2\/product_brand?post=714993"},{"taxonomy":"product_cat","embeddable":true,"href":"https:\/\/roveyayinevi.com.tr\/index.php\/wp-json\/wp\/v2\/product_cat?post=714993"},{"taxonomy":"product_tag","embeddable":true,"href":"https:\/\/roveyayinevi.com.tr\/index.php\/wp-json\/wp\/v2\/product_tag?post=714993"}],"curies":[{"name":"wp","href":"https:\/\/api.w.org\/{rel}","templated":true}]}}