{"id":714992,"date":"2025-08-27T17:24:59","date_gmt":"2025-08-27T14:24:59","guid":{"rendered":"https:\/\/roveyayinevi.com.tr\/index.php\/urun\/dinamik-geometri-ogretimi\/"},"modified":"2026-04-16T02:23:18","modified_gmt":"2026-04-15T23:23:18","slug":"dinamik-geometri-ogretimi","status":"publish","type":"product","link":"https:\/\/roveyayinevi.com.tr\/index.php\/urun\/dinamik-geometri-ogretimi\/","title":{"rendered":"Dinamik Geometri \u00d6\u011fretimi"},"content":{"rendered":"<p>Bu kitap, ilk ve Orta\u00f6gretim Matematik Dersi \u00d6\u011fretim Programlar\u0131\u2019nda yer alan geometri konular\u0131n\u0131, \u00f6zellikle d\u00fczlemsel geometri konular\u0131n\u0131, bir Dinamik Geometri Yaz\u0131l\u0131m\u0131 (DGY) kullanarak bilgisayar yard\u0131m\u0131yla anlaml\u0131 bir \u015fekilde \u00f6gretmeyi ama\u00e7lamaktad\u0131r. DGY\u2019lerdenCabri II Plus Geometri Program\u0131 Ilk ve Ortaokul m\u00fcfretadlar\u0131nda yer alan kavramlar\u0131 i\u00e7eren bir program olup sadece Geometrik Yer ve inversiyon kavramlar\u0131 biraz daha ayr\u0131nt\u0131l\u0131 olarak ele al\u0131nmas\u0131 gereken kavramlar olarak g\u00f6r\u00fclm\u00fc\u015ft\u00fcr. Bu kavramlar\u0131 i\u00e7eren konulara kitapta bir b\u00f6l\u00fcm (6.b\u00f6l\u00fcm) olarak yer verilmi\u015ftir. 3 boyutlu uzayda yer alan konular ise ayn\u0131 isimli 2. kitap olarak planlanan yeni bir kitapta yer alacakt\u0131r.<\/p>\n","protected":false},"excerpt":{"rendered":"<p>Bu kitap, ilk ve Orta\u00f6gretim Matematik Dersi \u00d6\u011fretim Programlar\u0131\u2019nda yer alan geometri konular\u0131n\u0131, \u00f6zellikle d\u00fczlemsel geometri konular\u0131n\u0131, bir Dinamik Geometri Yaz\u0131l\u0131m\u0131 (DGY) kullanarak bilgisayar yard\u0131m\u0131yla anlaml\u0131<span class=\"excerpt-hellip\"> [\u2026]<\/span><\/p>\n","protected":false},"featured_media":0,"template":"","meta":{"_monsterinsights_skip_tracking":false,"_monsterinsights_sitenote_active":false,"_monsterinsights_sitenote_note":"","_monsterinsights_sitenote_category":0},"product_brand":[],"product_cat":[12573,12566],"product_tag":[],"class_list":{"0":"post-714992","1":"product","2":"type-product","3":"status-publish","5":"product_cat-akademik-kitaplar","6":"product_cat-egitim","7":"pa_cilt-ciltsiz","8":"pa_tur-kitap","9":"pa_yayinevi-ani-yayincilik","10":"pa_yazar-recep-aslaner","12":"first","13":"instock","14":"sale","15":"shipping-taxable","16":"purchasable","17":"product-type-simple"},"_links":{"self":[{"href":"https:\/\/roveyayinevi.com.tr\/index.php\/wp-json\/wp\/v2\/product\/714992","targetHints":{"allow":["GET"]}}],"collection":[{"href":"https:\/\/roveyayinevi.com.tr\/index.php\/wp-json\/wp\/v2\/product"}],"about":[{"href":"https:\/\/roveyayinevi.com.tr\/index.php\/wp-json\/wp\/v2\/types\/product"}],"wp:attachment":[{"href":"https:\/\/roveyayinevi.com.tr\/index.php\/wp-json\/wp\/v2\/media?parent=714992"}],"wp:term":[{"taxonomy":"product_brand","embeddable":true,"href":"https:\/\/roveyayinevi.com.tr\/index.php\/wp-json\/wp\/v2\/product_brand?post=714992"},{"taxonomy":"product_cat","embeddable":true,"href":"https:\/\/roveyayinevi.com.tr\/index.php\/wp-json\/wp\/v2\/product_cat?post=714992"},{"taxonomy":"product_tag","embeddable":true,"href":"https:\/\/roveyayinevi.com.tr\/index.php\/wp-json\/wp\/v2\/product_tag?post=714992"}],"curies":[{"name":"wp","href":"https:\/\/api.w.org\/{rel}","templated":true}]}}