{"id":714988,"date":"2025-08-27T17:24:57","date_gmt":"2025-08-27T14:24:57","guid":{"rendered":"https:\/\/roveyayinevi.com.tr\/index.php\/urun\/hakikat-ve-gerceklik\/"},"modified":"2026-04-16T02:23:18","modified_gmt":"2026-04-15T23:23:18","slug":"hakikat-ve-gerceklik","status":"publish","type":"product","link":"https:\/\/roveyayinevi.com.tr\/index.php\/urun\/hakikat-ve-gerceklik\/","title":{"rendered":"Hakikat ve Ger\u00e7eklik"},"content":{"rendered":"<p>Sigmund Freud\u2019un hem \u015fahs\u0131na hem \u00f6\u011fretilerine en sad\u0131k isimlerin ba\u015f\u0131nda gelen Otto Rank belki de t\u0131p e\u011fitimi almad\u0131\u011f\u0131 i\u00e7in Psikanaliz Cemiyetinin di\u011fer \u00fcyelerinden ayr\u0131\u015fm\u0131\u015f ve daha \u00e7ok felsefeyi, edebiyat\u0131 ve sanat\u0131 ilgilendiren eserler vermi\u015ftir. Rank\u2019\u0131n bu eserinde geli\u015ftirdi\u011fi irade psikolojisi, i\u00e7 d\u00fcnya ve d\u0131\u015f d\u00fcnya aras\u0131ndaki ili\u015fkileri, uyu\u015fmalar\u0131, kopu\u015flar\u0131 ve \u00e7\u0131kmazlar\u0131 Hakikat ve Ger\u00e7eklik \u0131\u015f\u0131\u011f\u0131 alt\u0131nda inceler.<\/p>\n","protected":false},"excerpt":{"rendered":"<p>Sigmund Freud\u2019un hem \u015fahs\u0131na hem \u00f6\u011fretilerine en sad\u0131k isimlerin ba\u015f\u0131nda gelen Otto Rank belki de t\u0131p e\u011fitimi almad\u0131\u011f\u0131 i\u00e7in Psikanaliz Cemiyetinin di\u011fer \u00fcyelerinden ayr\u0131\u015fm\u0131\u015f ve daha<span class=\"excerpt-hellip\"> [\u2026]<\/span><\/p>\n","protected":false},"featured_media":0,"template":"","meta":{"_monsterinsights_skip_tracking":false,"_monsterinsights_sitenote_active":false,"_monsterinsights_sitenote_note":"","_monsterinsights_sitenote_category":0},"product_brand":[],"product_cat":[12357],"product_tag":[],"class_list":{"0":"post-714988","1":"product","2":"type-product","3":"status-publish","5":"product_cat-psikoloji","6":"pa_cilt-ciltsiz","7":"pa_tur-kitap","8":"pa_yayinevi-pinhan-yayincilik","9":"pa_yazar-otto-rank","11":"first","12":"instock","13":"sale","14":"shipping-taxable","15":"purchasable","16":"product-type-simple"},"_links":{"self":[{"href":"https:\/\/roveyayinevi.com.tr\/index.php\/wp-json\/wp\/v2\/product\/714988","targetHints":{"allow":["GET"]}}],"collection":[{"href":"https:\/\/roveyayinevi.com.tr\/index.php\/wp-json\/wp\/v2\/product"}],"about":[{"href":"https:\/\/roveyayinevi.com.tr\/index.php\/wp-json\/wp\/v2\/types\/product"}],"wp:attachment":[{"href":"https:\/\/roveyayinevi.com.tr\/index.php\/wp-json\/wp\/v2\/media?parent=714988"}],"wp:term":[{"taxonomy":"product_brand","embeddable":true,"href":"https:\/\/roveyayinevi.com.tr\/index.php\/wp-json\/wp\/v2\/product_brand?post=714988"},{"taxonomy":"product_cat","embeddable":true,"href":"https:\/\/roveyayinevi.com.tr\/index.php\/wp-json\/wp\/v2\/product_cat?post=714988"},{"taxonomy":"product_tag","embeddable":true,"href":"https:\/\/roveyayinevi.com.tr\/index.php\/wp-json\/wp\/v2\/product_tag?post=714988"}],"curies":[{"name":"wp","href":"https:\/\/api.w.org\/{rel}","templated":true}]}}