{"id":714987,"date":"2025-08-27T17:24:56","date_gmt":"2025-08-27T14:24:56","guid":{"rendered":"https:\/\/roveyayinevi.com.tr\/index.php\/urun\/tip-sanatinin-anayasasi-tip-sanati-glaukona-tedavi-yonetemi\/"},"modified":"2026-04-16T02:23:18","modified_gmt":"2026-04-15T23:23:18","slug":"tip-sanatinin-anayasasi-tip-sanati-glaukona-tedavi-yonetemi","status":"publish","type":"product","link":"https:\/\/roveyayinevi.com.tr\/index.php\/urun\/tip-sanatinin-anayasasi-tip-sanati-glaukona-tedavi-yonetemi\/","title":{"rendered":"T\u0131p Sanat\u0131n\u0131n Anayasas\u0131, T\u0131p Sanat\u0131, Glaukon&#8217;a Tedavi Y\u00f6netemi"},"content":{"rendered":"<p>\u201cGalenos \u00f6ncelikle t\u0131p yazar\u0131yd\u0131 ama zaman\u0131n\u0131n felsefe tart\u0131\u015fmalar\u0131na b\u00fcy\u00fck ilgisi ve etkisi vard\u0131. \u00c7ok say\u0131da mant\u0131k ve etik kitab\u0131 yazd\u0131, t\u0131bb\u0131-bilimsel yaz\u0131lar\u0131nda bu konular\u0131 ve ba\u015fka felsefe meselelerini de \u2013\u00f6zellikle epistemoloji, do\u011fal d\u00fcnyada nedensellik, zihin felsefesi- ele ald\u0131. T\u0131bbi ve baz\u0131 ba\u011flamlarda felsefi \u00e7al\u0131\u015fmas\u0131n\u0131n Orta\u00e7a\u011fda hatta daha sonra bile Avrupa\u2019da ve (Arap-\u0130slam d\u00fcnyas\u0131na aktar\u0131lmas\u0131yla) Avrupa d\u0131\u015f\u0131nda muazzam etkisi oldu. Bilimsel Devrimden itibaren entelekt\u00fcel d\u00fcnyan\u0131n b\u00fcy\u00fck \u00f6l\u00e7\u00fcde g\u00f6z ard\u0131 etti\u011fi Galenos, \u00f6zellikle bilimsel bilgi konusunda \u00e7al\u0131\u015fmalar\u0131, mant\u0131\u011fa katk\u0131s\u0131, etik ve ahlak, psikoloji ve zihin-beden problemi tart\u0131\u015fmalar\u0131yla yak\u0131n tarihte akademisyenlerin bir hayli dikkatini \u00e7ekti. Galenos antik Bat\u0131n\u0131n \u00e7ok \u00fcretken entelekt\u00fcellerinden biridir, (g\u00fcn\u00fcm\u00fcze yaln\u0131zca Arap\u00e7a, S\u00fcryanice, \u0130branice veya Latince \u00e7evirileri gelen ba\u015fka birka\u00e7 eserlerle birlikte) 21 cilt eseri vard\u0131r, standart Yunanca bas\u0131m\u0131nda kitaplar\u0131n\u0131n her biri kabaca 1000 sayfay\u0131 bulur.<\/p>\n","protected":false},"excerpt":{"rendered":"<p>\u201cGalenos \u00f6ncelikle t\u0131p yazar\u0131yd\u0131 ama zaman\u0131n\u0131n felsefe tart\u0131\u015fmalar\u0131na b\u00fcy\u00fck ilgisi ve etkisi vard\u0131. \u00c7ok say\u0131da mant\u0131k ve etik kitab\u0131 yazd\u0131, t\u0131bb\u0131-bilimsel yaz\u0131lar\u0131nda bu konular\u0131 ve ba\u015fka<span class=\"excerpt-hellip\"> [\u2026]<\/span><\/p>\n","protected":false},"featured_media":0,"template":"","meta":{"_monsterinsights_skip_tracking":false,"_monsterinsights_sitenote_active":false,"_monsterinsights_sitenote_note":"","_monsterinsights_sitenote_category":0},"product_brand":[],"product_cat":[16965,13365],"product_tag":[],"class_list":{"0":"post-714987","1":"product","2":"type-product","3":"status-publish","5":"product_cat-genel-saglik-kitaplari","6":"product_cat-saglik","7":"pa_cilt-ciltsiz","8":"pa_tur-kitap","9":"pa_yayinevi-pinhan-yayincilik","10":"pa_yazar-galenos","12":"first","13":"instock","14":"sale","15":"shipping-taxable","16":"purchasable","17":"product-type-simple"},"_links":{"self":[{"href":"https:\/\/roveyayinevi.com.tr\/index.php\/wp-json\/wp\/v2\/product\/714987","targetHints":{"allow":["GET"]}}],"collection":[{"href":"https:\/\/roveyayinevi.com.tr\/index.php\/wp-json\/wp\/v2\/product"}],"about":[{"href":"https:\/\/roveyayinevi.com.tr\/index.php\/wp-json\/wp\/v2\/types\/product"}],"wp:attachment":[{"href":"https:\/\/roveyayinevi.com.tr\/index.php\/wp-json\/wp\/v2\/media?parent=714987"}],"wp:term":[{"taxonomy":"product_brand","embeddable":true,"href":"https:\/\/roveyayinevi.com.tr\/index.php\/wp-json\/wp\/v2\/product_brand?post=714987"},{"taxonomy":"product_cat","embeddable":true,"href":"https:\/\/roveyayinevi.com.tr\/index.php\/wp-json\/wp\/v2\/product_cat?post=714987"},{"taxonomy":"product_tag","embeddable":true,"href":"https:\/\/roveyayinevi.com.tr\/index.php\/wp-json\/wp\/v2\/product_tag?post=714987"}],"curies":[{"name":"wp","href":"https:\/\/api.w.org\/{rel}","templated":true}]}}