{"id":714978,"date":"2025-08-27T17:24:50","date_gmt":"2025-08-27T14:24:50","guid":{"rendered":"https:\/\/roveyayinevi.com.tr\/index.php\/urun\/tyt-ayt-geometri-ozet-yks-1-ve-2-oturum\/"},"modified":"2026-04-05T02:27:15","modified_gmt":"2026-04-04T23:27:15","slug":"tyt-ayt-geometri-ozet-yks-1-ve-2-oturum","status":"publish","type":"product","link":"https:\/\/roveyayinevi.com.tr\/index.php\/urun\/tyt-ayt-geometri-ozet-yks-1-ve-2-oturum\/","title":{"rendered":"TYT AYT Geometri \u00d6zet (YKS 1. ve 2. Oturum"},"content":{"rendered":"<p>Delta K\u00fclt\u00fcr TYT AYT Geometri \u00d6zet<\/p>\n","protected":false},"excerpt":{"rendered":"<p>Delta K\u00fclt\u00fcr TYT AYT Geometri \u00d6zet<\/p>\n","protected":false},"featured_media":0,"template":"","meta":{"_monsterinsights_skip_tracking":false,"_monsterinsights_sitenote_active":false,"_monsterinsights_sitenote_note":"","_monsterinsights_sitenote_category":0},"product_brand":[],"product_cat":[12566,13473,51998],"product_tag":[],"class_list":{"0":"post-714978","1":"product","2":"type-product","3":"status-publish","5":"product_cat-egitim","6":"product_cat-sinavlara-hazirlik-okula-yardimci-kaynaklar","7":"product_cat-yks-kitaplari","8":"pa_cilt-ciltsiz","9":"pa_tur-kitap","10":"pa_yayinevi-delta-kultur-yayinevi","11":"pa_yazar-ozyasar-elyildirim","13":"first","14":"instock","15":"sale","16":"shipping-taxable","17":"purchasable","18":"product-type-simple"},"_links":{"self":[{"href":"https:\/\/roveyayinevi.com.tr\/index.php\/wp-json\/wp\/v2\/product\/714978","targetHints":{"allow":["GET"]}}],"collection":[{"href":"https:\/\/roveyayinevi.com.tr\/index.php\/wp-json\/wp\/v2\/product"}],"about":[{"href":"https:\/\/roveyayinevi.com.tr\/index.php\/wp-json\/wp\/v2\/types\/product"}],"wp:attachment":[{"href":"https:\/\/roveyayinevi.com.tr\/index.php\/wp-json\/wp\/v2\/media?parent=714978"}],"wp:term":[{"taxonomy":"product_brand","embeddable":true,"href":"https:\/\/roveyayinevi.com.tr\/index.php\/wp-json\/wp\/v2\/product_brand?post=714978"},{"taxonomy":"product_cat","embeddable":true,"href":"https:\/\/roveyayinevi.com.tr\/index.php\/wp-json\/wp\/v2\/product_cat?post=714978"},{"taxonomy":"product_tag","embeddable":true,"href":"https:\/\/roveyayinevi.com.tr\/index.php\/wp-json\/wp\/v2\/product_tag?post=714978"}],"curies":[{"name":"wp","href":"https:\/\/api.w.org\/{rel}","templated":true}]}}