{"id":714975,"date":"2025-08-27T17:24:49","date_gmt":"2025-08-27T14:24:49","guid":{"rendered":"https:\/\/roveyayinevi.com.tr\/index.php\/urun\/mutluluk-endustrisi\/"},"modified":"2026-04-13T02:29:00","modified_gmt":"2026-04-12T23:29:00","slug":"mutluluk-endustrisi","status":"publish","type":"product","link":"https:\/\/roveyayinevi.com.tr\/index.php\/urun\/mutluluk-endustrisi\/","title":{"rendered":"Mutluluk End\u00fcstrisi"},"content":{"rendered":"<p>Kullan\u0131c\u0131lar\u0131n\u0131n duygular\u0131n\u0131 manip\u00fcle eden uygulamalar, t\u00fcketim al\u0131\u015fkanl\u0131klar\u0131n\u0131 \u015fekillendiren reklamlar, motivasyon art\u0131r\u0131c\u0131 i\u015fyeri terapileri, zindelik ve esenlik gurulu\u011fu iddias\u0131 ta\u015f\u0131yan ya\u015fam ko\u00e7lar\u0131, spor hocalar\u0131, pozitif psikoloji uzmanlar\u0131 ve mutluluk iktisat\u00e7\u0131lar\u0131&#8230; Stat\u00fcye, g\u00fcce, kariyere ve paraya odaklanm\u0131\u015f bu t\u00fcketim sarmal\u0131 ger\u00e7ekte neye hizmet ediyor? \u201cMutlu olma\u201dn\u0131n insan varolu\u015funun tek ideal bi\u00e7imi oldu\u011funu dayatan yeni nesil kapitalist sistemin ya\u015famlar\u0131m\u0131z\u0131n kontrol\u00fcn\u00fc nas\u0131l ele ge\u00e7irdi\u011fini g\u00f6zler \u00f6n\u00fcne seren Mutluluk End\u00fcstrisi, haz ve mutluluk aray\u0131\u015f\u0131m\u0131zdan faydalanan b\u00fcy\u00fck \u015firketlerin, piyasalar\u0131n ve h\u00fck\u00fcmetlerin, paran\u0131n denetimindeki t\u00fcketim arzular\u0131m\u0131za nas\u0131l y\u00f6n verdi\u011fini g\u00fcncel \u00f6rneklerle a\u00e7\u0131klayan ve bu sarmaldan \u00e7\u0131kmak i\u00e7in yol g\u00f6steren bir \u00e7al\u0131\u015fma.<\/p>\n","protected":false},"excerpt":{"rendered":"<p>Kullan\u0131c\u0131lar\u0131n\u0131n duygular\u0131n\u0131 manip\u00fcle eden uygulamalar, t\u00fcketim al\u0131\u015fkanl\u0131klar\u0131n\u0131 \u015fekillendiren reklamlar, motivasyon art\u0131r\u0131c\u0131 i\u015fyeri terapileri, zindelik ve esenlik gurulu\u011fu iddias\u0131 ta\u015f\u0131yan ya\u015fam ko\u00e7lar\u0131, spor hocalar\u0131, pozitif psikoloji uzmanlar\u0131<span class=\"excerpt-hellip\"> [\u2026]<\/span><\/p>\n","protected":false},"featured_media":0,"template":"","meta":{"_monsterinsights_skip_tracking":false,"_monsterinsights_sitenote_active":false,"_monsterinsights_sitenote_note":"","_monsterinsights_sitenote_category":0},"product_brand":[],"product_cat":[12364,12376],"product_tag":[],"class_list":{"0":"post-714975","1":"product","2":"type-product","3":"status-publish","5":"product_cat-genel-konular","6":"product_cat-kisisel-gelisim","7":"pa_cilt-ciltsiz","8":"pa_tur-kitap","9":"pa_yayinevi-sel-yayincilik","10":"pa_yazar-william-davies","12":"first","13":"instock","14":"sale","15":"shipping-taxable","16":"purchasable","17":"product-type-simple"},"_links":{"self":[{"href":"https:\/\/roveyayinevi.com.tr\/index.php\/wp-json\/wp\/v2\/product\/714975","targetHints":{"allow":["GET"]}}],"collection":[{"href":"https:\/\/roveyayinevi.com.tr\/index.php\/wp-json\/wp\/v2\/product"}],"about":[{"href":"https:\/\/roveyayinevi.com.tr\/index.php\/wp-json\/wp\/v2\/types\/product"}],"wp:attachment":[{"href":"https:\/\/roveyayinevi.com.tr\/index.php\/wp-json\/wp\/v2\/media?parent=714975"}],"wp:term":[{"taxonomy":"product_brand","embeddable":true,"href":"https:\/\/roveyayinevi.com.tr\/index.php\/wp-json\/wp\/v2\/product_brand?post=714975"},{"taxonomy":"product_cat","embeddable":true,"href":"https:\/\/roveyayinevi.com.tr\/index.php\/wp-json\/wp\/v2\/product_cat?post=714975"},{"taxonomy":"product_tag","embeddable":true,"href":"https:\/\/roveyayinevi.com.tr\/index.php\/wp-json\/wp\/v2\/product_tag?post=714975"}],"curies":[{"name":"wp","href":"https:\/\/api.w.org\/{rel}","templated":true}]}}