{"id":714974,"date":"2025-08-27T17:24:48","date_gmt":"2025-08-27T14:24:48","guid":{"rendered":"https:\/\/roveyayinevi.com.tr\/index.php\/urun\/ansiklopedi-ya-da-bilimler-sanatlar-ve-zanaatlar-aciklamali-sozlugu\/"},"modified":"2026-04-16T02:23:18","modified_gmt":"2026-04-15T23:23:18","slug":"ansiklopedi-ya-da-bilimler-sanatlar-ve-zanaatlar-aciklamali-sozlugu","status":"publish","type":"product","link":"https:\/\/roveyayinevi.com.tr\/index.php\/urun\/ansiklopedi-ya-da-bilimler-sanatlar-ve-zanaatlar-aciklamali-sozlugu\/","title":{"rendered":"Ansiklopedi ya da Bilimler Sanatlar ve Zanaatlar A\u00e7\u0131klamal\u0131 S\u00f6zl\u00fc\u011f\u00fc"},"content":{"rendered":"<p>L\u2019Encyclop\u00e9die\u2019nin son ciltleri 1765 Eyl\u00fcl\u00fcnde yay\u0131mland\u0131 ve Diderot \u201cB\u00fcy\u00fck ve lanetlenmi\u015f yap\u0131t bitti!\u201d diye hayk\u0131rd\u0131. Sadece Ayd\u0131nlanma \u00c7a\u011f\u0131nda de\u011fil g\u00fcn\u00fcm\u00fczde bile \u201cb\u00fcy\u00fck ve lanetlenmi\u015f\u201d bu yap\u0131t, modern \u00e7a\u011f\u0131n b\u00fct\u00fcn ansiklopedilerinin babas\u0131: Ansiklopedi, iki y\u00fcz y\u0131l\u0131 ge\u00e7en uzun bir bekleyi\u015ften sonra, \u201cAgnus scythicus\u201dtan \u201cZenci Ticareti\u201dne kadar se\u00e7ilmi\u015f maddeleriyle bile olsa ilk kez T\u00fcrk\u00e7ede. Bu \u00f6nemli \u00e7eviriyi ger\u00e7ekle\u015ftiren Selahattin Hilav\u2019\u0131n kapsaml\u0131 sunu\u015f yaz\u0131s\u0131, Alain Pons\u2019un kronolojisi, D\u2019Alembert\u2019in \u201c\u00d6ndeyi\u015f\u201d ve \u201c\u0130nsan Bilimleri Sisteminin Ayr\u0131nt\u0131l\u0131 A\u00e7\u0131klamas\u0131\u201d, Diderot\u2019nun \u201cBa\u015fyarg\u0131\u00e7 Bacon\u2019\u0131n Bilimler B\u00f6l\u00fcmlemesi \u00dczerine D\u00fc\u015f\u00fcnceler\u201d ba\u015fl\u0131kl\u0131 yaz\u0131lar\u0131 ve \u00f6zg\u00fcn bask\u0131dan se\u00e7ilmi\u015f tam sayfa resimlerle. <\/p>\n","protected":false},"excerpt":{"rendered":"<p>L\u2019Encyclop\u00e9die\u2019nin son ciltleri 1765 Eyl\u00fcl\u00fcnde yay\u0131mland\u0131 ve Diderot \u201cB\u00fcy\u00fck ve lanetlenmi\u015f yap\u0131t bitti!\u201d diye hayk\u0131rd\u0131. Sadece Ayd\u0131nlanma \u00c7a\u011f\u0131nda de\u011fil g\u00fcn\u00fcm\u00fczde bile \u201cb\u00fcy\u00fck ve lanetlenmi\u015f\u201d bu yap\u0131t,<span class=\"excerpt-hellip\"> [\u2026]<\/span><\/p>\n","protected":false},"featured_media":0,"template":"","meta":{"_monsterinsights_skip_tracking":false,"_monsterinsights_sitenote_active":false,"_monsterinsights_sitenote_note":"","_monsterinsights_sitenote_category":0},"product_brand":[],"product_cat":[12389,12388],"product_tag":[],"class_list":{"0":"post-714974","1":"product","2":"type-product","3":"status-publish","5":"product_cat-diger-felsefe","6":"product_cat-felsefe","7":"pa_cilt-ciltsiz","8":"pa_tur-kitap","9":"pa_yayinevi-yapi-kredi-yayinlari","10":"pa_yazar-dirot-dalembert","12":"first","13":"instock","14":"sale","15":"shipping-taxable","16":"purchasable","17":"product-type-simple"},"_links":{"self":[{"href":"https:\/\/roveyayinevi.com.tr\/index.php\/wp-json\/wp\/v2\/product\/714974","targetHints":{"allow":["GET"]}}],"collection":[{"href":"https:\/\/roveyayinevi.com.tr\/index.php\/wp-json\/wp\/v2\/product"}],"about":[{"href":"https:\/\/roveyayinevi.com.tr\/index.php\/wp-json\/wp\/v2\/types\/product"}],"wp:attachment":[{"href":"https:\/\/roveyayinevi.com.tr\/index.php\/wp-json\/wp\/v2\/media?parent=714974"}],"wp:term":[{"taxonomy":"product_brand","embeddable":true,"href":"https:\/\/roveyayinevi.com.tr\/index.php\/wp-json\/wp\/v2\/product_brand?post=714974"},{"taxonomy":"product_cat","embeddable":true,"href":"https:\/\/roveyayinevi.com.tr\/index.php\/wp-json\/wp\/v2\/product_cat?post=714974"},{"taxonomy":"product_tag","embeddable":true,"href":"https:\/\/roveyayinevi.com.tr\/index.php\/wp-json\/wp\/v2\/product_tag?post=714974"}],"curies":[{"name":"wp","href":"https:\/\/api.w.org\/{rel}","templated":true}]}}