{"id":714969,"date":"2025-08-27T17:24:45","date_gmt":"2025-08-27T14:24:45","guid":{"rendered":"https:\/\/roveyayinevi.com.tr\/index.php\/urun\/yasakcilar\/"},"modified":"2026-04-16T02:23:17","modified_gmt":"2026-04-15T23:23:17","slug":"yasakcilar","status":"publish","type":"product","link":"https:\/\/roveyayinevi.com.tr\/index.php\/urun\/yasakcilar\/","title":{"rendered":"Yasak\u00e7\u0131lar"},"content":{"rendered":"<p>1960\u2019l\u0131 y\u0131llar\u0131n efsane gazetecisi Tekin Erer yar\u0131m as\u0131r \u00f6nce kaleme ald\u0131\u011f\u0131 Yasak\u00e7\u0131lar\u2019da CHP\u2019nin yasaklarla dolu Tek Partili y\u0131llar\u0131n\u0131 \u015fiir gibi bir \u00fcslupla g\u00f6z\u00fcm\u00fcz\u00fcn \u00f6n\u00fcnde canland\u0131r\u0131yor. T\u00fcrkiye oldum olas\u0131 bir yasaklar memleketidir. T\u00fcrkiye\u2019yi yasaklar memleketi haline getirmenin mucidi de, ya\u015fat\u0131c\u0131s\u0131 ve tatbikat\u00e7\u0131s\u0131 da Cumhuriyet Halk Partisi\u2019dir. Bir zamanlar bu memlekette do\u011fan \u00e7ocuklar ana, baba kelimelerinden sonra \u201cYasak\u201d kelimesini \u00f6\u011frenirlerdi. M\u00fch\u00fcrc\u00fclerde, siyah zemin \u00fczerine alt\u0131n varakla yaz\u0131lm\u0131\u015f haz\u0131r \u201cYasak\u201d levhalar\u0131 sat\u0131l\u0131rd\u0131. Memleketin b\u00fcy\u00fck bir k\u0131sm\u0131 \u201cYasak\u201d b\u00f6lgeydi. Nice y\u0131llar gazetelerin yaz\u0131 i\u015fleri m\u00fcd\u00fcrleri ak\u015fam olunca arpac\u0131 kumrusu gibi d\u00fc\u015f\u00fcn\u00fcr, gelecek \u201cYasak\u201d kararlar\u0131n\u0131 beklerlerdi. Cumhuriyet Halk Partisi\u2019nin mevcudiyeti adet\u00e2 bu \u201cYasak\u201dlarla kaim olmu\u015ftur. \u201cYasak\u201ds\u0131z bir Cumhuriyet Halk Partisi idaresini d\u00fc\u015f\u00fcnmek veya tahayy\u00fcl etmek m\u00fcmk\u00fcn de\u011fildir. \u201cYasak\u201ds\u0131z bir C.H.P. usaresini kaybetmi\u015f ve kuruma\u011fa mahk\u00fbm olmu\u015f bir meyve a\u011fac\u0131na benzetilebilir. \u201cYasak\u201d onun kan\u0131, can\u0131, her\u015feyidir. Cumhuriyet Halk Partisi\u2019nin me\u015fhur alt\u0131  umdesinde de bu \u201cYasak\u201dlar\u0131n b\u00fct\u00fcn \u015f\u00fcm\u00fbl\u00fc ile mevcut oldu\u011funu kim ink\u00e2r edebilir? Unutulmu\u015f bir yazar: Tekin Erer Unutulmu\u015f bir hazine: Yasak\u00e7\u0131lar. Tad\u0131na doyamayacaks\u0131n\u0131z. <\/p>\n","protected":false},"excerpt":{"rendered":"<p>1960\u2019l\u0131 y\u0131llar\u0131n efsane gazetecisi Tekin Erer yar\u0131m as\u0131r \u00f6nce kaleme ald\u0131\u011f\u0131 Yasak\u00e7\u0131lar\u2019da CHP\u2019nin yasaklarla dolu Tek Partili y\u0131llar\u0131n\u0131 \u015fiir gibi bir \u00fcslupla g\u00f6z\u00fcm\u00fcz\u00fcn \u00f6n\u00fcnde canland\u0131r\u0131yor. T\u00fcrkiye<span class=\"excerpt-hellip\"> [\u2026]<\/span><\/p>\n","protected":false},"featured_media":0,"template":"","meta":{"_monsterinsights_skip_tracking":false,"_monsterinsights_sitenote_active":false,"_monsterinsights_sitenote_note":"","_monsterinsights_sitenote_category":0},"product_brand":[],"product_cat":[12337],"product_tag":[],"class_list":{"0":"post-714969","1":"product","2":"type-product","3":"status-publish","5":"product_cat-politika-siyaset","6":"pa_cilt-ciltsiz","7":"pa_tur-kitap","8":"pa_yayinevi-ketebe-yayinlari","9":"pa_yazar-tekin-erer","11":"first","12":"instock","13":"sale","14":"shipping-taxable","15":"purchasable","16":"product-type-simple"},"_links":{"self":[{"href":"https:\/\/roveyayinevi.com.tr\/index.php\/wp-json\/wp\/v2\/product\/714969","targetHints":{"allow":["GET"]}}],"collection":[{"href":"https:\/\/roveyayinevi.com.tr\/index.php\/wp-json\/wp\/v2\/product"}],"about":[{"href":"https:\/\/roveyayinevi.com.tr\/index.php\/wp-json\/wp\/v2\/types\/product"}],"wp:attachment":[{"href":"https:\/\/roveyayinevi.com.tr\/index.php\/wp-json\/wp\/v2\/media?parent=714969"}],"wp:term":[{"taxonomy":"product_brand","embeddable":true,"href":"https:\/\/roveyayinevi.com.tr\/index.php\/wp-json\/wp\/v2\/product_brand?post=714969"},{"taxonomy":"product_cat","embeddable":true,"href":"https:\/\/roveyayinevi.com.tr\/index.php\/wp-json\/wp\/v2\/product_cat?post=714969"},{"taxonomy":"product_tag","embeddable":true,"href":"https:\/\/roveyayinevi.com.tr\/index.php\/wp-json\/wp\/v2\/product_tag?post=714969"}],"curies":[{"name":"wp","href":"https:\/\/api.w.org\/{rel}","templated":true}]}}