{"id":714967,"date":"2025-08-27T17:24:44","date_gmt":"2025-08-27T14:24:44","guid":{"rendered":"https:\/\/roveyayinevi.com.tr\/index.php\/urun\/kuslarla-sohbetin-sartlari\/"},"modified":"2026-04-16T02:23:17","modified_gmt":"2026-04-15T23:23:17","slug":"kuslarla-sohbetin-sartlari","status":"publish","type":"product","link":"https:\/\/roveyayinevi.com.tr\/index.php\/urun\/kuslarla-sohbetin-sartlari\/","title":{"rendered":"Ku\u015flarla Sohbetin \u015eartlar\u0131"},"content":{"rendered":"<p>Ya\u015fad\u0131\u011f\u0131m\u0131z d\u00fcnyay\u0131 \u201cb\u00fcy\u00fcs\u00fc bozulan bir d\u00fcnya\u201d olarak tan\u0131ml\u0131yor Ahmet Murat kitaba ismini veren \u201cKu\u015flarla Sohbetin \u015eartlar\u0131\u201d isimli yaz\u0131s\u0131nda. Kitap boyunca da b\u00fcy\u00fcs\u00fc bozulan bu d\u00fcnyan\u0131n i\u00e7erisinde ge\u00e7mi\u015fin, \u00f6zellikle bir zamanlar sahip oldu\u011fumuz zengin tasavvuf k\u00fclt\u00fcr\u00fcn\u00fcn bug\u00fcne yans\u0131malar\u0131n\u0131n izini s\u00fcr\u00fcyor. Dedeleri \u015feyh olanlar\u0131n \u015fimdiki durumu, halvet ve yeni yaln\u0131zl\u0131k \u015fekilleri, kandil gecelerinde ya\u015fanan bir \u00e7e\u015fit gerginlik, M\u00fcsl\u00fcman saati&#8230; Bunlar ve \u00e7ok daha fazlas\u0131n\u0131 ihtiva eden kitap eski meselelerle yeni kar\u015f\u0131la\u015fmalar\u0131n bir serencam\u0131n\u0131 sunuyor. Ahmet Murat\u2019\u0131n yetkin ve samimi kaleminden \u00e7\u0131kan yaz\u0131lar okuyucuya yepyeni ufuklar a\u00e7abilecek bir co\u011frafyan\u0131n s\u0131n\u0131rlar\u0131n\u0131 \u00e7iziyor.<\/p>\n","protected":false},"excerpt":{"rendered":"<p>Ya\u015fad\u0131\u011f\u0131m\u0131z d\u00fcnyay\u0131 \u201cb\u00fcy\u00fcs\u00fc bozulan bir d\u00fcnya\u201d olarak tan\u0131ml\u0131yor Ahmet Murat kitaba ismini veren \u201cKu\u015flarla Sohbetin \u015eartlar\u0131\u201d isimli yaz\u0131s\u0131nda. Kitap boyunca da b\u00fcy\u00fcs\u00fc bozulan bu d\u00fcnyan\u0131n i\u00e7erisinde<span class=\"excerpt-hellip\"> [\u2026]<\/span><\/p>\n","protected":false},"featured_media":0,"template":"","meta":{"_monsterinsights_skip_tracking":false,"_monsterinsights_sitenote_active":false,"_monsterinsights_sitenote_note":"","_monsterinsights_sitenote_category":0},"product_brand":[],"product_cat":[12777,12291],"product_tag":[],"class_list":{"0":"post-714967","1":"product","2":"type-product","3":"status-publish","5":"product_cat-deneme","6":"product_cat-edebiyat","7":"pa_cilt-ciltsiz","8":"pa_tur-kitap","9":"pa_yayinevi-ketebe-yayinlari","10":"pa_yazar-ahmet-murat","12":"first","13":"instock","14":"sale","15":"shipping-taxable","16":"purchasable","17":"product-type-simple"},"_links":{"self":[{"href":"https:\/\/roveyayinevi.com.tr\/index.php\/wp-json\/wp\/v2\/product\/714967","targetHints":{"allow":["GET"]}}],"collection":[{"href":"https:\/\/roveyayinevi.com.tr\/index.php\/wp-json\/wp\/v2\/product"}],"about":[{"href":"https:\/\/roveyayinevi.com.tr\/index.php\/wp-json\/wp\/v2\/types\/product"}],"wp:attachment":[{"href":"https:\/\/roveyayinevi.com.tr\/index.php\/wp-json\/wp\/v2\/media?parent=714967"}],"wp:term":[{"taxonomy":"product_brand","embeddable":true,"href":"https:\/\/roveyayinevi.com.tr\/index.php\/wp-json\/wp\/v2\/product_brand?post=714967"},{"taxonomy":"product_cat","embeddable":true,"href":"https:\/\/roveyayinevi.com.tr\/index.php\/wp-json\/wp\/v2\/product_cat?post=714967"},{"taxonomy":"product_tag","embeddable":true,"href":"https:\/\/roveyayinevi.com.tr\/index.php\/wp-json\/wp\/v2\/product_tag?post=714967"}],"curies":[{"name":"wp","href":"https:\/\/api.w.org\/{rel}","templated":true}]}}