{"id":714966,"date":"2025-08-27T17:24:43","date_gmt":"2025-08-27T14:24:43","guid":{"rendered":"https:\/\/roveyayinevi.com.tr\/index.php\/urun\/hayalet-kapisi\/"},"modified":"2026-04-16T02:23:17","modified_gmt":"2026-04-15T23:23:17","slug":"hayalet-kapisi","status":"publish","type":"product","link":"https:\/\/roveyayinevi.com.tr\/index.php\/urun\/hayalet-kapisi\/","title":{"rendered":"Hayalet Kap\u0131s\u0131"},"content":{"rendered":"<p>\u201cSanal paralar, Bitcoin, Deep Web &#8211; Derin Web ve yapay zek\u00e2 bug\u00fcn\u00fcn ve yak\u0131n gelece\u011fimizin ka\u00e7\u0131n\u0131lmaz ger\u00e7ekleri. Allah, ana bile\u015feni silisyum olan bal\u00e7\u0131\u011fa ruh \u00fcfleyerek insan\u0131 yaratt\u0131, insan da silisyum \u00e7ipe ak\u0131l raptetti. Y\u00fcce yarat\u0131c\u0131 bunun yap\u0131lmas\u0131na izin veriyorsa bu yeni zek\u00e2 t\u00fcr\u00fc yeni hayat tarzlar\u0131 olu\u015fturacakt\u0131r. Buna din duygusu da dahildir. Kur\u2019an\u2019\u0131n bir \u00f6zelli\u011fi de \u00e7e\u015fitli devir ve sosyolojik yap\u0131lara hitap edebilme g\u00fcc\u00fcd\u00fcr. Kur\u2019an, kabileler ve imparatorluklara yol g\u00f6sterebildi\u011fi gibi yapay zek\u00e2y\u0131 da etkileyecektir.\u201d Korku, polisiye, bilim kurgu alanlar\u0131nda y\u0131llard\u0131r T\u00fcrk edebiyat\u0131n\u0131n en \u00f6nemli eserlerini veren Sad\u0131k Yemni, \u201cbilim kurgu polisiye\u201d t\u00fcr\u00fcndeki roman\u0131 Hayalet Kap\u0131s\u0131\u2019nda yepyeni bir bak\u0131\u015f a\u00e7\u0131s\u0131yla zaman\u0131n ruhunu soluyarak, gelece\u011fi dikizlemeye, zekice kurgularla c\u00fcretk\u00e2r sorular sormaya devam ediyor.<\/p>\n","protected":false},"excerpt":{"rendered":"<p>\u201cSanal paralar, Bitcoin, Deep Web &#8211; Derin Web ve yapay zek\u00e2 bug\u00fcn\u00fcn ve yak\u0131n gelece\u011fimizin ka\u00e7\u0131n\u0131lmaz ger\u00e7ekleri. Allah, ana bile\u015feni silisyum olan bal\u00e7\u0131\u011fa ruh \u00fcfleyerek insan\u0131<span class=\"excerpt-hellip\"> [\u2026]<\/span><\/p>\n","protected":false},"featured_media":0,"template":"","meta":{"_monsterinsights_skip_tracking":false,"_monsterinsights_sitenote_active":false,"_monsterinsights_sitenote_note":"","_monsterinsights_sitenote_category":0},"product_brand":[],"product_cat":[12291,12711],"product_tag":[],"class_list":{"0":"post-714966","1":"product","2":"type-product","3":"status-publish","5":"product_cat-edebiyat","6":"product_cat-roman-oyku","7":"pa_cilt-ciltsiz","8":"pa_tur-kitap","9":"pa_yayinevi-ketebe-yayinlari","10":"pa_yazar-sadik-yemni","12":"first","13":"instock","14":"sale","15":"shipping-taxable","16":"purchasable","17":"product-type-simple"},"_links":{"self":[{"href":"https:\/\/roveyayinevi.com.tr\/index.php\/wp-json\/wp\/v2\/product\/714966","targetHints":{"allow":["GET"]}}],"collection":[{"href":"https:\/\/roveyayinevi.com.tr\/index.php\/wp-json\/wp\/v2\/product"}],"about":[{"href":"https:\/\/roveyayinevi.com.tr\/index.php\/wp-json\/wp\/v2\/types\/product"}],"wp:attachment":[{"href":"https:\/\/roveyayinevi.com.tr\/index.php\/wp-json\/wp\/v2\/media?parent=714966"}],"wp:term":[{"taxonomy":"product_brand","embeddable":true,"href":"https:\/\/roveyayinevi.com.tr\/index.php\/wp-json\/wp\/v2\/product_brand?post=714966"},{"taxonomy":"product_cat","embeddable":true,"href":"https:\/\/roveyayinevi.com.tr\/index.php\/wp-json\/wp\/v2\/product_cat?post=714966"},{"taxonomy":"product_tag","embeddable":true,"href":"https:\/\/roveyayinevi.com.tr\/index.php\/wp-json\/wp\/v2\/product_tag?post=714966"}],"curies":[{"name":"wp","href":"https:\/\/api.w.org\/{rel}","templated":true}]}}