{"id":714965,"date":"2025-08-27T17:24:43","date_gmt":"2025-08-27T14:24:43","guid":{"rendered":"https:\/\/roveyayinevi.com.tr\/index.php\/urun\/erzurumlu-emrah\/"},"modified":"2026-04-16T02:23:17","modified_gmt":"2026-04-15T23:23:17","slug":"erzurumlu-emrah","status":"publish","type":"product","link":"https:\/\/roveyayinevi.com.tr\/index.php\/urun\/erzurumlu-emrah\/","title":{"rendered":"Erzurumlu Emrah"},"content":{"rendered":"<p>Dil insan\u0131n s\u0131\u011f\u0131na\u011f\u0131d\u0131r. Var olan\u0131 a\u015fma tutkusunun esiri olan her kalp, h\u00fcrriyeti onun ba\u011fr\u0131nda arar. Kalbe a\u011f\u0131r geleni kelimeler ta\u015f\u0131r. \u0130nsana konu\u015fmay\u0131 \u00f6\u011freten, onun engin bir umman olan kalbinin ortas\u0131na dil denen mucizeyi bir rahmet ve sel\u00e2met adas\u0131 olarak b\u0131rak\u0131vermi\u015ftir. Dili arayan, kendini bulur. \u0130\u015fte, Emrah\u2019\u0131n b\u00fct\u00fcn bir hayat\u0131 ve \u015fahsiyeti, \u015fiirinde \u00e2deta bir \u0131rmak gibi akar ve bu \u0131rma\u011fa suyunu veren, onun kayna\u011f\u0131n\u0131 ba\u011fr\u0131nda saklayan y\u00fcce da\u011f ise, T\u00fcrk\u00e7edir. T\u00fcrk\u00e7enin as\u0131r be as\u0131r i\u015flenen topra\u011f\u0131nda, en nadide \u00e7i\u00e7eklerden biridir Emrah. Lisan zevki nam\u0131na bize ait olan ne varsa \u00f6nce g\u00f6nl\u00fcnde sonra dilinde mezcetmi\u015f ve T\u00fcrk\u00e7eyi Erzurum\u2019dan ba\u015flayarak bir bayrak gibi il il dalgaland\u0131rm\u0131\u015ft\u0131r. <\/p>\n","protected":false},"excerpt":{"rendered":"<p>Dil insan\u0131n s\u0131\u011f\u0131na\u011f\u0131d\u0131r. Var olan\u0131 a\u015fma tutkusunun esiri olan her kalp, h\u00fcrriyeti onun ba\u011fr\u0131nda arar. Kalbe a\u011f\u0131r geleni kelimeler ta\u015f\u0131r. \u0130nsana konu\u015fmay\u0131 \u00f6\u011freten, onun engin bir<span class=\"excerpt-hellip\"> [\u2026]<\/span><\/p>\n","protected":false},"featured_media":0,"template":"","meta":{"_monsterinsights_skip_tracking":false,"_monsterinsights_sitenote_active":false,"_monsterinsights_sitenote_note":"","_monsterinsights_sitenote_category":0},"product_brand":[],"product_cat":[13072,12291],"product_tag":[],"class_list":{"0":"post-714965","1":"product","2":"type-product","3":"status-publish","5":"product_cat-arastirma-inceleme-referans","6":"product_cat-edebiyat","7":"pa_cilt-ciltsiz","8":"pa_tur-kitap","9":"pa_yayinevi-ketebe-yayinlari","10":"pa_yazar-olcay-kocaturk","12":"first","13":"instock","14":"sale","15":"shipping-taxable","16":"purchasable","17":"product-type-simple"},"_links":{"self":[{"href":"https:\/\/roveyayinevi.com.tr\/index.php\/wp-json\/wp\/v2\/product\/714965","targetHints":{"allow":["GET"]}}],"collection":[{"href":"https:\/\/roveyayinevi.com.tr\/index.php\/wp-json\/wp\/v2\/product"}],"about":[{"href":"https:\/\/roveyayinevi.com.tr\/index.php\/wp-json\/wp\/v2\/types\/product"}],"wp:attachment":[{"href":"https:\/\/roveyayinevi.com.tr\/index.php\/wp-json\/wp\/v2\/media?parent=714965"}],"wp:term":[{"taxonomy":"product_brand","embeddable":true,"href":"https:\/\/roveyayinevi.com.tr\/index.php\/wp-json\/wp\/v2\/product_brand?post=714965"},{"taxonomy":"product_cat","embeddable":true,"href":"https:\/\/roveyayinevi.com.tr\/index.php\/wp-json\/wp\/v2\/product_cat?post=714965"},{"taxonomy":"product_tag","embeddable":true,"href":"https:\/\/roveyayinevi.com.tr\/index.php\/wp-json\/wp\/v2\/product_tag?post=714965"}],"curies":[{"name":"wp","href":"https:\/\/api.w.org\/{rel}","templated":true}]}}