{"id":714963,"date":"2025-08-27T17:24:41","date_gmt":"2025-08-27T14:24:41","guid":{"rendered":"https:\/\/roveyayinevi.com.tr\/index.php\/urun\/ipek-yolu-gunlugu-1-kitap\/"},"modified":"2026-04-16T02:23:17","modified_gmt":"2026-04-15T23:23:17","slug":"ipek-yolu-gunlugu-1-kitap","status":"publish","type":"product","link":"https:\/\/roveyayinevi.com.tr\/index.php\/urun\/ipek-yolu-gunlugu-1-kitap\/","title":{"rendered":"\u0130pek Yolu G\u00fcnl\u00fc\u011f\u00fc (1. Kitap)"},"content":{"rendered":"<p>Bilim yaln\u0131zca fenden mi ibarettir?Bilimin ve ya\u015fam\u0131n i\u00e7 i\u00e7eli\u011finin ne kadar fark\u0131nday\u0131z?Bilim dallar\u0131 birbirlerin- den kopuk mudur, yoksa bilimin \u00e7ok disiplinli bir do\u011fas\u0131 m\u0131 vard\u0131r?E\u011fitim hayat\u0131m\u0131z boyunca bilimsel metodolojiyi ne kadar \u00f6\u011frenebiliyoruz?Herhangi bir varl\u0131\u011f\u0131, toplulu\u011fu ya da kavram\u0131 geli\u015fmi\u015f veya geri kalm\u0131\u015f olarak de\u011ferlendirdi\u011fimizde \u00f6l\u00e7\u00fct\u00fcm\u00fcz nedir?Metin nedir ve neleri metin sayabiliriz? Ger\u00e7ek ya\u015fam kurgu- sal metinlerde nas\u0131l ve hangi boyutta bulunur?Bu gibi sorulardan hareketle STEM e\u011fitimi yakla\u015f\u0131m\u0131na yeni bir y\u00f6n vermeyi ama\u00e7layan \u0130pek Yolu G\u00fcnl\u00fc\u011f\u00fc; \u00f6\u011frencilere bilimsel bak\u0131\u015f a\u00e7\u0131s\u0131 ve ara\u015ft\u0131rma becerisi kazand\u0131rmay\u0131, metnin t\u00fcm bile\u015fenleriyle kavranabilmesinin yolunu a\u00e7may\u0131, e\u011fitsel materyal \u00e7e\u015fitlili\u011findeki bo\u015flu\u011fu doldurmay\u0131 ve sosyal bilimlerin hak etti\u011fi de\u011feri kazanmas\u0131na katk\u0131 sunmay\u0131 hedeflemektedir.<\/p>\n","protected":false},"excerpt":{"rendered":"<p>Bilim yaln\u0131zca fenden mi ibarettir?Bilimin ve ya\u015fam\u0131n i\u00e7 i\u00e7eli\u011finin ne kadar fark\u0131nday\u0131z?Bilim dallar\u0131 birbirlerin- den kopuk mudur, yoksa bilimin \u00e7ok disiplinli bir do\u011fas\u0131 m\u0131 vard\u0131r?E\u011fitim hayat\u0131m\u0131z<span class=\"excerpt-hellip\"> [\u2026]<\/span><\/p>\n","protected":false},"featured_media":0,"template":"","meta":{"_monsterinsights_skip_tracking":false,"_monsterinsights_sitenote_active":false,"_monsterinsights_sitenote_note":"","_monsterinsights_sitenote_category":0},"product_brand":[],"product_cat":[20225,12291],"product_tag":[],"class_list":{"0":"post-714963","1":"product","2":"type-product","3":"status-publish","5":"product_cat-dil-bilim","6":"product_cat-edebiyat","7":"pa_cilt-ciltsiz","8":"pa_tur-kitap","9":"pa_yayinevi-altin-kitaplar","10":"pa_yazar-nuh-bektas-cagdas-yuksel","12":"first","13":"instock","14":"sale","15":"shipping-taxable","16":"purchasable","17":"product-type-simple"},"_links":{"self":[{"href":"https:\/\/roveyayinevi.com.tr\/index.php\/wp-json\/wp\/v2\/product\/714963","targetHints":{"allow":["GET"]}}],"collection":[{"href":"https:\/\/roveyayinevi.com.tr\/index.php\/wp-json\/wp\/v2\/product"}],"about":[{"href":"https:\/\/roveyayinevi.com.tr\/index.php\/wp-json\/wp\/v2\/types\/product"}],"wp:attachment":[{"href":"https:\/\/roveyayinevi.com.tr\/index.php\/wp-json\/wp\/v2\/media?parent=714963"}],"wp:term":[{"taxonomy":"product_brand","embeddable":true,"href":"https:\/\/roveyayinevi.com.tr\/index.php\/wp-json\/wp\/v2\/product_brand?post=714963"},{"taxonomy":"product_cat","embeddable":true,"href":"https:\/\/roveyayinevi.com.tr\/index.php\/wp-json\/wp\/v2\/product_cat?post=714963"},{"taxonomy":"product_tag","embeddable":true,"href":"https:\/\/roveyayinevi.com.tr\/index.php\/wp-json\/wp\/v2\/product_tag?post=714963"}],"curies":[{"name":"wp","href":"https:\/\/api.w.org\/{rel}","templated":true}]}}