{"id":714962,"date":"2025-08-27T17:24:41","date_gmt":"2025-08-27T14:24:41","guid":{"rendered":"https:\/\/roveyayinevi.com.tr\/index.php\/urun\/gezgin-dedektifler-kuklanin-gizemi\/"},"modified":"2026-04-16T02:23:17","modified_gmt":"2026-04-15T23:23:17","slug":"gezgin-dedektifler-kuklanin-gizemi","status":"publish","type":"product","link":"https:\/\/roveyayinevi.com.tr\/index.php\/urun\/gezgin-dedektifler-kuklanin-gizemi\/","title":{"rendered":"Gezgin Dedektifler &#8211; Kuklan\u0131n Gizemi"},"content":{"rendered":"<p>Aylin, Asl\u0131\u2019n\u0131n uluslararas\u0131 bir yar\u0131\u015fmada dereceye girdi\u011fini duyunca \u00e7ok sevinmi\u015fti. \u00d6d\u00fcl t\u00f6reninde kuze- ninin yan\u0131nda olmak i\u00e7in can at\u0131yordu. Ama t\u00f6ren Prag\u2019dayd\u0131 ve g\u00f6r\u00fcnen o ki, Aylin bu defa kuzeninden ayr\u0131 kalacakt\u0131. Tam umudunu kesti\u011fi anda, arkada\u015flar\u0131- n\u0131n yapt\u0131\u011f\u0131 s\u00fcrprizle i\u015fler de\u011fi\u015fti. \u0130\u015fte, yine hepsi bir aradayd\u0131! Bu defa Kukla M\u00fczesi ziyareti maceran\u0131n ba\u015flang\u0131c\u0131 oldu. Kar\u015f\u0131la\u015ft\u0131klar\u0131 ilgin\u00e7 ki\u015filer, Marco\u2019nun dedektiflik i\u00e7g\u00fcd\u00fcs\u00fcn\u00fc harekete ge\u00e7irmi\u015fti. Ale, Komiser Massi- mo\u2019ya ba\u015flar\u0131n\u0131 derde sokmayacaklar\u0131na dair verdi\u011fi s\u00f6z\u00fc unutmakta gecikmemi\u015fti. M\u00fczeden olduk\u00e7a de\u011ferli bir kuklan\u0131n \u00e7al\u0131nd\u0131\u011f\u0131n\u0131 duyduklar\u0131nda ise hepsinin akl\u0131n\u0131 ayn\u0131 sorular kurcala- maya ba\u015flad\u0131. Kukla ger\u00e7ekten \u00e7al\u0131nm\u0131\u015f m\u0131yd\u0131? E\u011fer \u00e7al\u0131nm\u0131\u015fsa h\u0131rs\u0131z kimdi? Bu sorular\u0131n cevab\u0131, belki de kukla d\u00fckk\u00e2n\u0131nda g\u00f6rd\u00fckleri \u00fcrk\u00fct\u00fcc\u00fc kuklada sakl\u0131yd\u0131. Kesin olan tek \u015fey ise o seyahatin Silvia\u2019n\u0131n umdu\u011fu gibi tehlikeden uzak ge\u00e7meyece\u011fiydi.<\/p>\n","protected":false},"excerpt":{"rendered":"<p>Aylin, Asl\u0131\u2019n\u0131n uluslararas\u0131 bir yar\u0131\u015fmada dereceye girdi\u011fini duyunca \u00e7ok sevinmi\u015fti. \u00d6d\u00fcl t\u00f6reninde kuze- ninin yan\u0131nda olmak i\u00e7in can at\u0131yordu. Ama t\u00f6ren Prag\u2019dayd\u0131 ve g\u00f6r\u00fcnen o ki,<span class=\"excerpt-hellip\"> [\u2026]<\/span><\/p>\n","protected":false},"featured_media":0,"template":"","meta":{"_monsterinsights_skip_tracking":false,"_monsterinsights_sitenote_active":false,"_monsterinsights_sitenote_note":"","_monsterinsights_sitenote_category":0},"product_brand":[],"product_cat":[12274,12284],"product_tag":[],"class_list":{"0":"post-714962","1":"product","2":"type-product","3":"status-publish","5":"product_cat-cocuk-ve-genclik-kitaplari","6":"product_cat-hikayeler","7":"pa_cilt-ciltsiz","8":"pa_tur-kitap","9":"pa_yayinevi-altin-kitaplar-ozel-urun","10":"pa_yazar-almila-aydin","12":"first","13":"instock","14":"sale","15":"shipping-taxable","16":"purchasable","17":"product-type-simple"},"_links":{"self":[{"href":"https:\/\/roveyayinevi.com.tr\/index.php\/wp-json\/wp\/v2\/product\/714962","targetHints":{"allow":["GET"]}}],"collection":[{"href":"https:\/\/roveyayinevi.com.tr\/index.php\/wp-json\/wp\/v2\/product"}],"about":[{"href":"https:\/\/roveyayinevi.com.tr\/index.php\/wp-json\/wp\/v2\/types\/product"}],"wp:attachment":[{"href":"https:\/\/roveyayinevi.com.tr\/index.php\/wp-json\/wp\/v2\/media?parent=714962"}],"wp:term":[{"taxonomy":"product_brand","embeddable":true,"href":"https:\/\/roveyayinevi.com.tr\/index.php\/wp-json\/wp\/v2\/product_brand?post=714962"},{"taxonomy":"product_cat","embeddable":true,"href":"https:\/\/roveyayinevi.com.tr\/index.php\/wp-json\/wp\/v2\/product_cat?post=714962"},{"taxonomy":"product_tag","embeddable":true,"href":"https:\/\/roveyayinevi.com.tr\/index.php\/wp-json\/wp\/v2\/product_tag?post=714962"}],"curies":[{"name":"wp","href":"https:\/\/api.w.org\/{rel}","templated":true}]}}