{"id":714961,"date":"2025-08-27T17:24:40","date_gmt":"2025-08-27T14:24:40","guid":{"rendered":"https:\/\/roveyayinevi.com.tr\/index.php\/urun\/kuvay-i-milliye-onculeri\/"},"modified":"2026-04-16T02:23:17","modified_gmt":"2026-04-15T23:23:17","slug":"kuvay-i-milliye-onculeri","status":"publish","type":"product","link":"https:\/\/roveyayinevi.com.tr\/index.php\/urun\/kuvay-i-milliye-onculeri\/","title":{"rendered":"Kuvay-i Milliye \u00d6nc\u00fcleri"},"content":{"rendered":"<p>T\u00fcrk Milli M\u00fccadele tarihinin gizli kalm\u0131\u015f, raflarda tozlanm\u0131\u015f ve aradan ge\u00e7en bir asra yak\u0131n s\u00fcrede unutulmaya y\u00fcz tutmu\u015f bir d\u00f6nemini ele almaktad\u0131r. Birinci D\u00fcnya Harbi&#8217;nin hen\u00fcz sona ermedi\u011fi bir d\u00f6nemde, bir avu\u00e7 kahraman\u0131n, evlerini, y\u00f6relerini ve b\u00f6lgelerini, d\u00fc\u015fman pen\u00e7esinden kurtarmak i\u00e7in yola \u00e7\u0131kmalar\u0131n\u0131n hik\u00e2yesini, bu ara\u015ft\u0131rmada ortaya koymaya \u00e7al\u0131\u015ft\u0131k. Do\u011fu Anadolu&#8217;da Rus \u00c7arl\u0131\u011f\u0131&#8217;n\u0131n i\u015fgali s\u00fcrerken, Birinci D\u00fcnya Harbi&#8217;nde T\u00fcrklere y\u00f6nelik bir de Ermeni tehdidi ortaya \u00e7\u0131km\u0131\u015ft\u0131. Erzurum&#8217;un Narman il\u00e7esine ba\u011fl\u0131 olan do\u011fup b\u00fcy\u00fcd\u00fc\u011f\u00fcm k\u00f6y\u00fcm\u00fcz Ke\u011fani, bu ara\u015ft\u0131rman\u0131n merkezinde yer almaktad\u0131r. \u00c7\u00fcnk\u00fc o y\u0131llarda d\u00fc\u015fmana kar\u015f\u0131 Anadolu&#8217;da ilk direni\u015f hareketini ba\u015flatan MAHMUT A\u011eA (Mahmut \u00c7avu\u015f) Ke\u011fani k\u00f6y\u00fcndendir. Mahmut A\u011fa ve \u00e7evresindeki bir avu\u00e7 kahraman\u0131n hat\u0131rlatt\u0131\u011f\u0131 bir ba\u015fka \u00f6zellik ise Kuvay\u0131 Milliye&#8217;nin ilk kad\u0131nlar\u0131d\u0131r. Mahmut A\u011fa&#8217;n\u0131n anas\u0131 SEL\u0130ME HANIM ve yan\u0131ndaki k\u0131zlar, gelinler ve kad\u0131nlar, ger\u00e7ek anlamda birer kahramanlard\u0131r. Ara\u015ft\u0131rmam\u0131zda, Mahmut A\u011fa ile ilgili Narman ve Oltu&#8217;nun T\u00fcrk kurtulu\u015f harbindeki yeri, ilk kez kurulmu\u015f olan KUVAYI M\u0130LL\u0130YE te\u015fkilat\u0131 ve \u00f6nc\u00fc KUVAYI M\u0130LL\u0130YE KADINLARI hareketini inceledik. <\/p>\n","protected":false},"excerpt":{"rendered":"<p>T\u00fcrk Milli M\u00fccadele tarihinin gizli kalm\u0131\u015f, raflarda tozlanm\u0131\u015f ve aradan ge\u00e7en bir asra yak\u0131n s\u00fcrede unutulmaya y\u00fcz tutmu\u015f bir d\u00f6nemini ele almaktad\u0131r. Birinci D\u00fcnya Harbi&#8217;nin hen\u00fcz<span class=\"excerpt-hellip\"> [\u2026]<\/span><\/p>\n","protected":false},"featured_media":0,"template":"","meta":{"_monsterinsights_skip_tracking":false,"_monsterinsights_sitenote_active":false,"_monsterinsights_sitenote_note":"","_monsterinsights_sitenote_category":0},"product_brand":[],"product_cat":[13059,12337],"product_tag":[],"class_list":{"0":"post-714961","1":"product","2":"type-product","3":"status-publish","5":"product_cat-diger-politika-siyaset","6":"product_cat-politika-siyaset","7":"pa_cilt-ciltsiz","8":"pa_tur-kitap","9":"pa_yayinevi-berikan-yayinlari","10":"pa_yazar-turgut-er","12":"first","13":"instock","14":"sale","15":"shipping-taxable","16":"purchasable","17":"product-type-simple"},"_links":{"self":[{"href":"https:\/\/roveyayinevi.com.tr\/index.php\/wp-json\/wp\/v2\/product\/714961","targetHints":{"allow":["GET"]}}],"collection":[{"href":"https:\/\/roveyayinevi.com.tr\/index.php\/wp-json\/wp\/v2\/product"}],"about":[{"href":"https:\/\/roveyayinevi.com.tr\/index.php\/wp-json\/wp\/v2\/types\/product"}],"wp:attachment":[{"href":"https:\/\/roveyayinevi.com.tr\/index.php\/wp-json\/wp\/v2\/media?parent=714961"}],"wp:term":[{"taxonomy":"product_brand","embeddable":true,"href":"https:\/\/roveyayinevi.com.tr\/index.php\/wp-json\/wp\/v2\/product_brand?post=714961"},{"taxonomy":"product_cat","embeddable":true,"href":"https:\/\/roveyayinevi.com.tr\/index.php\/wp-json\/wp\/v2\/product_cat?post=714961"},{"taxonomy":"product_tag","embeddable":true,"href":"https:\/\/roveyayinevi.com.tr\/index.php\/wp-json\/wp\/v2\/product_tag?post=714961"}],"curies":[{"name":"wp","href":"https:\/\/api.w.org\/{rel}","templated":true}]}}