{"id":714959,"date":"2025-08-27T17:24:39","date_gmt":"2025-08-27T14:24:39","guid":{"rendered":"https:\/\/roveyayinevi.com.tr\/index.php\/urun\/kralin-donusu\/"},"modified":"2026-04-16T02:23:17","modified_gmt":"2026-04-15T23:23:17","slug":"kralin-donusu","status":"publish","type":"product","link":"https:\/\/roveyayinevi.com.tr\/index.php\/urun\/kralin-donusu\/","title":{"rendered":"Kral\u2019\u0131n D\u00f6n\u00fc\u015f\u00fc"},"content":{"rendered":"<p>Dwyane Wade ve Chris Bosh ile birlikte 4 sezonda 2 \u015fampiyonluk kazand\u0131ktan sonra LeBron James\u2019i zaman\u0131n en g\u00fc\u00e7l\u00fc hanedan\u0131 Miami Heat\u2019ten ayr\u0131lmaya ve d\u00f6rt y\u0131l \u00f6nce olayl\u0131 bir bi\u00e7imde terk etti\u011fi Cavaliers\u2019la tekrar kontrat imzalamaya iten hakiki sebepler nelerdi? Herkesi \u015fa\u015fk\u0131na \u00e7eviren bu s\u00fcre\u00e7te ad\u0131m ad\u0131m neler ya\u015fand\u0131? Elinde Kyrie Irving\u2019in \u00e7ok parlak ama hen\u00fcz tak\u0131m\u0131 ba\u015far\u0131ya ula\u015ft\u0131ramam\u0131\u015f potansiyeli haricinde hi\u00e7bir cazip silah\u0131 olmayan, draft haklar\u0131n\u0131 lay\u0131k\u0131yla de\u011ferlendiremeyen, ko\u00e7lar ve genel menajerler y\u00f6n\u00fcnden arad\u0131\u011f\u0131n\u0131 bir t\u00fcrl\u00fc bulamayan ve ligin dibine demir atan Cavs\u2019in y\u00fcz\u00fcne talih nas\u0131l, hangi \u015fartlarda g\u00fcld\u00fc? Cavs y\u00f6netimi, Kevin Love\u2019\u0131 da kadroya katabilmek i\u00e7in kimlerle, hangi \u2018gizli\u2019 g\u00f6r\u00fc\u015fmeleri yapt\u0131? Daha \u00f6nce hi\u00e7 NBA tecr\u00fcbesi olmayan David Blatt gibi bir Avrupa efsanesini ko\u00e7lu\u011fa getirme, daha sonra da tak\u0131m ligin zirvesindeyken onu kovma kararlar\u0131 kimlere aitti? Ve 2016 Final serisinde, NBA tarihinin gelmi\u015f ge\u00e7mi\u015f en b\u00fcy\u00fck geri d\u00f6n\u00fc\u015f hik\u00e2yesi tam olarak hangi \u015fartlar alt\u0131nda ba\u015flad\u0131 ve bitti? Kral\u2019\u0131n D\u00f6n\u00fc\u015f\u00fc i\u015fte size t\u00fcm bu sorular\u0131n cevaplar\u0131n\u0131 ve hatta \u00e7ok daha fazlas\u0131n\u0131 sunuyor. \u00d6zel jetlerde, g\u00f6kdelenlerde ve otellerin s\u00fcit dairelerinde yap\u0131lan toplant\u0131lara, soyunma odas\u0131nda ya\u015fananlara, molalarda konu\u015fulanlara, komplo teorilerinin, skandallar\u0131n ve kavgalar\u0131n arka plan\u0131nda olup bitenlere dek akla hayale gelmeyecek her t\u00fcrl\u00fc ayr\u0131nt\u0131, olaylar\u0131n i\u00e7erisine d\u00e2hil olmu\u015f ki\u015filerin anlat\u0131m\u0131yla, art\u0131k elinizin alt\u0131nda. <\/p>\n","protected":false},"excerpt":{"rendered":"<p>Dwyane Wade ve Chris Bosh ile birlikte 4 sezonda 2 \u015fampiyonluk kazand\u0131ktan sonra LeBron James\u2019i zaman\u0131n en g\u00fc\u00e7l\u00fc hanedan\u0131 Miami Heat\u2019ten ayr\u0131lmaya ve d\u00f6rt y\u0131l \u00f6nce<span class=\"excerpt-hellip\"> [\u2026]<\/span><\/p>\n","protected":false},"featured_media":0,"template":"","meta":{"_monsterinsights_skip_tracking":false,"_monsterinsights_sitenote_active":false,"_monsterinsights_sitenote_note":"","_monsterinsights_sitenote_category":0},"product_brand":[],"product_cat":[15563,15564],"product_tag":[],"class_list":{"0":"post-714959","1":"product","2":"type-product","3":"status-publish","5":"product_cat-hobi","6":"product_cat-spor","7":"pa_cilt-ciltsiz","8":"pa_tur-kitap","9":"pa_yayinevi-profil-kitap","10":"pa_yazar-brian-windhors-dave-mcmenamin","12":"first","13":"instock","14":"sale","15":"shipping-taxable","16":"purchasable","17":"product-type-simple"},"_links":{"self":[{"href":"https:\/\/roveyayinevi.com.tr\/index.php\/wp-json\/wp\/v2\/product\/714959","targetHints":{"allow":["GET"]}}],"collection":[{"href":"https:\/\/roveyayinevi.com.tr\/index.php\/wp-json\/wp\/v2\/product"}],"about":[{"href":"https:\/\/roveyayinevi.com.tr\/index.php\/wp-json\/wp\/v2\/types\/product"}],"wp:attachment":[{"href":"https:\/\/roveyayinevi.com.tr\/index.php\/wp-json\/wp\/v2\/media?parent=714959"}],"wp:term":[{"taxonomy":"product_brand","embeddable":true,"href":"https:\/\/roveyayinevi.com.tr\/index.php\/wp-json\/wp\/v2\/product_brand?post=714959"},{"taxonomy":"product_cat","embeddable":true,"href":"https:\/\/roveyayinevi.com.tr\/index.php\/wp-json\/wp\/v2\/product_cat?post=714959"},{"taxonomy":"product_tag","embeddable":true,"href":"https:\/\/roveyayinevi.com.tr\/index.php\/wp-json\/wp\/v2\/product_tag?post=714959"}],"curies":[{"name":"wp","href":"https:\/\/api.w.org\/{rel}","templated":true}]}}