{"id":714958,"date":"2025-08-27T17:24:38","date_gmt":"2025-08-27T14:24:38","guid":{"rendered":"https:\/\/roveyayinevi.com.tr\/index.php\/urun\/eylul-siirleri\/"},"modified":"2026-04-16T02:23:17","modified_gmt":"2026-04-15T23:23:17","slug":"eylul-siirleri","status":"publish","type":"product","link":"https:\/\/roveyayinevi.com.tr\/index.php\/urun\/eylul-siirleri\/","title":{"rendered":"Eyl\u00fcl \u015eiirleri"},"content":{"rendered":"<p>Demeseydim ke\u015fke g\u00fczel taraflar\u0131n\u0131 kalbimin Bana kalsayd\u0131 ne olurdu sanki bir merhaba K\u0131r\u0131lmazd\u0131 kimse bana yolumun \u00fcst\u00fcndeki K\u0131r\u0131k d\u00f6k\u00fck \u015feyleri de katsayd\u0131m hesaba. Demeseydim ke\u015fke ne olur ne olmaz diyerek  Bu kadar teselliye muhta\u00e7 olacaksa da g\u00fcn\u00fcm Buradan bir \u015fey \u00e7\u0131kmayacak ister istemez art\u0131k Kalbim k\u0131r\u0131ld\u0131 \u00e7\u00fcnk\u00fc dahas\u0131 ben \u00e7ok \u00fczg\u00fcn\u00fcm. <\/p>\n","protected":false},"excerpt":{"rendered":"<p>Demeseydim ke\u015fke g\u00fczel taraflar\u0131n\u0131 kalbimin Bana kalsayd\u0131 ne olurdu sanki bir merhaba K\u0131r\u0131lmazd\u0131 kimse bana yolumun \u00fcst\u00fcndeki K\u0131r\u0131k d\u00f6k\u00fck \u015feyleri de katsayd\u0131m hesaba. Demeseydim ke\u015fke ne<span class=\"excerpt-hellip\"> [\u2026]<\/span><\/p>\n","protected":false},"featured_media":0,"template":"","meta":{"_monsterinsights_skip_tracking":false,"_monsterinsights_sitenote_active":false,"_monsterinsights_sitenote_note":"","_monsterinsights_sitenote_category":0},"product_brand":[],"product_cat":[12291,12509],"product_tag":[],"class_list":{"0":"post-714958","1":"product","2":"type-product","3":"status-publish","5":"product_cat-edebiyat","6":"product_cat-siir","7":"pa_cilt-ciltsiz","8":"pa_tur-kitap","9":"pa_yayinevi-profil-kitap","10":"pa_yazar-nurettin-durman","12":"first","13":"instock","14":"sale","15":"shipping-taxable","16":"purchasable","17":"product-type-simple"},"_links":{"self":[{"href":"https:\/\/roveyayinevi.com.tr\/index.php\/wp-json\/wp\/v2\/product\/714958","targetHints":{"allow":["GET"]}}],"collection":[{"href":"https:\/\/roveyayinevi.com.tr\/index.php\/wp-json\/wp\/v2\/product"}],"about":[{"href":"https:\/\/roveyayinevi.com.tr\/index.php\/wp-json\/wp\/v2\/types\/product"}],"wp:attachment":[{"href":"https:\/\/roveyayinevi.com.tr\/index.php\/wp-json\/wp\/v2\/media?parent=714958"}],"wp:term":[{"taxonomy":"product_brand","embeddable":true,"href":"https:\/\/roveyayinevi.com.tr\/index.php\/wp-json\/wp\/v2\/product_brand?post=714958"},{"taxonomy":"product_cat","embeddable":true,"href":"https:\/\/roveyayinevi.com.tr\/index.php\/wp-json\/wp\/v2\/product_cat?post=714958"},{"taxonomy":"product_tag","embeddable":true,"href":"https:\/\/roveyayinevi.com.tr\/index.php\/wp-json\/wp\/v2\/product_tag?post=714958"}],"curies":[{"name":"wp","href":"https:\/\/api.w.org\/{rel}","templated":true}]}}