{"id":714957,"date":"2025-08-27T17:24:38","date_gmt":"2025-08-27T14:24:38","guid":{"rendered":"https:\/\/roveyayinevi.com.tr\/index.php\/urun\/cimdeki-golgeler\/"},"modified":"2026-04-16T02:23:17","modified_gmt":"2026-04-15T23:23:17","slug":"cimdeki-golgeler","status":"publish","type":"product","link":"https:\/\/roveyayinevi.com.tr\/index.php\/urun\/cimdeki-golgeler\/","title":{"rendered":"\u00c7imdeki G\u00f6lgeler"},"content":{"rendered":"<p>35 y\u0131l\u0131 a\u015fk\u0131n s\u00fcredir spor bas\u0131n\u0131na sesi ve yorumlar\u0131yla renk veren, spor k\u00fclt\u00fcr\u00fcn\u00fcn usta ismi Ercan Taner, birikimlerini bu kitapta sizler i\u00e7in derledi. Olimpizm ruhunu t\u00fcm yaz\u0131lar\u0131nda hissedebilece\u011finiz Taner\u2019in kalemi, her t\u00fcrl\u00fc spor bran\u015f\u0131n\u0131n g\u00fcndeminden bahsederken sat\u0131r aralar\u0131na Nelson Mandela\u2019y\u0131, Robespierre\u2019i, Konf\u00fc\u00e7y\u00fcs\u2019\u00fc, Napolyon\u2019u, Benjamin Franklin\u2019i, Roberto Benigni\u2019yi, Victor Hugo\u2019yu, Ernest Hemingway\u2019i, Muhammed Ali\u2019yi, Oscar \u00f6d\u00fcllerini, Jean-Christophe Grang\u00e9\u2019\u0131, Umberto Eco\u2019yu kat\u0131yor ve benzersiz \u00fcslubuyla, okuyucular\u0131na fersahlarca geni\u015f bir konu yelpazesinin kap\u0131lar\u0131n\u0131 aral\u0131yor. <\/p>\n","protected":false},"excerpt":{"rendered":"<p>35 y\u0131l\u0131 a\u015fk\u0131n s\u00fcredir spor bas\u0131n\u0131na sesi ve yorumlar\u0131yla renk veren, spor k\u00fclt\u00fcr\u00fcn\u00fcn usta ismi Ercan Taner, birikimlerini bu kitapta sizler i\u00e7in derledi. Olimpizm ruhunu t\u00fcm<span class=\"excerpt-hellip\"> [\u2026]<\/span><\/p>\n","protected":false},"featured_media":0,"template":"","meta":{"_monsterinsights_skip_tracking":false,"_monsterinsights_sitenote_active":false,"_monsterinsights_sitenote_note":"","_monsterinsights_sitenote_category":0},"product_brand":[],"product_cat":[15563,15564],"product_tag":[],"class_list":{"0":"post-714957","1":"product","2":"type-product","3":"status-publish","5":"product_cat-hobi","6":"product_cat-spor","7":"pa_cilt-ciltsiz","8":"pa_tur-kitap","9":"pa_yayinevi-profil-kitap","10":"pa_yazar-ercan-taner","12":"first","13":"instock","14":"sale","15":"shipping-taxable","16":"purchasable","17":"product-type-simple"},"_links":{"self":[{"href":"https:\/\/roveyayinevi.com.tr\/index.php\/wp-json\/wp\/v2\/product\/714957","targetHints":{"allow":["GET"]}}],"collection":[{"href":"https:\/\/roveyayinevi.com.tr\/index.php\/wp-json\/wp\/v2\/product"}],"about":[{"href":"https:\/\/roveyayinevi.com.tr\/index.php\/wp-json\/wp\/v2\/types\/product"}],"wp:attachment":[{"href":"https:\/\/roveyayinevi.com.tr\/index.php\/wp-json\/wp\/v2\/media?parent=714957"}],"wp:term":[{"taxonomy":"product_brand","embeddable":true,"href":"https:\/\/roveyayinevi.com.tr\/index.php\/wp-json\/wp\/v2\/product_brand?post=714957"},{"taxonomy":"product_cat","embeddable":true,"href":"https:\/\/roveyayinevi.com.tr\/index.php\/wp-json\/wp\/v2\/product_cat?post=714957"},{"taxonomy":"product_tag","embeddable":true,"href":"https:\/\/roveyayinevi.com.tr\/index.php\/wp-json\/wp\/v2\/product_tag?post=714957"}],"curies":[{"name":"wp","href":"https:\/\/api.w.org\/{rel}","templated":true}]}}