{"id":714956,"date":"2025-08-27T17:24:37","date_gmt":"2025-08-27T14:24:37","guid":{"rendered":"https:\/\/roveyayinevi.com.tr\/index.php\/urun\/kaynaklariyla-tarihi-cografya\/"},"modified":"2026-04-16T02:23:17","modified_gmt":"2026-04-15T23:23:17","slug":"kaynaklariyla-tarihi-cografya","status":"publish","type":"product","link":"https:\/\/roveyayinevi.com.tr\/index.php\/urun\/kaynaklariyla-tarihi-cografya\/","title":{"rendered":"Kaynaklar\u0131yla Tarihi Co\u011frafya"},"content":{"rendered":"<p>Tarih gibi, arkeoloji gibi, di\u011fer t\u00fcm disiplinler gibi, bir tarihi co\u011frafya ara\u015ft\u0131rmas\u0131n\u0131n ger\u00e7ekle\u015ftrilebilmesi de ancak eldeki \u00b0kaynaklar&#8221;la m\u00fcmk\u00fcnd\u00fcr. Tarihi co\u011frafyada, genel \u00e7er\u00e7eveden bak\u0131ld\u0131\u011f\u0131nda s\u00f6zl\u00fc ve yaz\u0131l\u0131 her t\u00fcrl\u00fc malzeme, arazinin kendisi, ge\u00e7mi\u015ften gelen belgeler, mimari yap\u0131lar, ge\u00e7mi\u015fe ait bir kal\u0131nti bir alet, bir e\u015fya vb. kaynak olarak kullan\u0131labilir ki, kaynaklar\u0131n tespit, se\u00e7imi ve kullan\u0131m\u0131 her disiplinin kendi bilimsel y\u00f6ntemleri ve metodolojisi \u00e7er\u00e7evesinde belirlenir.  Bu \u00e7al\u0131\u015fmada, \u00fclkemiz \u015fartlar\u0131nda tarihi co\u011frafyan\u0131n ge\u00e7mi\u015ften, g\u00fcn\u00fcm\u00fcze uzanan genel bir kaynak tahlili yap\u0131lmaya \u00e7al\u0131\u015f\u0131ld\u0131. Ku\u015fkusuz burada tarihi co\u011frafya ara\u015ftrmalar\u0131nda kullan\u0131lan ve kullan\u0131labilecek t\u00fcm kaynaklar\u0131n, eksiksiz bir d\u00f6k\u00fcm\u00fcn\u00fc yap\u0131p de\u011ferlendirilece\u011fi iddia edilmemektedir. Zira, \u00f6zellikle tarihi ara\u015ftrmalarda ve co\u011frafya ara\u015ftrmalar\u0131nda kullan\u0131lan kaynaklar say\u0131ca, i\u00e7erik bak\u0131m\u0131ndan ve \u00e7e\u015fitlilik a\u00e7\u0131s\u0131ndan o denli b\u00fcy\u00fck miktarlara ula\u015fm\u0131\u015ftr ki, t\u00fcm bunlar\u0131n k\u0131sa s\u00fcrede ve geni\u015f bir ekip olmadan de\u011ferlendirilmesi m\u00fcmk\u00fcn g\u00f6z\u00fcknemektedir. \u00dcstelik bir de bu hususa, bahsedilen kaynaklara dayal\u0131 olarak yap\u0131lan ara\u015ftrma eserler ilave edildi\u011finde kaynak yelpazesi alabildi\u011fine geni\u015flemekted\u0131r. Ama b\u00f6yle bir kitap i\u00e7erisinde, arazi kaynaklar\u0131ndan internet kaynaklar\u0131na kadar yelpazenin tamam\u0131n\u0131n ele al\u0131nmas\u0131 m\u00fcmk\u00fcn olmad\u0131\u011f\u0131ndan amaca g\u00f6re bir se\u00e7ki yap\u0131lm\u0131\u015f; bu sahaya ilgi duyanlara ana hatlanyla nas\u0131l bir kaynak zenginli\u011fine sahip olduklar\u0131 g\u00f6sterilmeye \u00e7al\u0131\u015f\u0131lm\u0131\u015ftr.<\/p>\n","protected":false},"excerpt":{"rendered":"<p>Tarih gibi, arkeoloji gibi, di\u011fer t\u00fcm disiplinler gibi, bir tarihi co\u011frafya ara\u015ft\u0131rmas\u0131n\u0131n ger\u00e7ekle\u015ftrilebilmesi de ancak eldeki \u00b0kaynaklar&#8221;la m\u00fcmk\u00fcnd\u00fcr. Tarihi co\u011frafyada, genel \u00e7er\u00e7eveden bak\u0131ld\u0131\u011f\u0131nda s\u00f6zl\u00fc ve yaz\u0131l\u0131<span class=\"excerpt-hellip\"> [\u2026]<\/span><\/p>\n","protected":false},"featured_media":0,"template":"","meta":{"_monsterinsights_skip_tracking":false,"_monsterinsights_sitenote_active":false,"_monsterinsights_sitenote_note":"","_monsterinsights_sitenote_category":0},"product_brand":[],"product_cat":[12370,12304],"product_tag":[],"class_list":{"0":"post-714956","1":"product","2":"type-product","3":"status-publish","5":"product_cat-arastirma-inceleme","6":"product_cat-tarih","7":"pa_cilt-ciltsiz","8":"pa_tur-kitap","9":"pa_yayinevi-yeditepe-yayinevi","10":"pa_yazar-osman-gumuscu","12":"first","13":"instock","14":"sale","15":"shipping-taxable","16":"purchasable","17":"product-type-simple"},"_links":{"self":[{"href":"https:\/\/roveyayinevi.com.tr\/index.php\/wp-json\/wp\/v2\/product\/714956","targetHints":{"allow":["GET"]}}],"collection":[{"href":"https:\/\/roveyayinevi.com.tr\/index.php\/wp-json\/wp\/v2\/product"}],"about":[{"href":"https:\/\/roveyayinevi.com.tr\/index.php\/wp-json\/wp\/v2\/types\/product"}],"wp:attachment":[{"href":"https:\/\/roveyayinevi.com.tr\/index.php\/wp-json\/wp\/v2\/media?parent=714956"}],"wp:term":[{"taxonomy":"product_brand","embeddable":true,"href":"https:\/\/roveyayinevi.com.tr\/index.php\/wp-json\/wp\/v2\/product_brand?post=714956"},{"taxonomy":"product_cat","embeddable":true,"href":"https:\/\/roveyayinevi.com.tr\/index.php\/wp-json\/wp\/v2\/product_cat?post=714956"},{"taxonomy":"product_tag","embeddable":true,"href":"https:\/\/roveyayinevi.com.tr\/index.php\/wp-json\/wp\/v2\/product_tag?post=714956"}],"curies":[{"name":"wp","href":"https:\/\/api.w.org\/{rel}","templated":true}]}}