{"id":714955,"date":"2025-08-27T17:24:37","date_gmt":"2025-08-27T14:24:37","guid":{"rendered":"https:\/\/roveyayinevi.com.tr\/index.php\/urun\/ab-i-hayati-aramak\/"},"modified":"2026-04-16T02:23:17","modified_gmt":"2026-04-15T23:23:17","slug":"ab-i-hayati-aramak","status":"publish","type":"product","link":"https:\/\/roveyayinevi.com.tr\/index.php\/urun\/ab-i-hayati-aramak\/","title":{"rendered":"Ab-\u0131 Hayat&#8217;\u0131 Aramak"},"content":{"rendered":"<p>Atat\u00fcrk, Hacettepe ve Harvard \u00dcniversitelerinde uzun y\u0131llar \u00d6zbek\u00e7e, Osmanl\u0131 T\u00fcrk\u00e7esi ve D\u00eevan Edebiyat\u0131 dersleri vermi\u015f; edebiyat\u0131, felsefe ve mitoloji \u0131\u015f\u0131\u011f\u0131nda inceleyerek yeni bir ekol olu\u015fturmu\u015f klasik T\u00fcrk edebiyat\u0131n\u0131n \u00f6nde gelen akademisyenlerinden Prof. Dr. G\u00f6n\u00fcl Tekin\u2019e arma\u011fan edilen bu kitapla, onunla ilgili h\u00e2t\u0131ralar\u0131n yan\u0131nda yak\u0131n arkada\u015flar\u0131 ve \u00f6\u011frencileri taraf\u0131ndan dil ve edebiyat ile tarih ve sanat tarihi alanlar\u0131nda yaz\u0131lm\u0131\u015f bir makaleler se\u00e7kisi sunuluyor.  S\u00eemurg\u2019un kanad\u0131nda \u00e7\u0131kaca\u011f\u0131m\u0131z bitmek bilmeyen ilim yolculu\u011funda G\u00fcnay Kut\u2019tan Nurhan Atasoy\u2019a, \u00dclker \u0130nce ve \u0130oanna Ku\u00e7uradi\u2019den Evangelia Balta\u2019ya, Mustafa \u0130sen\u2019den \u0130senbike Togan\u2019a, Mehmet Kalpakl\u0131\u2019dan Walter Andrews\u2019a kadar pek \u00e7ok akademisyen ve ara\u015ft\u0131rmac\u0131 gerek \u015fahs\u00ee gerek m\u00fc\u015fterek olarak yazd\u0131klar\u0131 makalelerle bizlere yol g\u00f6steriyor. Abd\u00fclbaki G\u00f6lp\u0131narl\u0131\u2019n\u0131n \u2018Hay\u00e2let Kitab\u0131\u2019ndan edebiyat ve felsefe ili\u015fkisine, Yavuz Sultan Selim\u2019in yeni bulunan T\u00fcrk\u00e7e bir \u015fiirinden Osman G\u00e2z\u00ee\u2019nin kay\u0131p ikinci sikkesi ve Osmanl\u0131 kurulu\u015f tart\u0131\u015fmalar\u0131na etkisine kadar Osmanl\u0131 edebiyat\u0131, tarihi ve sanat\u0131na d\u00e2ir yaz\u0131lm\u0131\u015f bu de\u011ferli makalelerle ayn\u0131 zamanda G\u00f6n\u00fcl Tekin\u2019in \u00e7al\u0131\u015fma alanlar\u0131 da g\u00f6zler \u00f6n\u00fcne serilmi\u015f oluyor..<\/p>\n","protected":false},"excerpt":{"rendered":"<p>Atat\u00fcrk, Hacettepe ve Harvard \u00dcniversitelerinde uzun y\u0131llar \u00d6zbek\u00e7e, Osmanl\u0131 T\u00fcrk\u00e7esi ve D\u00eevan Edebiyat\u0131 dersleri vermi\u015f; edebiyat\u0131, felsefe ve mitoloji \u0131\u015f\u0131\u011f\u0131nda inceleyerek yeni bir ekol olu\u015fturmu\u015f klasik<span class=\"excerpt-hellip\"> [\u2026]<\/span><\/p>\n","protected":false},"featured_media":0,"template":"","meta":{"_monsterinsights_skip_tracking":false,"_monsterinsights_sitenote_active":false,"_monsterinsights_sitenote_note":"","_monsterinsights_sitenote_category":0},"product_brand":[],"product_cat":[12370,12304],"product_tag":[],"class_list":{"0":"post-714955","1":"product","2":"type-product","3":"status-publish","5":"product_cat-arastirma-inceleme","6":"product_cat-tarih","7":"pa_cilt-ciltsiz","8":"pa_tur-kitap","9":"pa_yayinevi-yeditepe-yayinevi","10":"pa_yazar-ozan-kolbas-ozan-ucer","12":"first","13":"instock","14":"sale","15":"shipping-taxable","16":"purchasable","17":"product-type-simple"},"_links":{"self":[{"href":"https:\/\/roveyayinevi.com.tr\/index.php\/wp-json\/wp\/v2\/product\/714955","targetHints":{"allow":["GET"]}}],"collection":[{"href":"https:\/\/roveyayinevi.com.tr\/index.php\/wp-json\/wp\/v2\/product"}],"about":[{"href":"https:\/\/roveyayinevi.com.tr\/index.php\/wp-json\/wp\/v2\/types\/product"}],"wp:attachment":[{"href":"https:\/\/roveyayinevi.com.tr\/index.php\/wp-json\/wp\/v2\/media?parent=714955"}],"wp:term":[{"taxonomy":"product_brand","embeddable":true,"href":"https:\/\/roveyayinevi.com.tr\/index.php\/wp-json\/wp\/v2\/product_brand?post=714955"},{"taxonomy":"product_cat","embeddable":true,"href":"https:\/\/roveyayinevi.com.tr\/index.php\/wp-json\/wp\/v2\/product_cat?post=714955"},{"taxonomy":"product_tag","embeddable":true,"href":"https:\/\/roveyayinevi.com.tr\/index.php\/wp-json\/wp\/v2\/product_tag?post=714955"}],"curies":[{"name":"wp","href":"https:\/\/api.w.org\/{rel}","templated":true}]}}