{"id":714953,"date":"2025-08-27T17:24:36","date_gmt":"2025-08-27T14:24:36","guid":{"rendered":"https:\/\/roveyayinevi.com.tr\/index.php\/urun\/bitkilerin-bildikleri\/"},"modified":"2026-04-16T02:23:17","modified_gmt":"2026-04-15T23:23:17","slug":"bitkilerin-bildikleri","status":"publish","type":"product","link":"https:\/\/roveyayinevi.com.tr\/index.php\/urun\/bitkilerin-bildikleri\/","title":{"rendered":"Bitkilerin Bildikleri"},"content":{"rendered":"<p>Betonun giderek ye\u015fili yuttu\u011fu g\u00fcn\u00fcm\u00fczde bile her daim bitkilerle i\u00e7 i\u00e7eyiz: Evlerimizi, balkonlar\u0131m\u0131z\u0131 onlarla s\u00fcsl\u00fcyor, sokaklarda yanlar\u0131ndan ge\u00e7iyor, parklarda onlar\u0131 seyre dal\u0131yoruz. Peki ama bitkilerin nas\u0131l bir d\u00fcnyas\u0131 oldu\u011funu hi\u00e7 d\u00fc\u015f\u00fcn\u00fcyor muyuz? Bu kitapta biyolog Daniel Chamovitz bitkilerin d\u00fcnyay\u0131 nas\u0131l deneyimlediklerini inceliyor. Charles Darwin ve \u00e7a\u011fda\u015flar\u0131ndan g\u00fcn\u00fcm\u00fcz biliminsanlar\u0131na kadar bir\u00e7ok yarat\u0131c\u0131 zihnin tasarlad\u0131\u011f\u0131 deneyler \u0131\u015f\u0131\u011f\u0131nda, bitkilerin g\u00f6rme, koklama, duyma, dokunma duyular\u0131 arac\u0131l\u0131\u011f\u0131yla neleri \u201cbildiklerini\u201d anlat\u0131yor. \u00c7e\u015fitli kimyasallar sayesinde nas\u0131l birbirleriyle \u201chaberle\u015ftiklerini\u201d, a\u015fa\u011f\u0131yla yukar\u0131y\u0131 nas\u0131l ay\u0131rt ettiklerini, dokunmaya nas\u0131l tepki verdiklerini, neler \u201chat\u0131rlad\u0131klar\u0131n\u0131\u201d ve \u00e7evrelerinin nas\u0131l \u201cfark\u0131nda olduklar\u0131n\u0131\u201d a\u00e7\u0131kl\u0131yor. B\u00f6ylece bitkilerin pek az bildi\u011fimiz zengin d\u00fcnyas\u0131n\u0131 tan\u0131mam\u0131za ve d\u00fcnyaya onlar\u0131n \u201cg\u00f6zlerinden bakmam\u0131za\u201d imk\u00e2n tan\u0131yor. \u201cBundan sonra parkta y\u00fcr\u00fcy\u00fc\u015fe \u00e7\u0131kt\u0131\u011f\u0131n\u0131zda durup kendinize sorun,\u201d diyor Chamovitz. \u201c\u00c7imenlerin aras\u0131ndaki karahindiba ne g\u00f6r\u00fcyor? Otlar hangi kokular\u0131 al\u0131yor? Me\u015fenin yapraklar\u0131na dokunun, ileride ona dokunuldu\u011funu hat\u0131rlayaca\u011f\u0131n\u0131 bilerek. Ama sizi hat\u0131rlamayacakt\u0131r. Sizse o a\u011fac\u0131 hat\u0131rlayacak ve an\u0131s\u0131n\u0131 her daim haf\u0131zan\u0131zda ya\u015fatacaks\u0131n\u0131z.<\/p>\n","protected":false},"excerpt":{"rendered":"<p>Betonun giderek ye\u015fili yuttu\u011fu g\u00fcn\u00fcm\u00fczde bile her daim bitkilerle i\u00e7 i\u00e7eyiz: Evlerimizi, balkonlar\u0131m\u0131z\u0131 onlarla s\u00fcsl\u00fcyor, sokaklarda yanlar\u0131ndan ge\u00e7iyor, parklarda onlar\u0131 seyre dal\u0131yoruz. Peki ama bitkilerin nas\u0131l<span class=\"excerpt-hellip\"> [\u2026]<\/span><\/p>\n","protected":false},"featured_media":0,"template":"","meta":{"_monsterinsights_skip_tracking":false,"_monsterinsights_sitenote_active":false,"_monsterinsights_sitenote_note":"","_monsterinsights_sitenote_category":0},"product_brand":[],"product_cat":[13005,37328],"product_tag":[],"class_list":{"0":"post-714953","1":"product","2":"type-product","3":"status-publish","5":"product_cat-bilim-muhendislik","6":"product_cat-diger-bilim-muhendislik","7":"pa_cilt-ciltsiz","8":"pa_tur-kitap","9":"pa_yayinevi-metis-yayinlari","10":"pa_yazar-daniel-chamovitz","12":"first","13":"instock","14":"sale","15":"shipping-taxable","16":"purchasable","17":"product-type-simple"},"_links":{"self":[{"href":"https:\/\/roveyayinevi.com.tr\/index.php\/wp-json\/wp\/v2\/product\/714953","targetHints":{"allow":["GET"]}}],"collection":[{"href":"https:\/\/roveyayinevi.com.tr\/index.php\/wp-json\/wp\/v2\/product"}],"about":[{"href":"https:\/\/roveyayinevi.com.tr\/index.php\/wp-json\/wp\/v2\/types\/product"}],"wp:attachment":[{"href":"https:\/\/roveyayinevi.com.tr\/index.php\/wp-json\/wp\/v2\/media?parent=714953"}],"wp:term":[{"taxonomy":"product_brand","embeddable":true,"href":"https:\/\/roveyayinevi.com.tr\/index.php\/wp-json\/wp\/v2\/product_brand?post=714953"},{"taxonomy":"product_cat","embeddable":true,"href":"https:\/\/roveyayinevi.com.tr\/index.php\/wp-json\/wp\/v2\/product_cat?post=714953"},{"taxonomy":"product_tag","embeddable":true,"href":"https:\/\/roveyayinevi.com.tr\/index.php\/wp-json\/wp\/v2\/product_tag?post=714953"}],"curies":[{"name":"wp","href":"https:\/\/api.w.org\/{rel}","templated":true}]}}