{"id":714952,"date":"2025-08-27T17:24:35","date_gmt":"2025-08-27T14:24:35","guid":{"rendered":"https:\/\/roveyayinevi.com.tr\/index.php\/urun\/caglar-bisiklet-surmeyi-ogreniyor\/"},"modified":"2026-04-12T02:28:34","modified_gmt":"2026-04-11T23:28:34","slug":"caglar-bisiklet-surmeyi-ogreniyor","status":"publish","type":"product","link":"https:\/\/roveyayinevi.com.tr\/index.php\/urun\/caglar-bisiklet-surmeyi-ogreniyor\/","title":{"rendered":"\u00c7a\u011flar Bisiklet S\u00fcrmeyi \u00d6\u011freniyor"},"content":{"rendered":"<p>\u00c7a\u011flar, art\u0131k kendisine k\u00fc\u00e7\u00fck gelen denge bisikletine binmekten s\u0131k\u0131lm\u0131\u015ft\u0131. Ger\u00e7ek bir bisiklet istiyordu. Annesiyle birlikte abisi F\u0131rat\u2019\u0131n eski bisikletini tamir ettiler.  S\u0131ra \u00c7a\u011flar\u2019\u0131n bisiklet s\u00fcrmeyi \u00f6\u011frenmesine geldi.  Bunun i\u00e7in \u00e7ok \u00e7al\u0131\u015fmas\u0131 gerekiyordu.<\/p>\n","protected":false},"excerpt":{"rendered":"<p>\u00c7a\u011flar, art\u0131k kendisine k\u00fc\u00e7\u00fck gelen denge bisikletine binmekten s\u0131k\u0131lm\u0131\u015ft\u0131. Ger\u00e7ek bir bisiklet istiyordu. Annesiyle birlikte abisi F\u0131rat\u2019\u0131n eski bisikletini tamir ettiler. S\u0131ra \u00c7a\u011flar\u2019\u0131n bisiklet s\u00fcrmeyi \u00f6\u011frenmesine<span class=\"excerpt-hellip\"> [\u2026]<\/span><\/p>\n","protected":false},"featured_media":0,"template":"","meta":{"_monsterinsights_skip_tracking":false,"_monsterinsights_sitenote_active":false,"_monsterinsights_sitenote_note":"","_monsterinsights_sitenote_category":0},"product_brand":[],"product_cat":[12274,12284],"product_tag":[],"class_list":{"0":"post-714952","1":"product","2":"type-product","3":"status-publish","5":"product_cat-cocuk-ve-genclik-kitaplari","6":"product_cat-hikayeler","7":"pa_cilt-ciltsiz","8":"pa_tur-kitap","9":"pa_yayinevi-is-bankasi-kultur-yayinlari","10":"pa_yazar-christian-tielmann","12":"first","13":"instock","14":"sale","15":"shipping-taxable","16":"purchasable","17":"product-type-simple"},"_links":{"self":[{"href":"https:\/\/roveyayinevi.com.tr\/index.php\/wp-json\/wp\/v2\/product\/714952","targetHints":{"allow":["GET"]}}],"collection":[{"href":"https:\/\/roveyayinevi.com.tr\/index.php\/wp-json\/wp\/v2\/product"}],"about":[{"href":"https:\/\/roveyayinevi.com.tr\/index.php\/wp-json\/wp\/v2\/types\/product"}],"wp:attachment":[{"href":"https:\/\/roveyayinevi.com.tr\/index.php\/wp-json\/wp\/v2\/media?parent=714952"}],"wp:term":[{"taxonomy":"product_brand","embeddable":true,"href":"https:\/\/roveyayinevi.com.tr\/index.php\/wp-json\/wp\/v2\/product_brand?post=714952"},{"taxonomy":"product_cat","embeddable":true,"href":"https:\/\/roveyayinevi.com.tr\/index.php\/wp-json\/wp\/v2\/product_cat?post=714952"},{"taxonomy":"product_tag","embeddable":true,"href":"https:\/\/roveyayinevi.com.tr\/index.php\/wp-json\/wp\/v2\/product_tag?post=714952"}],"curies":[{"name":"wp","href":"https:\/\/api.w.org\/{rel}","templated":true}]}}