{"id":714951,"date":"2025-08-27T17:24:35","date_gmt":"2025-08-27T14:24:35","guid":{"rendered":"https:\/\/roveyayinevi.com.tr\/index.php\/urun\/cocuklarda-asiri-kaygi-ve-kaygi-azaltma-yontemleri\/"},"modified":"2026-04-16T02:23:17","modified_gmt":"2026-04-15T23:23:17","slug":"cocuklarda-asiri-kaygi-ve-kaygi-azaltma-yontemleri","status":"publish","type":"product","link":"https:\/\/roveyayinevi.com.tr\/index.php\/urun\/cocuklarda-asiri-kaygi-ve-kaygi-azaltma-yontemleri\/","title":{"rendered":"\u00c7ocuklarda A\u015f\u0131r\u0131 Kayg\u0131 ve Kayg\u0131 Azaltma Y\u00f6ntemleri"},"content":{"rendered":"<p>Sevecen bir dille ve bilgelikle yaz\u0131lm\u0131\u015f k\u0131lavuz niteli\u011findeki bu kitap kayg\u0131n\u0131n \u00e7ocuklar\u0131 nas\u0131l etkiledi\u011fine y\u00f6nelik a\u00e7\u0131klamalar sunuyor; yeti\u015fkinlerin, kayg\u0131 ve korkular\u0131n\u0131n \u00fcstesinden gelmelerinde \u00e7ocuklara nas\u0131l yard\u0131m edebileceklerine dair ayr\u0131nt\u0131l\u0131 \u00f6neriler getiriyor. Farkl\u0131 ya\u015flara ve \u00f6\u011frenme tarz\u0131na sahip \u00e7ocuklar i\u00e7in uyarlanabilecek \u00e7arp\u0131c\u0131 vaka \u00f6rnekleri ve zengin \u00e7e\u015fitlilikte stratejiler i\u00e7eren bu kitab\u0131n anne babalar ve \u00f6\u011fretmenleri i\u00e7in benzersiz bir kaynak olaca\u011f\u0131na inan\u0131yoruz.  <\/p>\n","protected":false},"excerpt":{"rendered":"<p>Sevecen bir dille ve bilgelikle yaz\u0131lm\u0131\u015f k\u0131lavuz niteli\u011findeki bu kitap kayg\u0131n\u0131n \u00e7ocuklar\u0131 nas\u0131l etkiledi\u011fine y\u00f6nelik a\u00e7\u0131klamalar sunuyor; yeti\u015fkinlerin, kayg\u0131 ve korkular\u0131n\u0131n \u00fcstesinden gelmelerinde \u00e7ocuklara nas\u0131l yard\u0131m<span class=\"excerpt-hellip\"> [\u2026]<\/span><\/p>\n","protected":false},"featured_media":0,"template":"","meta":{"_monsterinsights_skip_tracking":false,"_monsterinsights_sitenote_active":false,"_monsterinsights_sitenote_note":"","_monsterinsights_sitenote_category":0},"product_brand":[],"product_cat":[12357],"product_tag":[],"class_list":{"0":"post-714951","1":"product","2":"type-product","3":"status-publish","5":"product_cat-psikoloji","6":"pa_cilt-ciltsiz","7":"pa_tur-kitap","8":"pa_yayinevi-is-bankasi-kultur-yayinlari","9":"pa_yazar-kolektif","11":"first","12":"instock","13":"sale","14":"shipping-taxable","15":"purchasable","16":"product-type-simple"},"_links":{"self":[{"href":"https:\/\/roveyayinevi.com.tr\/index.php\/wp-json\/wp\/v2\/product\/714951","targetHints":{"allow":["GET"]}}],"collection":[{"href":"https:\/\/roveyayinevi.com.tr\/index.php\/wp-json\/wp\/v2\/product"}],"about":[{"href":"https:\/\/roveyayinevi.com.tr\/index.php\/wp-json\/wp\/v2\/types\/product"}],"wp:attachment":[{"href":"https:\/\/roveyayinevi.com.tr\/index.php\/wp-json\/wp\/v2\/media?parent=714951"}],"wp:term":[{"taxonomy":"product_brand","embeddable":true,"href":"https:\/\/roveyayinevi.com.tr\/index.php\/wp-json\/wp\/v2\/product_brand?post=714951"},{"taxonomy":"product_cat","embeddable":true,"href":"https:\/\/roveyayinevi.com.tr\/index.php\/wp-json\/wp\/v2\/product_cat?post=714951"},{"taxonomy":"product_tag","embeddable":true,"href":"https:\/\/roveyayinevi.com.tr\/index.php\/wp-json\/wp\/v2\/product_tag?post=714951"}],"curies":[{"name":"wp","href":"https:\/\/api.w.org\/{rel}","templated":true}]}}