{"id":714949,"date":"2025-08-27T17:24:33","date_gmt":"2025-08-27T14:24:33","guid":{"rendered":"https:\/\/roveyayinevi.com.tr\/index.php\/urun\/boborildo-problemleri\/"},"modified":"2026-04-03T02:29:31","modified_gmt":"2026-04-02T23:29:31","slug":"boborildo-problemleri","status":"publish","type":"product","link":"https:\/\/roveyayinevi.com.tr\/index.php\/urun\/boborildo-problemleri\/","title":{"rendered":"Boborildo Problemleri"},"content":{"rendered":"<p>\u015eair K\u0131sakulak ile Bay Mucitta\u015f ve Ailesi isimli kitaplar\u0131ndan tan\u0131d\u0131\u011f\u0131m\u0131z \u00f6d\u00fcll\u00fc yazar ve \u00e7izer Eva Furnari yine matrak bir d\u00fcnyadan sesleniyor.Boborildo Problemleri\u2019nde, kendilerine her daim problem \u00e7\u0131karmak ve ortal\u0131\u011f\u0131 birbirine katmak gibi k\u00f6t\u00fc huylar\u0131 bulunan sevimli Boborildolar\u0131n g\u00fcnl\u00fck ya\u015fant\u0131lar\u0131ndan kesitler sunan ele avuca s\u0131\u011fmaz bir \u00f6yk\u00fc anlat\u0131l\u0131yor.7 ya\u015f ve \u00fczeri \u00e7ocuklar, merakl\u0131 Boborildolar\u0131n birbirinden komik problemlerine matematiksel ve mant\u0131ksal \u00e7\u00f6z\u00fcmler bulmaya \u00e7al\u0131\u015f\u0131rken hem e\u011fleniyor hem de zek\u00e2lar\u0131n\u0131 ve hayal g\u00fc\u00e7lerini geli\u015ftirme f\u0131rsat\u0131 yakal\u0131yorlar.Problem \u00e7\u00f6zmek \u00e7ocuk oyunca\u011f\u0131! Peki ya Boborildo Problemlerini \u00e7\u00f6zmek? Pek \u00e7oklar\u0131 i\u00e7in fena halde ak\u0131l almaz, s\u0131rad\u0131\u015f\u0131 ve karma\u015f\u0131klar. \u00dcstelik alabildi\u011fine de komikler!..Yal\u0131n \u00e7izgilerini mizahtan beslenen evrensel \u00f6yk\u00fclerle bulu\u015fturan Eva Furnari, Boborildo Problemleri ile bu kez okurlar\u0131n\u0131 hik\u00e2yenin bir par\u00e7as\u0131 olmaya \u00e7a\u011f\u0131r\u0131yor! \u00d6yle ki; kitapseverler, y\u00fczlerine yerle\u015fen kocaman bir g\u00fcl\u00fcmsemeyle kendilerini Momofo, Dodomilo, Toberto ve di\u011fer Boborildolar\u0131n problemlerine \u00e7\u00f6z\u00fcm \u00fcretmekten al\u0131koyam\u0131yorlar. \u00d6zg\u00fcn hik\u00e2yesi ve pastel tonlardaki resimleriyle dikkati \u00e7eken Boborildo Problemleri, bilim ve matematik gibi konulara de\u011finen e\u011flenceli anlat\u0131m\u0131n\u0131n yan\u0131 s\u0131ra okurlar\u0131na y\u00f6neltti\u011fi a\u00e7\u0131k u\u00e7lu sorular sayesinde \u00e7ocuklar\u0131n hayal g\u00fc\u00e7lerini ve mant\u0131k y\u00fcr\u00fctme becerilerini geli\u015ftirmeye katk\u0131 sa\u011fl\u0131yor.<\/p>\n","protected":false},"excerpt":{"rendered":"<p>\u015eair K\u0131sakulak ile Bay Mucitta\u015f ve Ailesi isimli kitaplar\u0131ndan tan\u0131d\u0131\u011f\u0131m\u0131z \u00f6d\u00fcll\u00fc yazar ve \u00e7izer Eva Furnari yine matrak bir d\u00fcnyadan sesleniyor.Boborildo Problemleri\u2019nde, kendilerine her daim problem<span class=\"excerpt-hellip\"> [\u2026]<\/span><\/p>\n","protected":false},"featured_media":0,"template":"","meta":{"_monsterinsights_skip_tracking":false,"_monsterinsights_sitenote_active":false,"_monsterinsights_sitenote_note":"","_monsterinsights_sitenote_category":0},"product_brand":[],"product_cat":[12274,12284],"product_tag":[],"class_list":{"0":"post-714949","1":"product","2":"type-product","3":"status-publish","5":"product_cat-cocuk-ve-genclik-kitaplari","6":"product_cat-hikayeler","7":"pa_cilt-ciltsiz","8":"pa_tur-kitap","9":"pa_yayinevi-tudem-yayinlari","10":"pa_yazar-eva-furnari","12":"first","13":"instock","14":"sale","15":"shipping-taxable","16":"purchasable","17":"product-type-simple"},"_links":{"self":[{"href":"https:\/\/roveyayinevi.com.tr\/index.php\/wp-json\/wp\/v2\/product\/714949","targetHints":{"allow":["GET"]}}],"collection":[{"href":"https:\/\/roveyayinevi.com.tr\/index.php\/wp-json\/wp\/v2\/product"}],"about":[{"href":"https:\/\/roveyayinevi.com.tr\/index.php\/wp-json\/wp\/v2\/types\/product"}],"wp:attachment":[{"href":"https:\/\/roveyayinevi.com.tr\/index.php\/wp-json\/wp\/v2\/media?parent=714949"}],"wp:term":[{"taxonomy":"product_brand","embeddable":true,"href":"https:\/\/roveyayinevi.com.tr\/index.php\/wp-json\/wp\/v2\/product_brand?post=714949"},{"taxonomy":"product_cat","embeddable":true,"href":"https:\/\/roveyayinevi.com.tr\/index.php\/wp-json\/wp\/v2\/product_cat?post=714949"},{"taxonomy":"product_tag","embeddable":true,"href":"https:\/\/roveyayinevi.com.tr\/index.php\/wp-json\/wp\/v2\/product_tag?post=714949"}],"curies":[{"name":"wp","href":"https:\/\/api.w.org\/{rel}","templated":true}]}}