{"id":714945,"date":"2025-08-27T17:24:31","date_gmt":"2025-08-27T14:24:31","guid":{"rendered":"https:\/\/roveyayinevi.com.tr\/index.php\/urun\/bilinmeyen-hitler\/"},"modified":"2026-04-16T02:23:17","modified_gmt":"2026-04-15T23:23:17","slug":"bilinmeyen-hitler","status":"publish","type":"product","link":"https:\/\/roveyayinevi.com.tr\/index.php\/urun\/bilinmeyen-hitler\/","title":{"rendered":"Bilinmeyen Hitler"},"content":{"rendered":"<p>\u0130sa Mesih\u2019ten sonra hakk\u0131nda en \u00e7ok yay\u0131n yap\u0131lan ki\u015fi Adolf Hitler\u2019le ilgili \u201cyeni\u201d ve \u201cbilinmeyen\u201d ne kalm\u0131\u015ft\u0131r? Yeni ve bilinmeyen pek \u00e7ok olay tarihin sis perdesi ard\u0131nda g\u00fcn \u0131\u015f\u0131\u011f\u0131na \u00e7\u0131kar\u0131lmay\u0131 bekliyor \u00e7\u00fcnk\u00fc bir\u00e7ok belge uzun y\u0131llard\u0131r kamuoyundan gizleniyor. \u00d6zellikle 1991 y\u0131l\u0131ndan sonra a\u00e7\u0131klanmaya ba\u015flanan belgelerin \u00e7o\u011fu, tarih\u00e7iler taraf\u0131ndan y\u0131llard\u0131r kesin \u201cdo\u011fru\u201d kabul edilen bir\u00e7ok bilgi ve yorumun ge\u00e7ersiz oldu\u011funu ortaya \u00e7\u0131kard\u0131. Aytun\u00e7 Alt\u0131ndal, B\u0130L\u0130NMEYEN H\u0130TLER\u2019deki \u201cyeni\u201d belgeler, bulgular ve bilgilerle iktidara geldi\u011fi 1933 y\u0131l\u0131na kadar Hitler\u2019in hayat\u0131ndan kesitler sunuyor. \u201cHitler\u2019in bir i\u015f kazas\u0131\u201d olmad\u0131\u011f\u0131n\u0131, Nazilere yolunu a\u00e7an esrarengiz bir Ok\u00fclt \u00f6rg\u00fctle ili\u015fkilerini, bu \u00f6rg\u00fct\u00fcn kurucu ve y\u00f6neticisinin hi\u00e7 de\u011finilmemi\u015f y\u00f6nlerini g\u00fcn \u0131\u015f\u0131\u011f\u0131na \u00e7\u0131kar\u0131yor. \u201cThule Gessellschaft\u201d ad\u0131yla bilinen bu gizli \u00f6rg\u00fct\u00fcn kurucusu Baron Rudolf von Sebottendorff, \u00e7ift tarafl\u0131 bir casus ve ayn\u0131 zamanda Bekta\u015fi ve Mason\u2019du. Tarih\u00e7ilerden kendisini on y\u0131llarca gizlemeyi ba\u015faran Hitler\u2019in \u201cyol g\u00f6stericisi\u201d ve \u201crakibi\u201d olan Sebottendorff T\u00fcrk vatanda\u015f\u0131yd\u0131 ve Hitler\u2019i iktidara getiren esrarengiz \u00f6rg\u00fct\u00fc ilk kez \u0130stanbul\u2019da kurmu\u015ftu. Hitler\u2019in hi\u00e7 bilinmeyen bu y\u00f6n\u00fcn\u00fc Alman ve \u0130srailli ara\u015ft\u0131rmac\u0131lar da ilk kez bu kitaptaki belgelerden \u00f6\u011frenmi\u015flerdir. <\/p>\n","protected":false},"excerpt":{"rendered":"<p>\u0130sa Mesih\u2019ten sonra hakk\u0131nda en \u00e7ok yay\u0131n yap\u0131lan ki\u015fi Adolf Hitler\u2019le ilgili \u201cyeni\u201d ve \u201cbilinmeyen\u201d ne kalm\u0131\u015ft\u0131r? Yeni ve bilinmeyen pek \u00e7ok olay tarihin sis perdesi<span class=\"excerpt-hellip\"> [\u2026]<\/span><\/p>\n","protected":false},"featured_media":0,"template":"","meta":{"_monsterinsights_skip_tracking":false,"_monsterinsights_sitenote_active":false,"_monsterinsights_sitenote_note":"","_monsterinsights_sitenote_category":0},"product_brand":[],"product_cat":[52477],"product_tag":[],"class_list":{"0":"post-714945","1":"product","2":"type-product","3":"status-publish","5":"product_cat-arastirma","6":"pa_cilt-ciltsiz","7":"pa_tur-kitap","8":"pa_yayinevi-destek-yayinlari","9":"pa_yazar-aytunc-altindal","11":"first","12":"instock","13":"sale","14":"shipping-taxable","15":"purchasable","16":"product-type-simple"},"_links":{"self":[{"href":"https:\/\/roveyayinevi.com.tr\/index.php\/wp-json\/wp\/v2\/product\/714945","targetHints":{"allow":["GET"]}}],"collection":[{"href":"https:\/\/roveyayinevi.com.tr\/index.php\/wp-json\/wp\/v2\/product"}],"about":[{"href":"https:\/\/roveyayinevi.com.tr\/index.php\/wp-json\/wp\/v2\/types\/product"}],"wp:attachment":[{"href":"https:\/\/roveyayinevi.com.tr\/index.php\/wp-json\/wp\/v2\/media?parent=714945"}],"wp:term":[{"taxonomy":"product_brand","embeddable":true,"href":"https:\/\/roveyayinevi.com.tr\/index.php\/wp-json\/wp\/v2\/product_brand?post=714945"},{"taxonomy":"product_cat","embeddable":true,"href":"https:\/\/roveyayinevi.com.tr\/index.php\/wp-json\/wp\/v2\/product_cat?post=714945"},{"taxonomy":"product_tag","embeddable":true,"href":"https:\/\/roveyayinevi.com.tr\/index.php\/wp-json\/wp\/v2\/product_tag?post=714945"}],"curies":[{"name":"wp","href":"https:\/\/api.w.org\/{rel}","templated":true}]}}