{"id":714943,"date":"2025-08-27T17:24:29","date_gmt":"2025-08-27T14:24:29","guid":{"rendered":"https:\/\/roveyayinevi.com.tr\/index.php\/urun\/yurek-burgusu-2\/"},"modified":"2026-04-16T02:23:17","modified_gmt":"2026-04-15T23:23:17","slug":"yurek-burgusu-2","status":"publish","type":"product","link":"https:\/\/roveyayinevi.com.tr\/index.php\/urun\/yurek-burgusu-2\/","title":{"rendered":"Y\u00fcrek Burgusu"},"content":{"rendered":"<p>\u201cSon y\u00fcz senede yaz\u0131lm\u0131\u015f en iyi do\u011fa\u00fcst\u00fc korku romanlar\u0131ndan biri.\u201d Stephen King \u00dc\u00e7 kere Nobel Edebiyat \u00d6d\u00fcl\u00fc\u2019ne aday g\u00f6sterilen Henry James, \u0130ngiliz dilinin en \u00f6nemli yazarlar\u0131ndan biri. Bir gotik eser olan Y\u00fcrek Burgusu da ustaca kurgulanm\u0131\u015f karakterleri ve u\u011fursuz atmosferiyle, edebiyattaki en me\u015fhur hayalet anlat\u0131lar\u0131ndan. Gen\u00e7 bir m\u00fcrebbiye iki \u00e7ocu\u011fa e\u011fitim vermek i\u00e7in k\u0131rsaldaki bir kona\u011fa yerle\u015fir. \u0130ki hayaletin, kendilerini g\u00f6stermeye ba\u015flamas\u0131yla konakta ge\u00e7en mesut g\u00fcnler giderek daha tekinsiz bir hal al\u0131r. \u00c7ocuklar\u0131 bu korkun\u00e7 g\u00f6r\u00fcnt\u00fclerden korumaya \u00e7al\u0131\u015fan m\u00fcrebbiyeyse hayaletlerden daha korkun\u00e7 bir ger\u00e7eklikle y\u00fczle\u015fmek zorunda kalacakt\u0131r. Bu hayaletler m\u00fcrebbiyenin sanr\u0131lar\u0131ndan m\u0131 ibarettir yoksa konak ger\u00e7ekten lanetli midir? <\/p>\n","protected":false},"excerpt":{"rendered":"<p>\u201cSon y\u00fcz senede yaz\u0131lm\u0131\u015f en iyi do\u011fa\u00fcst\u00fc korku romanlar\u0131ndan biri.\u201d Stephen King \u00dc\u00e7 kere Nobel Edebiyat \u00d6d\u00fcl\u00fc\u2019ne aday g\u00f6sterilen Henry James, \u0130ngiliz dilinin en \u00f6nemli yazarlar\u0131ndan<span class=\"excerpt-hellip\"> [\u2026]<\/span><\/p>\n","protected":false},"featured_media":0,"template":"","meta":{"_monsterinsights_skip_tracking":false,"_monsterinsights_sitenote_active":false,"_monsterinsights_sitenote_note":"","_monsterinsights_sitenote_category":0},"product_brand":[],"product_cat":[12291,17033],"product_tag":[],"class_list":{"0":"post-714943","1":"product","2":"type-product","3":"status-publish","5":"product_cat-edebiyat","6":"product_cat-korku-gerilim","7":"pa_cilt-ciltsiz","8":"pa_tur-kitap","9":"pa_yayinevi-ithaki-yayinlari","10":"pa_yazar-henry-james","12":"first","13":"instock","14":"sale","15":"shipping-taxable","16":"purchasable","17":"product-type-simple"},"_links":{"self":[{"href":"https:\/\/roveyayinevi.com.tr\/index.php\/wp-json\/wp\/v2\/product\/714943","targetHints":{"allow":["GET"]}}],"collection":[{"href":"https:\/\/roveyayinevi.com.tr\/index.php\/wp-json\/wp\/v2\/product"}],"about":[{"href":"https:\/\/roveyayinevi.com.tr\/index.php\/wp-json\/wp\/v2\/types\/product"}],"wp:attachment":[{"href":"https:\/\/roveyayinevi.com.tr\/index.php\/wp-json\/wp\/v2\/media?parent=714943"}],"wp:term":[{"taxonomy":"product_brand","embeddable":true,"href":"https:\/\/roveyayinevi.com.tr\/index.php\/wp-json\/wp\/v2\/product_brand?post=714943"},{"taxonomy":"product_cat","embeddable":true,"href":"https:\/\/roveyayinevi.com.tr\/index.php\/wp-json\/wp\/v2\/product_cat?post=714943"},{"taxonomy":"product_tag","embeddable":true,"href":"https:\/\/roveyayinevi.com.tr\/index.php\/wp-json\/wp\/v2\/product_tag?post=714943"}],"curies":[{"name":"wp","href":"https:\/\/api.w.org\/{rel}","templated":true}]}}