{"id":714942,"date":"2025-08-27T17:24:29","date_gmt":"2025-08-27T14:24:29","guid":{"rendered":"https:\/\/roveyayinevi.com.tr\/index.php\/urun\/mars-yilliklari\/"},"modified":"2026-04-16T02:23:17","modified_gmt":"2026-04-15T23:23:17","slug":"mars-yilliklari","status":"publish","type":"product","link":"https:\/\/roveyayinevi.com.tr\/index.php\/urun\/mars-yilliklari\/","title":{"rendered":"Mars Y\u0131ll\u0131klar\u0131"},"content":{"rendered":"<p>\u201cBiz D\u00fcnyal\u0131lar, B\u00fcy\u00fck Ve G\u00fczel \u015eeyleri Y\u0131kmak Konusunda H\u00fcnerliyizdir.&#8221; Ray Bradbury sadece bilimkurgunun de\u011fil fantastik edebiyat\u0131n ve korkunun da yirminci y\u00fczy\u0131ldaki ustalar\u0131ndan biri. Bilimkurgunun \u201ciyi edebiyat\u201d da olabilece\u011fini kan\u0131tlayan belki de ilk yazar. 1950\u2019de yay\u0131mlanan Mars Y\u0131ll\u0131klar\u0131 ise insana dair yaz\u0131lm\u0131\u015f en naif ve en karanl\u0131k eserlerden biri. \u0130nsanl\u0131k atom sava\u015flar\u0131n\u0131n g\u00f6lgesindeki, sorunlarla bo\u011fu\u015fan D\u00fcnya\u2019y\u0131 terk etmek i\u00e7in Mars\u2019ta koloni kurmaya karar verir. \u0130lk roketler umut dolu k\u0131z\u0131l gezegene ini\u015f yapt\u0131klar\u0131nda yolcular hi\u00e7 beklemedikleri sorunlarla kar\u015f\u0131 kar\u015f\u0131ya kal\u0131r. Mars\u2019ta yaln\u0131z de\u011fillerdir. Marsl\u0131lar \u015fekil de\u011fi\u015ftiren, zihin okuyan, belirli bir geli\u015fmi\u015flik seviyesine eri\u015fmi\u015f canl\u0131lard\u0131r ve gezegene gelen bu istenmeyen ziyaret\u00e7iler i\u00e7in orada yeni bir hayat kurmak hi\u00e7 kolay olmayacakt\u0131r. Bradbury\u2019nin yer yer \u00fcrk\u00fct\u00fcc\u00fc yer yer dramatik anlat\u0131m\u0131 da burada sahne al\u0131r. Irk\u00e7\u0131l\u0131k ve h\u00fcmanizm gibi fikirler Mars\u2019ta kendine yer bulur. Yazar, \u00e2deta tarihle ve insanl\u0131kla y\u00fczle\u015fir. Bilimkurgu edebiyat\u0131n\u0131n en \u00f6nemli eserlerinden Mars Y\u0131ll\u0131klar\u0131, okura insanl\u0131\u011f\u0131n nihai d\u00fc\u015fmandan nereye giderse gitsin kurtulamayaca\u011f\u0131n\u0131 sert ve vurucu bir bi\u00e7imde anlat\u0131yor: Kendisinden. <\/p>\n","protected":false},"excerpt":{"rendered":"<p>\u201cBiz D\u00fcnyal\u0131lar, B\u00fcy\u00fck Ve G\u00fczel \u015eeyleri Y\u0131kmak Konusunda H\u00fcnerliyizdir.&#8221; Ray Bradbury sadece bilimkurgunun de\u011fil fantastik edebiyat\u0131n ve korkunun da yirminci y\u00fczy\u0131ldaki ustalar\u0131ndan biri. Bilimkurgunun \u201ciyi edebiyat\u201d<span class=\"excerpt-hellip\"> [\u2026]<\/span><\/p>\n","protected":false},"featured_media":0,"template":"","meta":{"_monsterinsights_skip_tracking":false,"_monsterinsights_sitenote_active":false,"_monsterinsights_sitenote_note":"","_monsterinsights_sitenote_category":0},"product_brand":[],"product_cat":[13005,37328],"product_tag":[],"class_list":{"0":"post-714942","1":"product","2":"type-product","3":"status-publish","5":"product_cat-bilim-muhendislik","6":"product_cat-diger-bilim-muhendislik","7":"pa_cilt-ciltsiz","8":"pa_tur-kitap","9":"pa_yayinevi-ithaki-yayinlari","10":"pa_yazar-ray-bradbury","12":"first","13":"instock","14":"sale","15":"shipping-taxable","16":"purchasable","17":"product-type-simple"},"_links":{"self":[{"href":"https:\/\/roveyayinevi.com.tr\/index.php\/wp-json\/wp\/v2\/product\/714942","targetHints":{"allow":["GET"]}}],"collection":[{"href":"https:\/\/roveyayinevi.com.tr\/index.php\/wp-json\/wp\/v2\/product"}],"about":[{"href":"https:\/\/roveyayinevi.com.tr\/index.php\/wp-json\/wp\/v2\/types\/product"}],"wp:attachment":[{"href":"https:\/\/roveyayinevi.com.tr\/index.php\/wp-json\/wp\/v2\/media?parent=714942"}],"wp:term":[{"taxonomy":"product_brand","embeddable":true,"href":"https:\/\/roveyayinevi.com.tr\/index.php\/wp-json\/wp\/v2\/product_brand?post=714942"},{"taxonomy":"product_cat","embeddable":true,"href":"https:\/\/roveyayinevi.com.tr\/index.php\/wp-json\/wp\/v2\/product_cat?post=714942"},{"taxonomy":"product_tag","embeddable":true,"href":"https:\/\/roveyayinevi.com.tr\/index.php\/wp-json\/wp\/v2\/product_tag?post=714942"}],"curies":[{"name":"wp","href":"https:\/\/api.w.org\/{rel}","templated":true}]}}